{"id":24798,"date":"2020-03-26T13:49:30","date_gmt":"2020-03-26T18:49:30","guid":{"rendered":"https:\/\/www.grandsalondeguitare.com\/product\/a-170-ns-artist-capo-classical\/"},"modified":"2022-03-25T16:29:52","modified_gmt":"2022-03-25T21:29:52","slug":"a-170-ns-artist-capo-classical","status":"publish","type":"product","link":"https:\/\/www.grandsalondeguitare.com\/fr\/produit\/a-170-ns-artist-capo-classical\/","title":{"rendered":"A-170, Capo Classique \u00ab\u00a0NS Artist\u00a0\u00bb"},"content":{"rendered":"","protected":false},"excerpt":{"rendered":"<p>Capo pour guitare classique<\/p>\n<p>R\u00e9glage microm\u00e9trique de la tension<\/p>\n<p>Construction l\u00e9g\u00e8re en aluminium de qualit\u00e9 a\u00e9ronautique<\/p>\n<p>Comprend un support d&rsquo;accordeur NS Micro<\/p>\n<p>Porte-pic int\u00e9gr\u00e9<\/p>\n<p>G\u00e2chette facile \u00e0 utiliser<\/p>\n","protected":false},"featured_media":14859,"comment_status":"closed","ping_status":"closed","template":"","meta":{"_mo_disable_npp":""},"product_brand":[],"product_cat":[1052,1480],"product_tag":[1481,1482],"class_list":{"0":"post-24798","1":"product","2":"type-product","3":"status-publish","4":"has-post-thumbnail","6":"product_cat-accessoires","7":"product_cat-capos","8":"product_tag-artist-classical-guitar-capo-fr","9":"product_tag-guitar-capo-with-tuner-holder-fr","10":"sales-flash-overlay","11":"woocommerce-text-align-left","12":"woocommerce-image-align-center","13":"do-quantity-buttons","14":"wc-has-gallery","16":"first","17":"instock","18":"taxable","19":"shipping-taxable","20":"purchasable","21":"product-type-simple"},"_links":{"self":[{"href":"https:\/\/www.grandsalondeguitare.com\/fr\/wp-json\/wp\/v2\/product\/24798","targetHints":{"allow":["GET"]}}],"collection":[{"href":"https:\/\/www.grandsalondeguitare.com\/fr\/wp-json\/wp\/v2\/product"}],"about":[{"href":"https:\/\/www.grandsalondeguitare.com\/fr\/wp-json\/wp\/v2\/types\/product"}],"replies":[{"embeddable":true,"href":"https:\/\/www.grandsalondeguitare.com\/fr\/wp-json\/wp\/v2\/comments?post=24798"}],"wp:featuredmedia":[{"embeddable":true,"href":"https:\/\/www.grandsalondeguitare.com\/fr\/wp-json\/wp\/v2\/media\/14859"}],"wp:attachment":[{"href":"https:\/\/www.grandsalondeguitare.com\/fr\/wp-json\/wp\/v2\/media?parent=24798"}],"wp:term":[{"taxonomy":"product_brand","embeddable":true,"href":"https:\/\/www.grandsalondeguitare.com\/fr\/wp-json\/wp\/v2\/product_brand?post=24798"},{"taxonomy":"product_cat","embeddable":true,"href":"https:\/\/www.grandsalondeguitare.com\/fr\/wp-json\/wp\/v2\/product_cat?post=24798"},{"taxonomy":"product_tag","embeddable":true,"href":"https:\/\/www.grandsalondeguitare.com\/fr\/wp-json\/wp\/v2\/product_tag?post=24798"}],"curies":[{"name":"wp","href":"https:\/\/api.w.org\/{rel}","templated":true}]}}