{"id":24765,"date":"2020-05-26T14:08:04","date_gmt":"2020-05-26T19:08:04","guid":{"rendered":"https:\/\/www.grandsalondeguitare.com\/product\/c-506-wolfgang-jellinghaus-germany\/"},"modified":"2025-11-19T10:02:21","modified_gmt":"2025-11-19T15:02:21","slug":"c-506-wolfgang-jellinghaus-germany","status":"publish","type":"product","link":"https:\/\/www.grandsalondeguitare.com\/fr\/produit\/c-506-wolfgang-jellinghaus-germany\/","title":{"rendered":"C-506, Jellinghaus \u00ab\u00a0Modelo 77\u00a0\u00bb (\u00c9rable)"},"content":{"rendered":"<p>Antonio De Torres (1817-1892)<\/p>\n<p>Nouvelle r\u00e9plique Wolfgang Jellinghaus<\/p>\n<p>\u00a0\u00bb Mod\u00e8le 77 \u00a0\u00bb<\/p>\n<p>\u00c9chelle de 610 mm avec\u00a0sillet de 48 mm<\/p>\n<p>Table en \u00e9pic\u00e9a Allemande<\/p>\n<p>Dos et \u00e9clisses en \u00c9rable<\/p>\n<p>Manche en c\u00e8dre<\/p>\n<p>Touche en \u00e9b\u00e8ne<\/p>\n<p>Rosace en bois<\/p>\n<p>Chevalet et placage de la tete en Granadilo<\/p>\n<p>Sillet d&rsquo;os<\/p>\n<p>M\u00e9caniques Der Jung<\/p>\n<p>Finitions laqu\u00e9es<\/p>\n<p>\u00c9tui rigide fait sur mesure inclus<\/p>\n<p>&nbsp;<\/p>\n<p>La longueur du corps est de 42,2 cm<\/p>\n<p>Profondeur du corps 7.7 cm<\/p>\n<p>Le bout sup\u00e9rieur est de 21 cm<\/p>\n<p>Le bout inf\u00e9rieur est de 28,3 cm<\/p>\n<p>La longueur totale est de 91 cm<\/p>\n<p>Le poids de la guitare est de 1 kg<\/p>\n<p>&nbsp;<\/p>\n<p>Veuillez noter que les photos utilis\u00e9es pour ce mod\u00e8le sont g\u00e9n\u00e9rique, la guitare exacte illustr\u00e9e n&rsquo;est plus disponible, la nouvelle guitare offerte diff\u00e9rera l\u00e9g\u00e8rement des images actuelles\u2026<\/p>\n<p>Fabriqu\u00e9 au Milestone Luthier Center, fond\u00e9 en 2013 par Wolfgang Jellinghaus &amp; Michael Zhang.<\/p>\n<p>L&rsquo;objectif du Milestone Luthier Center est de reconstruire l&rsquo;histoire de la fabrication de guitares classiques en s\u00e9lectionnant six ma\u00eetres luthiers diff\u00e9rents des 230 derni\u00e8res ann\u00e9es qui ont \u00e9tabli de nouvelles normes pour la fabrication de guitares en termes de construction et de son.<\/p>\n<p>Le centre de R &amp; D est \u00e0 Dortmund en Allemagne et l&rsquo;atelier de fabrication de guitares est \u00e0 Guangzhou en Chine<\/p>\n<p>Nous sommes fiers d&rsquo;\u00eatre le revendeur Canadien officiel des guitares Wolfgang Jellinghaus<\/p>\n","protected":false},"excerpt":{"rendered":"[youtube v=l2Z-Vzm5WmU maxwidth=\"800px\"]\n<p>&nbsp;<\/p>\n<p>Wolfgang s&rsquo;est inspir\u00e9 pour cette guitare du Modelo 77 qu&rsquo;Antonio Torres a construit en 1884 pour la \u00ab\u00a0famille Cano\u00a0\u00bb<\/p>\n<p>Cette riche famille a fait en sorte que ces sublimes instruments du ma\u00eetre luthier se retrouvent entre les mains des meilleurs guitaristes de l&rsquo;\u00e9poque, comme Tarrega !!!<\/p>\n<p>Cette r\u00e9plique de Torres n&rsquo;est pas une copie servile, mais une belle interpr\u00e9tation moderne, que vous pourrez non seulement admirer mais surtout, jouer !!<\/p>\n","protected":false},"featured_media":15247,"comment_status":"closed","ping_status":"closed","template":"","meta":{"_mo_disable_npp":""},"product_brand":[],"product_cat":[1058,1057],"product_tag":[1429,1430,1431,1432,1433],"class_list":{"0":"post-24765","1":"product","2":"type-product","3":"status-publish","4":"has-post-thumbnail","6":"product_cat-guitares","7":"product_cat-guitares-classique","8":"product_tag-antonio-de-torres-guitars-fr","9":"product_tag-hand-made-torres-guitar-replicas-fr","10":"product_tag-modelo-77-replica-torres-guitars-fr","11":"product_tag-torres-guitar-replicas-fr","12":"product_tag-torres-guitars-montreal-canada-fr","13":"sales-flash-overlay","14":"woocommerce-text-align-left","15":"woocommerce-image-align-center","16":"do-quantity-buttons","17":"wc-has-gallery","19":"first","20":"onbackorder","21":"sold-individually","22":"taxable","23":"shipping-taxable","24":"purchasable","25":"product-type-simple"},"_links":{"self":[{"href":"https:\/\/www.grandsalondeguitare.com\/fr\/wp-json\/wp\/v2\/product\/24765","targetHints":{"allow":["GET"]}}],"collection":[{"href":"https:\/\/www.grandsalondeguitare.com\/fr\/wp-json\/wp\/v2\/product"}],"about":[{"href":"https:\/\/www.grandsalondeguitare.com\/fr\/wp-json\/wp\/v2\/types\/product"}],"replies":[{"embeddable":true,"href":"https:\/\/www.grandsalondeguitare.com\/fr\/wp-json\/wp\/v2\/comments?post=24765"}],"wp:featuredmedia":[{"embeddable":true,"href":"https:\/\/www.grandsalondeguitare.com\/fr\/wp-json\/wp\/v2\/media\/15247"}],"wp:attachment":[{"href":"https:\/\/www.grandsalondeguitare.com\/fr\/wp-json\/wp\/v2\/media?parent=24765"}],"wp:term":[{"taxonomy":"product_brand","embeddable":true,"href":"https:\/\/www.grandsalondeguitare.com\/fr\/wp-json\/wp\/v2\/product_brand?post=24765"},{"taxonomy":"product_cat","embeddable":true,"href":"https:\/\/www.grandsalondeguitare.com\/fr\/wp-json\/wp\/v2\/product_cat?post=24765"},{"taxonomy":"product_tag","embeddable":true,"href":"https:\/\/www.grandsalondeguitare.com\/fr\/wp-json\/wp\/v2\/product_tag?post=24765"}],"curies":[{"name":"wp","href":"https:\/\/api.w.org\/{rel}","templated":true}]}}