{"id":24754,"date":"2020-07-13T10:33:14","date_gmt":"2020-07-13T15:33:14","guid":{"rendered":"https:\/\/www.grandsalondeguitare.com\/product\/a-217-hiscox-liteflite-proii-classical-guitar-large\/"},"modified":"2023-02-24T10:35:54","modified_gmt":"2023-02-24T15:35:54","slug":"a-217-hiscox-liteflite-proii-classical-guitar-large","status":"publish","type":"product","link":"https:\/\/www.grandsalondeguitare.com\/fr\/produit\/a-217-hiscox-liteflite-proii-classical-guitar-large\/","title":{"rendered":"A-217, Hiscox liteflite ProII (Large)"},"content":{"rendered":"<p>Modele: PRO-II-GCL-L-B<\/p>\n<p>Etui pour guitare classique taille \u00ab\u00a0Large\u00a0\u00bb<\/p>\n<p>Coque ext\u00e9rieure noire avec int\u00e9rieur en velours argent\u00e9<\/p>\n<p>Convient aux guitares classiques jusqu&rsquo;\u00e0 387 mm de large.<br \/>\nDimensions int\u00e9rieures de l&rsquo;\u00e9tui de guitare :<\/p>\n<p>Longueur 1028mm &#8211; 40 1\/2\u2033<\/p>\n<p>Bout inf\u00e9rieur 387mm &#8211; 15\u2033<\/p>\n<p>Bout sup\u00e9rieur 279mm &#8211; 11\u2033<\/p>\n<p>Longueur du corps 495mm &#8211; 19 1\/2\u2033<\/p>\n<p>Profondeur du corps 117mm &#8211; 4 1\/2\u2033<\/p>\n<p>Poids \u00e0 vide 4kg &#8211; 9lbs<\/p>\n<p>Une sangle de transport est incluse<\/p>\n","protected":false},"excerpt":{"rendered":"<p><strong>Modele: PRO-II-GCL-L-B\/S<\/strong><\/p>\n<p><strong>Etui taille \u00ab\u00a0Large\u00a0\u00bb pour guitare classique<\/strong><\/p>\n<p><strong>Coque ext\u00e9rieure noire avec int\u00e9rieur en velours argent\u00e9<\/strong><\/p>\n<p><strong>Une sangle de transport est incluse<\/strong><\/p>\n","protected":false},"featured_media":18188,"comment_status":"closed","ping_status":"closed","template":"","meta":{"_mo_disable_npp":""},"product_brand":[],"product_cat":[1052,1187],"product_tag":[1406,1407,1408,1409,1410,1411,1412,1413,1414,1415,1416],"class_list":{"0":"post-24754","1":"product","2":"type-product","3":"status-publish","4":"has-post-thumbnail","6":"product_cat-accessoires","7":"product_cat-etuis","8":"product_tag-canada-fr","9":"product_tag-case-fr","10":"product_tag-classical-fr","11":"product_tag-classique-fr","12":"product_tag-guitar-fr","13":"product_tag-guitare-fr","14":"product_tag-hiscox-fr","15":"product_tag-hiscox-liteflite-proii-guitar-cases-fr","16":"product_tag-montreal-fr","17":"product_tag-quebec-fr","18":"product_tag-salon-de-guitare-fr","19":"sales-flash-overlay","20":"woocommerce-text-align-left","21":"woocommerce-image-align-center","22":"do-quantity-buttons","23":"wc-has-gallery","25":"first","26":"outofstock","27":"sold-individually","28":"taxable","29":"shipping-taxable","30":"product-type-simple"},"_links":{"self":[{"href":"https:\/\/www.grandsalondeguitare.com\/fr\/wp-json\/wp\/v2\/product\/24754","targetHints":{"allow":["GET"]}}],"collection":[{"href":"https:\/\/www.grandsalondeguitare.com\/fr\/wp-json\/wp\/v2\/product"}],"about":[{"href":"https:\/\/www.grandsalondeguitare.com\/fr\/wp-json\/wp\/v2\/types\/product"}],"replies":[{"embeddable":true,"href":"https:\/\/www.grandsalondeguitare.com\/fr\/wp-json\/wp\/v2\/comments?post=24754"}],"wp:featuredmedia":[{"embeddable":true,"href":"https:\/\/www.grandsalondeguitare.com\/fr\/wp-json\/wp\/v2\/media\/18188"}],"wp:attachment":[{"href":"https:\/\/www.grandsalondeguitare.com\/fr\/wp-json\/wp\/v2\/media?parent=24754"}],"wp:term":[{"taxonomy":"product_brand","embeddable":true,"href":"https:\/\/www.grandsalondeguitare.com\/fr\/wp-json\/wp\/v2\/product_brand?post=24754"},{"taxonomy":"product_cat","embeddable":true,"href":"https:\/\/www.grandsalondeguitare.com\/fr\/wp-json\/wp\/v2\/product_cat?post=24754"},{"taxonomy":"product_tag","embeddable":true,"href":"https:\/\/www.grandsalondeguitare.com\/fr\/wp-json\/wp\/v2\/product_tag?post=24754"}],"curies":[{"name":"wp","href":"https:\/\/api.w.org\/{rel}","templated":true}]}}