{"id":24743,"date":"2022-03-21T09:27:07","date_gmt":"2022-03-21T14:27:07","guid":{"rendered":"https:\/\/www.grandsalondeguitare.com\/?post_type=product&#038;p=24743"},"modified":"2025-10-21T12:03:56","modified_gmt":"2025-10-21T17:03:56","slug":"c-624-yulong-guo-chine-copy-2","status":"publish","type":"product","link":"https:\/\/www.grandsalondeguitare.com\/fr\/produit\/c-624-yulong-guo-chine-copy-2\/","title":{"rendered":"C-624, Yulong Guo (Chine)"},"content":{"rendered":"<pre class=\"tw-data-text tw-text-large tw-ta\" dir=\"ltr\" data-placeholder=\"Translation\"><span class=\"Y2IQFc\" lang=\"fr\" style=\"font-family: georgia, palatino, serif;\"><div id=\"erdyt-6a00882a2496b\" data-id=\"layx7SyhMR4\" class=\"erd-youtube-responsive\" style=\"display:block;position:relative;clear:both;width:100%;max-width:100%;margin-left:auto;margin-right:auto;\"><div style=\"padding-bottom:56.25%;\"><div class=\"erd-ytplay\" id=\"erdytp-layx7SyhMR4-6a00882a2496b\" data-vid=\"layx7SyhMR4\"   data-src=\"https:\/\/www.youtube.com\/embed\/layx7SyhMR4?loop=1&#038;autoplay=1&#038;rel=0\" data-allowfullscreen=\"true\"><img decoding=\"async\" src=\"https:\/\/i.ytimg.com\/vi\/layx7SyhMR4\/hqdefault.jpg\" alt=\"YouTube Video\" \/><\/div><\/div><\/div>\r\n\r\nGuitare classique de concert\r\n\r\nMod\u00e8le \"Chamber Concert\"\r\n\r\n\u00c9chelle de 650 mm avec sillet de 52 mm\r\n\r\nDouble table\r\n\" \u00e9pic\u00e9a\/c\u00e8dre \"\r\nNoyau interne en Nomex\r\n\r\nBarrage \"lattice\" tout en bois\r\n\r\nFond et \u00e9clisses en palissandre indien\r\n\r\nIncrustation d'\u00e9rable au dos\r\n\r\nDos arqu\u00e9, doubl\u00e9 &amp; sans barrages<\/span><span class=\"Y2IQFc\" lang=\"fr\" style=\"font-family: georgia, palatino, serif;\"> \r\n(Pour plus de force, volume et projection) \r\n\r\nManche sur\u00e9lev\u00e9 en acajou \r\n\r\nTouche en \u00e9b\u00e8ne avec 20\u00e8me frette \r\n\r\nPort de son (sans couvercle) \r\n\r\nRepose bras\r\n\r\nRosace faite \u00e0 la main \r\n\r\nM\u00e9caniques Der Jung \r\n\r\nFinition au laque \r\n\r\n\u00c9tui rigide en fibre de verre inclus \r\n<\/span><\/pre>\n<p>Le poids de la guitare est 1,8 kg \/ 4 lb<\/p>\n<p>Mesure 99,06 cm \/ 39 pouces de hauteur<\/p>\n<p>La longueur du corps est de 48,5\u00a0cm \/ 19,09\u00a0pouces<\/p>\n<p>La profondeur du corps est de 10,16 cm \/ 4 pouces<\/p>\n<p>Le bout sup\u00e9rieur mesure 28,5\u00a0cm\u00a0\/ 11,22\u00a0pouces<\/p>\n<p>Le bout inf\u00e9rieur est de 37 cm \/ 14,56 pouces<\/p>\n<pre class=\"tw-data-text tw-text-large tw-ta\" dir=\"ltr\" data-placeholder=\"Translation\"><span class=\"Y2IQFc\" lang=\"fr\" style=\"font-family: georgia, palatino, serif;\">Un certificat sign\u00e9 du luthier est inclus avec la guitare \r\n\r\n*** Veuillez noter que les photos utilis\u00e9es sont g\u00e9n\u00e9rique, la guitare exacte illustr\u00e9e n\u2019est plus disponible, la nouvelle guitare offerte diff\u00e9rera l\u00e9g\u00e8rement des images actuelles\u2026\r\n\r\nYulong Guo construit des guitares depuis 1983 et il a acquis une solide r\u00e9putation mondiale \r\npour ses guitares classique de haute qualit\u00e9. \r\nIl est probablement le luthier chinois le plus renomm\u00e9 \u00e0 l'int\u00e9rieur et \u00e0 l'ext\u00e9rieur de la Chine. \r\n\r\nEn 2018, il a \u00e9galement pr\u00e9sent\u00e9 une guitare de construction traditionnelle, le mod\u00e8le \"Granada\",\r\nqui a remport\u00e9 le 2e prix du concours de construction de guitare \"Antonio Marin Montero\" \r\n\u00e0 Grenade <\/span><span style=\"font-family: georgia, palatino, serif;\">Espagne.\r\n\r\n<span class=\"Y2IQFc\" lang=\"fr\" style=\"font-family: georgia, palatino, serif;\">Le mod\u00e8le Chamber Concert utilise la derni\u00e8re technologie de guitare classique invent\u00e9e par le luthier\r\nAllemand Gernot Wagner \u00e0 la fin des ann\u00e9es 1980. \r\n\r\nUne double table avec deux couches ultra-fines d'\u00e9pic\u00e9a et de c\u00e8dre de premi\u00e8re classe\r\navec une couche en sandwich de Nomex pour donner toute la r\u00e9sistance n\u00e9cessaire \u00e0 la durabilit\u00e9 de la table. \r\nCette technique r\u00e9duit \u00e9galement le poids de la table d'harmonie, et am\u00e9liore le volume sonore et la r\u00e9activit\u00e9 de la guitare. \r\n\r\nUne belle guitare, avec un excellent volume et une belle voix chantante, la qualit\u00e9 de sa fabrication peut \u00eatre compar\u00e9e\r\nfavorablement \u00e0 de nombreux autres instruments de concert de classe mondiale...\r\n\r\n<div id=\"erdyt-6a00882a24a05\" data-id=\"tjqVrN5_d4w\" class=\"erd-youtube-responsive\" style=\"display:block;position:relative;clear:both;width:100%;max-width:100%;margin-left:auto;margin-right:auto;\"><div style=\"padding-bottom:56.25%;\"><div class=\"erd-ytplay\" id=\"erdytp-tjqVrN5_d4w-6a00882a24a05\" data-vid=\"tjqVrN5_d4w\"   data-src=\"https:\/\/www.youtube.com\/embed\/tjqVrN5_d4w?loop=1&#038;autoplay=1&#038;rel=0\" data-allowfullscreen=\"true\"><img decoding=\"async\" src=\"https:\/\/i.ytimg.com\/vi\/tjqVrN5_d4w\/hqdefault.jpg\" alt=\"YouTube Video\" \/><\/div><\/div><\/div>\r\n<\/span>\r\n<\/span><\/pre>\n","protected":false},"excerpt":{"rendered":"<p>Le mod\u00e8le Chamber Concert offre une double table avec deux couches ultra-fines d&rsquo;\u00e9pic\u00e9a et de c\u00e8dre de premi\u00e8re classe avec une couche en sandwich de Nomex pour donner toute la r\u00e9sistance n\u00e9cessaire \u00e0 la durabilit\u00e9 de la table. Cette technique r\u00e9duit \u00e9galement le poids de la table d&rsquo;harmonie, et am\u00e9liore donc de loin le volume sonore et la r\u00e9activit\u00e9 de la guitare.<\/p>\n<p>Une belle guitare, avec un excellent volume et une voix chantante, la qualit\u00e9 de sa fabrication peut \u00eatre compar\u00e9e favorablement \u00e0 de nombreux autres instruments de concert de classe mondiale&#8230;<\/p>\n<p>Un essaie s&rsquo;impose !!!<\/p>\n","protected":false},"featured_media":24699,"comment_status":"closed","ping_status":"closed","template":"","meta":{"_mo_disable_npp":""},"product_brand":[],"product_cat":[2258,1058,1057],"product_tag":[1061,1062,1066,1067],"class_list":{"0":"post-24743","1":"product","2":"type-product","3":"status-publish","4":"has-post-thumbnail","6":"product_cat-double-tops","7":"product_cat-guitares","8":"product_cat-guitares-classique","9":"product_tag-double-top-guitars-montreal-canada-fr","10":"product_tag-high-end-guitar-showroom-montreal-canada-fr","11":"product_tag-yulong-guo-double-top-guitars-fr","12":"product_tag-yulong-guo-guitars-fr","13":"sales-flash-overlay","14":"woocommerce-text-align-left","15":"woocommerce-image-align-center","16":"do-quantity-buttons","17":"wc-has-gallery","19":"first","20":"outofstock","21":"sold-individually","22":"taxable","23":"shipping-taxable","24":"product-type-simple"},"_links":{"self":[{"href":"https:\/\/www.grandsalondeguitare.com\/fr\/wp-json\/wp\/v2\/product\/24743","targetHints":{"allow":["GET"]}}],"collection":[{"href":"https:\/\/www.grandsalondeguitare.com\/fr\/wp-json\/wp\/v2\/product"}],"about":[{"href":"https:\/\/www.grandsalondeguitare.com\/fr\/wp-json\/wp\/v2\/types\/product"}],"replies":[{"embeddable":true,"href":"https:\/\/www.grandsalondeguitare.com\/fr\/wp-json\/wp\/v2\/comments?post=24743"}],"wp:featuredmedia":[{"embeddable":true,"href":"https:\/\/www.grandsalondeguitare.com\/fr\/wp-json\/wp\/v2\/media\/24699"}],"wp:attachment":[{"href":"https:\/\/www.grandsalondeguitare.com\/fr\/wp-json\/wp\/v2\/media?parent=24743"}],"wp:term":[{"taxonomy":"product_brand","embeddable":true,"href":"https:\/\/www.grandsalondeguitare.com\/fr\/wp-json\/wp\/v2\/product_brand?post=24743"},{"taxonomy":"product_cat","embeddable":true,"href":"https:\/\/www.grandsalondeguitare.com\/fr\/wp-json\/wp\/v2\/product_cat?post=24743"},{"taxonomy":"product_tag","embeddable":true,"href":"https:\/\/www.grandsalondeguitare.com\/fr\/wp-json\/wp\/v2\/product_tag?post=24743"}],"curies":[{"name":"wp","href":"https:\/\/api.w.org\/{rel}","templated":true}]}}