{"id":24686,"date":"2020-10-07T18:08:38","date_gmt":"2020-10-07T23:08:38","guid":{"rendered":"https:\/\/www.grandsalondeguitare.com\/product\/c-525-jose-antonio-lagunar-spain\/"},"modified":"2023-04-21T09:23:47","modified_gmt":"2023-04-21T14:23:47","slug":"c-525-jose-antonio-lagunar-spain","status":"publish","type":"product","link":"https:\/\/www.grandsalondeguitare.com\/fr\/produit\/c-525-jose-antonio-lagunar-spain\/","title":{"rendered":"C-525, Jose Antonio Lagunar (Espagne)"},"content":{"rendered":"<div id=\"erdyt-6a007c3a13c4f\" data-id=\"EeuPRzWCBNg\" class=\"erd-youtube-responsive\" style=\"display:block;position:relative;clear:both;width:100%;max-width:800px;margin-left:auto;margin-right:auto;\"><div style=\"padding-bottom:56.25%;\"><div class=\"erd-ytplay\" id=\"erdytp-EeuPRzWCBNg-6a007c3a13c4f\" data-vid=\"EeuPRzWCBNg\"   data-src=\"https:\/\/www.youtube.com\/embed\/EeuPRzWCBNg?loop=1&#038;autoplay=1&#038;rel=0\" data-allowfullscreen=\"true\"><img decoding=\"async\" src=\"https:\/\/i.ytimg.com\/vi\/EeuPRzWCBNg\/hqdefault.jpg\" alt=\"YouTube Video\" \/><\/div><\/div><\/div>\n<p>&nbsp;<\/p>\n<p>Jose Antonio Lagunar<\/p>\n<p>Guitarra de Artesania<\/p>\n<p>\u00ab\u00a01a Primera Special\u00a0\u00bb<\/p>\n<p>Guitare N-59,<\/p>\n<p>Construit en l&rsquo;an 2020<\/p>\n<p>\u00c9chelle de 640 mm avec une largeur d&rsquo;\u00e9crou de 51 mm<\/p>\n<p>Table en c\u00e8dre (Thuja Plicata)<\/p>\n<p>Fond et \u00e9clisses en palissandre du Madagascar (Dalbergia Baroni)<\/p>\n<p>Manche en c\u00e8dre avec touche en \u00e9b\u00e8ne<\/p>\n<p>Placage de t\u00eate et chevalet en palissandre du Madagascar (Dalbergia Baroni)<\/p>\n<p>D\u00e9corations &amp; filets en Pau Ferro<\/p>\n<p>D\u00e9cors dans le rosace en sycomore<\/p>\n<p>M\u00e9caniques Gotoh 35G-510QC<\/p>\n<p>La table d&rsquo;harmonie est finis au tampon en polis Fran\u00e7ais<\/p>\n<p>Balance de la guitare est avec une laque polyur\u00e9thane<\/p>\n<p>Etuis rigide inclus<\/p>\n<p>Le poids de la guitare est de 2 kg \/ 4,4 lb<\/p>\n<p>&nbsp;<\/p>\n<p>Jose Antonio a \u00e9t\u00e9 le luthier principal pendant 30 ans dans la maison des guitares Contreras jusqu&rsquo;au d\u00e9c\u00e8s de Pablo Contreras, c&rsquo;est \u00e0 ce moment-l\u00e0 qu&rsquo;il a pris la direction de l&rsquo;entreprise en tant que seul et unique luthier rest\u00e9 pendant 4 ans\u2026<\/p>\n<p>En 2015, il d\u00e9cide de fabriquer les guitares sous son propre label et de voler de ses propres ailes.<\/p>\n<p>&nbsp;<\/p>\n<p>*** Nous sommes fiers d&rsquo;\u00eatre le revendeur exclusif en Am\u00e9rique du Nord des guitares Jose Antonio Lagunar ***<\/p>\n","protected":false},"excerpt":{"rendered":"<p>L\u00e9g\u00e8rement utilis\u00e9e en excellent \u00e9tat, c&rsquo;est une guitare incroyable avec beaucoup de pr\u00e9sence et projection, tout comme les nombreuses guitares Contreras que j&rsquo;ai vendues et jou\u00e9es au fil des ans\u2026<\/p>\n<p>Le timbre Espagnol chaud et luxuriant est pr\u00e9sent, avec un grand \u00e9quilibre, s\u00e9paration et sustain&#8230;<\/p>\n<p>Un must pour tous ceux qui recherchent une guitare classique de concert Espagnole haut de gamme<\/p>\n","protected":false},"featured_media":16051,"comment_status":"closed","ping_status":"closed","template":"","meta":{"_mo_disable_npp":""},"product_brand":[],"product_cat":[1058,1057],"product_tag":[1380,1202,1381,1200,1382],"class_list":{"0":"post-24686","1":"product","2":"type-product","3":"status-publish","4":"has-post-thumbnail","6":"product_cat-guitares","7":"product_cat-guitares-classique","8":"product_tag-concert-classical-guitars-from-spain-fr","9":"product_tag-hand-made-guitars-from-spain-fr","10":"product_tag-jose-antonio-lagunar-madrid-spain-luthier-fr","11":"product_tag-luthier-hand-made-guitars-montreal-canada-fr","12":"product_tag-montreal-luthier-guitars-showroom-fr","13":"sales-flash-overlay","14":"woocommerce-text-align-left","15":"woocommerce-image-align-center","16":"do-quantity-buttons","17":"wc-has-gallery","19":"first","20":"outofstock","21":"taxable","22":"shipping-taxable","23":"product-type-simple"},"_links":{"self":[{"href":"https:\/\/www.grandsalondeguitare.com\/fr\/wp-json\/wp\/v2\/product\/24686","targetHints":{"allow":["GET"]}}],"collection":[{"href":"https:\/\/www.grandsalondeguitare.com\/fr\/wp-json\/wp\/v2\/product"}],"about":[{"href":"https:\/\/www.grandsalondeguitare.com\/fr\/wp-json\/wp\/v2\/types\/product"}],"replies":[{"embeddable":true,"href":"https:\/\/www.grandsalondeguitare.com\/fr\/wp-json\/wp\/v2\/comments?post=24686"}],"wp:featuredmedia":[{"embeddable":true,"href":"https:\/\/www.grandsalondeguitare.com\/fr\/wp-json\/wp\/v2\/media\/16051"}],"wp:attachment":[{"href":"https:\/\/www.grandsalondeguitare.com\/fr\/wp-json\/wp\/v2\/media?parent=24686"}],"wp:term":[{"taxonomy":"product_brand","embeddable":true,"href":"https:\/\/www.grandsalondeguitare.com\/fr\/wp-json\/wp\/v2\/product_brand?post=24686"},{"taxonomy":"product_cat","embeddable":true,"href":"https:\/\/www.grandsalondeguitare.com\/fr\/wp-json\/wp\/v2\/product_cat?post=24686"},{"taxonomy":"product_tag","embeddable":true,"href":"https:\/\/www.grandsalondeguitare.com\/fr\/wp-json\/wp\/v2\/product_tag?post=24686"}],"curies":[{"name":"wp","href":"https:\/\/api.w.org\/{rel}","templated":true}]}}