{"id":24667,"date":"2021-02-17T13:37:32","date_gmt":"2021-02-17T18:37:32","guid":{"rendered":"https:\/\/www.grandsalondeguitare.com\/product\/c-542-john-price-australia\/"},"modified":"2026-02-01T14:24:03","modified_gmt":"2026-02-01T19:24:03","slug":"c-542-john-price-australia","status":"publish","type":"product","link":"https:\/\/www.grandsalondeguitare.com\/fr\/produit\/c-542-john-price-australia\/","title":{"rendered":"C-541, John Price (Australia)"},"content":{"rendered":"<p><iframe loading=\"lazy\" title=\"Renaud C\u00f4t\u00e9-Gigu\u00e8re plays prelude cello suite N-1 BWV 1007 on John Price Concert Guitar\" width=\"1200\" height=\"675\" src=\"https:\/\/www.youtube.com\/embed\/4e9rCH2mWqM?feature=oembed\" frameborder=\"0\" allow=\"accelerometer; autoplay; clipboard-write; encrypted-media; gyroscope; picture-in-picture; web-share\" referrerpolicy=\"strict-origin-when-cross-origin\" allowfullscreen><\/iframe><\/p>\n<p>Direct From Australia<\/p>\n<p>Concert classical guitar N-386<\/p>\n<p>Made in 2020<\/p>\n<p>650mm scale with\u00a052mm nut width<\/p>\n<p>Cedar top (lattice braced with some carbon strips)<\/p>\n<p>Ziricote rosewood back &amp; sides<\/p>\n<p>Arched back<\/p>\n<p>Cedar neck with ebony fingerboard<\/p>\n<p>Ziricote headstock veneer<\/p>\n<p>Armrest<\/p>\n<p>Bone nut &amp; saddle<\/p>\n<p>Schaller tuning machines<\/p>\n<p>All laquer finishing<\/p>\n<p>Hard shell case included<\/p>\n<p>&nbsp;<\/p>\n","protected":false},"excerpt":{"rendered":"<p>In like new condition !!<\/p>\n<p>John Price is known to be one of the best classical guitar builders in Australia<\/p>\n<p>A power house yet with a beautiful singing voice, great balance, sustain &amp; excellent playability<\/p>\n","protected":false},"featured_media":17001,"comment_status":"closed","ping_status":"closed","template":"","meta":{"_mo_disable_npp":""},"product_brand":[],"product_cat":[1058,1057],"product_tag":[1335,1107,1336,1337,1338,1200],"class_list":{"0":"post-24667","1":"product","2":"type-product","3":"status-publish","4":"has-post-thumbnail","6":"product_cat-guitares","7":"product_cat-guitares-classique","8":"product_tag-best-lattice-tops-from-australia-fr","9":"product_tag-classical-guitars-montreal-canada-fr","10":"product_tag-john-price-cedar-ziricote-concert-guitar-fr","11":"product_tag-john-price-guitars-fr","12":"product_tag-john-price-luthier-australia-fr","13":"product_tag-luthier-hand-made-guitars-montreal-canada-fr","14":"sales-flash-overlay","15":"woocommerce-text-align-left","16":"woocommerce-image-align-center","17":"do-quantity-buttons","18":"wc-has-gallery","20":"first","21":"outofstock","22":"taxable","23":"shipping-taxable","24":"product-type-simple"},"_links":{"self":[{"href":"https:\/\/www.grandsalondeguitare.com\/fr\/wp-json\/wp\/v2\/product\/24667","targetHints":{"allow":["GET"]}}],"collection":[{"href":"https:\/\/www.grandsalondeguitare.com\/fr\/wp-json\/wp\/v2\/product"}],"about":[{"href":"https:\/\/www.grandsalondeguitare.com\/fr\/wp-json\/wp\/v2\/types\/product"}],"replies":[{"embeddable":true,"href":"https:\/\/www.grandsalondeguitare.com\/fr\/wp-json\/wp\/v2\/comments?post=24667"}],"wp:featuredmedia":[{"embeddable":true,"href":"https:\/\/www.grandsalondeguitare.com\/fr\/wp-json\/wp\/v2\/media\/17001"}],"wp:attachment":[{"href":"https:\/\/www.grandsalondeguitare.com\/fr\/wp-json\/wp\/v2\/media?parent=24667"}],"wp:term":[{"taxonomy":"product_brand","embeddable":true,"href":"https:\/\/www.grandsalondeguitare.com\/fr\/wp-json\/wp\/v2\/product_brand?post=24667"},{"taxonomy":"product_cat","embeddable":true,"href":"https:\/\/www.grandsalondeguitare.com\/fr\/wp-json\/wp\/v2\/product_cat?post=24667"},{"taxonomy":"product_tag","embeddable":true,"href":"https:\/\/www.grandsalondeguitare.com\/fr\/wp-json\/wp\/v2\/product_tag?post=24667"}],"curies":[{"name":"wp","href":"https:\/\/api.w.org\/{rel}","templated":true}]}}