{"id":24664,"date":"2021-03-10T16:24:21","date_gmt":"2021-03-10T21:24:21","guid":{"rendered":"https:\/\/www.grandsalondeguitare.com\/product\/f-542-hermanos-camps-spain\/"},"modified":"2025-03-29T08:47:44","modified_gmt":"2025-03-29T13:47:44","slug":"f-542-hermanos-camps-spain","status":"publish","type":"product","link":"https:\/\/www.grandsalondeguitare.com\/fr\/produit\/f-542-hermanos-camps-spain\/","title":{"rendered":"F-542, Camps Primera Negra (Espagne)"},"content":{"rendered":"<p>Hermanos CAMPS<\/p>\n<p>Guitare Flamenca neuve<\/p>\n<p>Mod\u00e8le \u00ab\u00a0Primera Negra\u00a0\u00bb<\/p>\n<p>Echelle de 650mm avec sillet de t\u00eate 52 mm<\/p>\n<p>Table en \u00e9pic\u00e9a europ\u00e9en<\/p>\n<p>Dos et \u00e9clisses en palissandre indien<\/p>\n<p>Manche en c\u00e8dre renforc\u00e9 en \u00e9b\u00e8ne<\/p>\n<p>Touche en \u00e9b\u00e8ne<\/p>\n<p>M\u00e9caniques Der Jung<\/p>\n<p>Finition au laque<\/p>\n<p>\u00c9tui rigide inclus<\/p>\n<p>&nbsp;<\/p>\n<p>Longueur totale\u00a0: 100\u00a0cm<\/p>\n<p>Longueur du corps\u00a0: 49\u00a0cm<\/p>\n<p>Profondeur du corps\u00a0: 9\u00a0cm<\/p>\n<p>Hauteur du haut\u00a0: 28\u00a0cm<\/p>\n<p>Hauteur du bas\u00a0: 37\u00a0cm<\/p>\n<p>Poids\u00a0: 1,5\u00a0kg<\/p>\n<p>*** Nous sommes fiers d&rsquo;\u00eatre le distributeur canadien des guitares Hermanos Camps de G\u00e9rone, Espagne. ***<\/p>\n<p>Remarque : des photos d&rsquo;archives sont utilis\u00e9es pour la pr\u00e9sentation de ce mod\u00e8le. La guitare illustr\u00e9e n&rsquo;est plus disponible, la nouvelle guitare propos\u00e9e diff\u00e9rera l\u00e9g\u00e8rement des photos actuelles&#8230;<\/p>\n","protected":false},"excerpt":{"rendered":"[youtube v=WWPz4NLXATg maxwidth=\"800px\"]\n<p>&nbsp;<\/p>\n<p>Magnifique guitare flamenco \u00ab\u00a0Primera Negra\u00a0\u00bb<\/p>\n<p>Certifi\u00e9e par Manuel Granados<\/p>\n<p>Directement d&rsquo;Espagne&#8230;<\/p>\n<p>Un essaie s&rsquo;impose<\/p>\n<p>&nbsp;<\/p>\n","protected":false},"featured_media":21222,"comment_status":"closed","ping_status":"closed","template":"","meta":{"_mo_disable_npp":""},"product_brand":[],"product_cat":[1058,1053],"product_tag":[1161,1202,1203,1220,1326,1327],"class_list":{"0":"post-24664","1":"product","2":"type-product","3":"status-publish","4":"has-post-thumbnail","6":"product_cat-guitares","7":"product_cat-guitares-flamenco","8":"product_tag-flamenco-guitars-from-spain-fr","9":"product_tag-hand-made-guitars-from-spain-fr","10":"product_tag-hand-made-guitars-montreal-canada-fr","11":"product_tag-hermanos-camps-guitars-fr","12":"product_tag-hermanos-camps-primera-ne-fr","13":"product_tag-primera-negra-fr","14":"sales-flash-overlay","15":"woocommerce-text-align-left","16":"woocommerce-image-align-center","17":"do-quantity-buttons","18":"wc-has-gallery","20":"first","21":"instock","22":"taxable","23":"shipping-taxable","24":"purchasable","25":"product-type-simple"},"_links":{"self":[{"href":"https:\/\/www.grandsalondeguitare.com\/fr\/wp-json\/wp\/v2\/product\/24664","targetHints":{"allow":["GET"]}}],"collection":[{"href":"https:\/\/www.grandsalondeguitare.com\/fr\/wp-json\/wp\/v2\/product"}],"about":[{"href":"https:\/\/www.grandsalondeguitare.com\/fr\/wp-json\/wp\/v2\/types\/product"}],"replies":[{"embeddable":true,"href":"https:\/\/www.grandsalondeguitare.com\/fr\/wp-json\/wp\/v2\/comments?post=24664"}],"wp:featuredmedia":[{"embeddable":true,"href":"https:\/\/www.grandsalondeguitare.com\/fr\/wp-json\/wp\/v2\/media\/21222"}],"wp:attachment":[{"href":"https:\/\/www.grandsalondeguitare.com\/fr\/wp-json\/wp\/v2\/media?parent=24664"}],"wp:term":[{"taxonomy":"product_brand","embeddable":true,"href":"https:\/\/www.grandsalondeguitare.com\/fr\/wp-json\/wp\/v2\/product_brand?post=24664"},{"taxonomy":"product_cat","embeddable":true,"href":"https:\/\/www.grandsalondeguitare.com\/fr\/wp-json\/wp\/v2\/product_cat?post=24664"},{"taxonomy":"product_tag","embeddable":true,"href":"https:\/\/www.grandsalondeguitare.com\/fr\/wp-json\/wp\/v2\/product_tag?post=24664"}],"curies":[{"name":"wp","href":"https:\/\/api.w.org\/{rel}","templated":true}]}}