{"id":24649,"date":"2021-06-08T18:57:02","date_gmt":"2021-06-08T23:57:02","guid":{"rendered":"https:\/\/www.grandsalondeguitare.com\/product\/c-550-zebulon-turrentine-usa\/"},"modified":"2024-08-09T14:23:47","modified_gmt":"2024-08-09T19:23:47","slug":"c-550-zebulon-turrentine-usa","status":"publish","type":"product","link":"https:\/\/www.grandsalondeguitare.com\/fr\/produit\/c-550-zebulon-turrentine-usa\/","title":{"rendered":"C-550, Zebulon Turrentine (\u00c9tats-Unis)"},"content":{"rendered":"<p>Guitare classique de concert<\/p>\n<p>Mod\u00e8le \u00ab\u00a0El\u00e9gie\u00a0\u00bb<\/p>\n<p>N-60, fabriqu\u00e9 en 2019<\/p>\n<p>\u00c9chelle de 640 mm avec sillet de 50 mm<\/p>\n<p>Table en c\u00e8dre (Barrage sp\u00e9ciale en treillis avec quelques barres de carbone)<\/p>\n<p>Dos et \u00e9clisses en Weng\u00e9 Africain<\/p>\n<p>Les c\u00f4t\u00e9s sont triple lamin\u00e9 (weng\u00e9-\u00e9rable et cerisier)<\/p>\n<p>Le dos est lamin\u00e9 avec du c\u00e8dre<\/p>\n<p>Manche en acajou africain viss\u00e9 \u00a0avec tige en fibre de carbone<\/p>\n<p>Touche sur\u00e9lev\u00e9e en \u00e9b\u00e8ne avec frettes jumbo EVO<\/p>\n<p>Filets en \u00e9rable<\/p>\n<p>Composant Tornovoz dans la rosace<\/p>\n<p>M\u00e9caniques artisanales Gotoh 35G510P<\/p>\n<p>Table d&rsquo;harmonie finis en polis Francais<\/p>\n<p>Balance de la guitare est avec du laque nitrocellulose<\/p>\n<p>\u00c9tui rigide inclus<\/p>\n<p>Longueur du corps &#8211; 19&Prime; \/ 48,26 cm<\/p>\n<p>Largeur du bout inf\u00e9rieur &#8211; 14,5&Prime; \/ 36,83 cm<\/p>\n<p>Largeur du bout sup\u00e9rieur &#8211; 11,25&Prime; \/ 28,575 cm<\/p>\n<p>Tour de taille &#8211; 9,5&Prime; \/ 24,13 cm<\/p>\n<p>Le poids de la guitare est de 2,2 kg \/ 4,8 lb<\/p>\n<p>\u00a0\u00bb A propos d&rsquo;Elegy en direct du site des luthiers \u00a0\u00bb<\/p>\n<p><em>Conception sup\u00e9rieure<\/em><\/p>\n<p>Ma m\u00e9thode est une soustraction vers l&rsquo;int\u00e9rieur de la densit\u00e9 du haut qui est ensuite li\u00e9e aux bords beaucoup plus \u00e9pais via mon propre contreventement en forme de treillis. Je trouve que cela \u00e9quilibre l&rsquo;efficacit\u00e9 des coups l\u00e9gers et lourds, donnant au joueur une \u00ab\u00a0attaque rapide\u00a0\u00bb sans sacrifier la profondeur, la chaleur et la puissance.<\/p>\n<p><em>Dos et c\u00f4t\u00e9s<\/em><\/p>\n<p>Les c\u00f4t\u00e9s sont lamin\u00e9s dans le but d&rsquo;augmenter le poids, le dos est lamin\u00e9 avec du c\u00e8dre rouge de l&rsquo;Ouest. Je le recommande vivement aux joueurs \u00e0 la recherche d&rsquo;une projection tr\u00e8s cibl\u00e9e et saillante et d&rsquo;une excellente s\u00e9paration entre les voix.\u00a0Ce que l&rsquo;on sacrifie \u00e0 sentir le corps vibrer contre le corps, on le gagne en qualit\u00e9 sonore et en saillance.<\/p>\n<p><em>Manche viss\u00e9<\/em><\/p>\n<p>Quand j&rsquo;ai commenc\u00e9 \u00e0 utiliser un vis sur le manche, je ne faisais que fixer le talon. \u00c0 partir de la guitare n \u00b0 31, j&rsquo;ai \u00e9galement commenc\u00e9 \u00e0 utiliser un vis sous la touche. Cela rend tout le manche amovible, ce qui facilite s\u00e9rieusement le travail de finition et toute restauration qui pourrait \u00eatre n\u00e9cessaire \u00e0 mesure que l&rsquo;instrument vieillit.<\/p>\n<p><em>Frettes plus larges<\/em><\/p>\n<p>Le fantastique guitariste et professeur Stanley Yates m&rsquo;a d&rsquo;abord encourag\u00e9 \u00e0 essayer les frettes \u00ab\u00a0Jumbo\u00a0\u00bb et j&rsquo;utilise depuis une grande largeur et hauteur de frette. Dans l&rsquo;ensemble, il s&rsquo;agit d&rsquo;une am\u00e9lioration majeure de la jouabilit\u00e9 d&rsquo;une guitare et de la durabilit\u00e9 de la configuration de l&rsquo;instrument, emp\u00eachant les cordes dans le manche et garantissant qu&rsquo;un effort minimal est requis pour que le joueur frette une corde.<br \/>\nTouche sur\u00e9lev\u00e9e<\/p>\n<p>La touche sur\u00e9lev\u00e9e est d\u00e9sormais un standard dans le monde de la guitare classique. Je n&rsquo;utilise qu&rsquo;une \u00e9l\u00e9vation minimale (1\/2 \u00ab\u00a0) qui donne aux joueurs un acc\u00e8s plus facile aux frettes sur le corps de la guitare. Ceci est r\u00e9alis\u00e9 en augmentant l&rsquo;angle du manche de 1\/2 degr\u00e9 et en abaissant le bout sup\u00e9rieur pour que la distance de la corde de le haut reste dans une gamme traditionnelle.<\/p>\n","protected":false},"excerpt":{"rendered":"[youtube v=aIEu_LKWtiY maxwidth=\"800px\"]\n","protected":false},"featured_media":18920,"comment_status":"open","ping_status":"closed","template":"","meta":{"_mo_disable_npp":""},"product_brand":[],"product_cat":[1058,1057],"product_tag":[],"class_list":{"0":"post-24649","1":"product","2":"type-product","3":"status-publish","4":"has-post-thumbnail","6":"product_cat-guitares","7":"product_cat-guitares-classique","8":"sales-flash-overlay","9":"woocommerce-text-align-left","10":"woocommerce-image-align-center","11":"do-quantity-buttons","12":"wc-has-gallery","14":"first","15":"outofstock","16":"taxable","17":"shipping-taxable","18":"product-type-simple"},"_links":{"self":[{"href":"https:\/\/www.grandsalondeguitare.com\/fr\/wp-json\/wp\/v2\/product\/24649","targetHints":{"allow":["GET"]}}],"collection":[{"href":"https:\/\/www.grandsalondeguitare.com\/fr\/wp-json\/wp\/v2\/product"}],"about":[{"href":"https:\/\/www.grandsalondeguitare.com\/fr\/wp-json\/wp\/v2\/types\/product"}],"replies":[{"embeddable":true,"href":"https:\/\/www.grandsalondeguitare.com\/fr\/wp-json\/wp\/v2\/comments?post=24649"}],"wp:featuredmedia":[{"embeddable":true,"href":"https:\/\/www.grandsalondeguitare.com\/fr\/wp-json\/wp\/v2\/media\/18920"}],"wp:attachment":[{"href":"https:\/\/www.grandsalondeguitare.com\/fr\/wp-json\/wp\/v2\/media?parent=24649"}],"wp:term":[{"taxonomy":"product_brand","embeddable":true,"href":"https:\/\/www.grandsalondeguitare.com\/fr\/wp-json\/wp\/v2\/product_brand?post=24649"},{"taxonomy":"product_cat","embeddable":true,"href":"https:\/\/www.grandsalondeguitare.com\/fr\/wp-json\/wp\/v2\/product_cat?post=24649"},{"taxonomy":"product_tag","embeddable":true,"href":"https:\/\/www.grandsalondeguitare.com\/fr\/wp-json\/wp\/v2\/product_tag?post=24649"}],"curies":[{"name":"wp","href":"https:\/\/api.w.org\/{rel}","templated":true}]}}