{"id":24640,"date":"2021-06-09T08:20:14","date_gmt":"2021-06-09T13:20:14","guid":{"rendered":"https:\/\/www.grandsalondeguitare.com\/product\/c-554-amalio-burguet-spain\/"},"modified":"2024-03-21T08:25:17","modified_gmt":"2024-03-21T13:25:17","slug":"c-554-amalio-burguet-spain","status":"publish","type":"product","link":"https:\/\/www.grandsalondeguitare.com\/fr\/produit\/c-554-amalio-burguet-spain\/","title":{"rendered":"C-554, Amalio Burguet 1A-Cd"},"content":{"rendered":"<div id=\"erdyt-6a007c3984f44\" data-id=\"p5Ig8eTBdEk\" class=\"erd-youtube-responsive\" style=\"display:block;position:relative;clear:both;width:100%;max-width:100%;margin-left:auto;margin-right:auto;\"><div style=\"padding-bottom:56.25%;\"><div class=\"erd-ytplay\" id=\"erdytp-p5Ig8eTBdEk-6a007c3984f44\" data-vid=\"p5Ig8eTBdEk\"   data-src=\"https:\/\/www.youtube.com\/embed\/p5Ig8eTBdEk?loop=1&#038;autoplay=1&#038;rel=0\" data-allowfullscreen=\"true\"><img decoding=\"async\" src=\"https:\/\/i.ytimg.com\/vi\/p5Ig8eTBdEk\/hqdefault.jpg\" alt=\"YouTube Video\" \/><\/div><\/div><\/div>\n<p>&nbsp;<\/p>\n<p>NOUVEAU !!! Amalio Burguet<\/p>\n<p>Guitarrero Desde 1966 \/ Luthier depuis 1966<\/p>\n<p>\u00ab\u00a0Mod\u00e8le 1A\u00a0\u00bb<\/p>\n<p>\u00c9chelle de 650\u00a0mm avec sillet de 52\u00a0mm<\/p>\n<p>Table en c\u00e8dre (Thuja Plicata)<\/p>\n<p>Dos et \u00e9clisses en palissandre indien (Dalbergia latifolia)<\/p>\n<p>Manche en c\u00e8dre<\/p>\n<p>Touche en \u00e9b\u00e8ne africain<\/p>\n<p>Chevalet en palissandre de Madagascar (Dalbergia Baroni)<\/p>\n<p>Accordeurs Gotoh<\/p>\n<p>Finition au laque nitro<\/p>\n<p>Etuis rigide incluse<\/p>\n<p>&nbsp;<\/p>\n<p>Le poids de la guitare est de 1,6 kg \/ 3,6 lb<\/p>\n<p>La longueur du corps est de 48,26 cm \/ 19 pouces<\/p>\n<p>Le bout sup\u00e9rieur mesure 28,5 cm \/ 11,22 pouces<\/p>\n<p>Le bout inf\u00e9rieur est de 37,5\u00a0cm \/ 14,76\u00a0pouces<\/p>\n<p>La profondeur du corps est de 10 cm\/ 3,93 pouces<\/p>\n<p>&nbsp;<\/p>\n<p>*** Nous sommes fiers d&rsquo;\u00eatre le revendeur canadien officiel des guitares Amalio Burguet ***<\/p>\n<p>&nbsp;<\/p>\n<p>Amalio Burguet, L&rsquo;histoire&#8230;<\/p>\n<p>Amalio Burguet est n\u00e9 \u00e0 Catarroja, un petit village pr\u00e8s de la ville ensoleill\u00e9e de Valence, en 1951.<\/p>\n<p>D\u00e8s son plus jeune \u00e2ge, il d\u00e9veloppe une grande capacit\u00e9 \u00e0 fabriquer des guitares en travaillant dans diff\u00e9rents ateliers. C&rsquo;est dans ces ateliers qu&rsquo;il fabrique sa premi\u00e8re guitare en 1966 et devient un expert de la production en s\u00e9rie.<\/p>\n<p>Cependant, il admirait les guitares enti\u00e8rement fabriqu\u00e9es \u00e0 la main, dans un atelier individuel. Bient\u00f4t, il reprend sa formation musicale, ses ann\u00e9es de conservatoire et commence \u00e0 approfondir les aspects les plus artisanaux. Cela implique d&rsquo;\u00e9tudier plus en profondeur le traitement des mat\u00e9riaux, notamment le traitement du bois et les processus de construction.<\/p>\n<p>En 1984, il r\u00e9alise son r\u00eave en ouvrant son propre atelier \u00e0 Catarroja. C&rsquo;est ici qu&rsquo;il applique tout ce qu&rsquo;il a appris, en fabriquant des guitares artisanales innovantes de haute qualit\u00e9, \u00e0 la fois abordables pour tous, \u00e9tudiants et professionnels. Bref, Amalio est l&rsquo;alma mater du petit atelier familial. Toute une vie consacr\u00e9e au d\u00e9veloppement artisanal de l&rsquo;instrument qui l&rsquo;obs\u00e8de, la guitare espagnole.<\/p>\n<p>Amalio Burguet dirige son propre atelier \u00e0 Catarroja en Espagne depuis plus de 50 ans. Il est inlassablement et constamment \u00e0 la recherche de moyens de fabriquer les meilleures guitares possibles.<\/p>\n<p>Une vie d\u00e9di\u00e9e \u00e0 la fabrication de guitares.<\/p>\n","protected":false},"excerpt":{"rendered":"<p>Directement de Valence Espagne<\/p>\n<p>Superbe nouveau mod\u00e8le 1A d&rsquo;Amalio Burguet<\/p>\n<p>Belle tonalit\u00e9 espagnole luxuriante comme pr\u00e9vu dans toutes les guitares Burguet !!!<\/p>\n<p>Les mod\u00e8les Amalio Burguet sont enti\u00e8rement fabriqu\u00e9s \u00e0 la main dans l&rsquo;atelier Catarroja, leur objectif est de fournir des instruments de la plus haute qualit\u00e9, en utilisant uniquement des mat\u00e9riaux de haute qualit\u00e9\u00a0: les meilleures colles et les vernis les plus innovants disponibles sur le march\u00e9&#8230;<\/p>\n<p>Tous les bois massifs ont \u00e9t\u00e9 s\u00e9ch\u00e9s pendant au moins 7 ans,<\/p>\n<p>Un essaie s&rsquo;impose !!!<\/p>\n","protected":false},"featured_media":19149,"comment_status":"open","ping_status":"closed","template":"","meta":{"_mo_disable_npp":""},"product_brand":[],"product_cat":[1058,1057],"product_tag":[1320,1216,1082,1084],"class_list":{"0":"post-24640","1":"product","2":"type-product","3":"status-publish","4":"has-post-thumbnail","6":"product_cat-guitares","7":"product_cat-guitares-classique","8":"product_tag-amalio-burguet-1a-cedar-top-fr","9":"product_tag-amalio-burguet-1a-guitar-fr","10":"product_tag-amalio-burguet-valencia-spain-fr","11":"product_tag-luthier-amalio-burguet-fr","12":"sales-flash-overlay","13":"woocommerce-text-align-left","14":"woocommerce-image-align-center","15":"do-quantity-buttons","16":"wc-has-gallery","18":"first","19":"outofstock","20":"taxable","21":"shipping-taxable","22":"product-type-simple"},"_links":{"self":[{"href":"https:\/\/www.grandsalondeguitare.com\/fr\/wp-json\/wp\/v2\/product\/24640","targetHints":{"allow":["GET"]}}],"collection":[{"href":"https:\/\/www.grandsalondeguitare.com\/fr\/wp-json\/wp\/v2\/product"}],"about":[{"href":"https:\/\/www.grandsalondeguitare.com\/fr\/wp-json\/wp\/v2\/types\/product"}],"replies":[{"embeddable":true,"href":"https:\/\/www.grandsalondeguitare.com\/fr\/wp-json\/wp\/v2\/comments?post=24640"}],"wp:featuredmedia":[{"embeddable":true,"href":"https:\/\/www.grandsalondeguitare.com\/fr\/wp-json\/wp\/v2\/media\/19149"}],"wp:attachment":[{"href":"https:\/\/www.grandsalondeguitare.com\/fr\/wp-json\/wp\/v2\/media?parent=24640"}],"wp:term":[{"taxonomy":"product_brand","embeddable":true,"href":"https:\/\/www.grandsalondeguitare.com\/fr\/wp-json\/wp\/v2\/product_brand?post=24640"},{"taxonomy":"product_cat","embeddable":true,"href":"https:\/\/www.grandsalondeguitare.com\/fr\/wp-json\/wp\/v2\/product_cat?post=24640"},{"taxonomy":"product_tag","embeddable":true,"href":"https:\/\/www.grandsalondeguitare.com\/fr\/wp-json\/wp\/v2\/product_tag?post=24640"}],"curies":[{"name":"wp","href":"https:\/\/api.w.org\/{rel}","templated":true}]}}