{"id":24635,"date":"2021-06-09T09:02:32","date_gmt":"2021-06-09T14:02:32","guid":{"rendered":"https:\/\/www.grandsalondeguitare.com\/product\/c-559-wolfgang-jellinghaus-germany\/"},"modified":"2026-01-25T17:13:43","modified_gmt":"2026-01-25T22:13:43","slug":"c-559-wolfgang-jellinghaus-germany","status":"publish","type":"product","link":"https:\/\/www.grandsalondeguitare.com\/fr\/produit\/c-559-wolfgang-jellinghaus-germany\/","title":{"rendered":"C-559, Wolfgang Jellinghaus \u00ab\u00a0FE 17-A\u00a0\u00bb"},"content":{"rendered":"<div id=\"erdyt-6a007c395568f\" data-id=\"bPxIT0N9STo\" class=\"erd-youtube-responsive\" style=\"display:block;position:relative;clear:both;width:100%;max-width:800px;margin-left:auto;margin-right:auto;\"><div style=\"padding-bottom:56.25%;\"><div class=\"erd-ytplay\" id=\"erdytp-bPxIT0N9STo-6a007c395568f\" data-vid=\"bPxIT0N9STo\"   data-src=\"https:\/\/www.youtube.com\/embed\/bPxIT0N9STo?loop=1&#038;autoplay=1&#038;rel=0\" data-allowfullscreen=\"true\"><img decoding=\"async\" src=\"https:\/\/i.ytimg.com\/vi\/bPxIT0N9STo\/hqdefault.jpg\" alt=\"YouTube Video\" \/><\/div><\/div><\/div>\n<p>&nbsp;<\/p>\n<p>Guitare Neuve Wolfgang Jellinghaus<\/p>\n<p>Replique Antonio De Torres (1817-1892)<\/p>\n<p>\u00a0\u00bb Model FE 17-A\u00a0\u00bb<\/p>\n<p>Echelle de 630mm avec sillet de\u00a051mm<\/p>\n<p>Table en \u00e9pic\u00e9a Allemande \u00ab\u00a0Moon cut\u00a0\u00bb<\/p>\n<p>Fond et \u00e9clisses en palissandre Indien<\/p>\n<p>Manche en c\u00e8dre<\/p>\n<p>Touche en \u00e9b\u00e8ne<\/p>\n<p>Rosace en bois<\/p>\n<p>Chevalet et placage de la t\u00eate en bois de violette<\/p>\n<p>M\u00e9caniques Der Jung au rapport 1:18<\/p>\n<p>Finis au tampon en polis Fran\u00e7ais avec aspect relique<\/p>\n<p>\u00c9tui rigide sur mesure inclus<\/p>\n<p>&nbsp;<\/p>\n<p>La guitare mesure 965 mm \/ 37,99 pouces de hauteur<\/p>\n<p>La longueur du corps est de 457 mm \/ 17,99 pouces<\/p>\n<p>Le bout sup\u00e9rieur est de 254 mm \/ 10 pouces<\/p>\n<p>Le bout inf\u00e9rieur est de 330 mm \/ 12,99 pouces<\/p>\n<p>la largeur est de 890\u00a0mm\u00a0\/\u00a035,039\u00a0pouces<\/p>\n<p>Le poids de la guitare est de 1,3 kg \/ 2,8 lb<\/p>\n<p>&nbsp;<\/p>\n<p>*** Veuillez noter que les photos de stock sont utilis\u00e9es pour la liste de ce mod\u00e8le, la guitare exacte illustr\u00e9e n&rsquo;est plus disponible, la nouvelle guitare offerte diff\u00e9rera l\u00e9g\u00e8rement des images actuelles ***<\/p>\n<p>Ce mod\u00e8le est une reproduction exacte de la soi-disant guitare T\u00e1rrega (FE 17), qui a \u00e9t\u00e9 construite par Antonio de Torres en 1864. C&rsquo;est l&rsquo;un de ses plus petits mod\u00e8les et compt\u00e9 \u00e0 l&rsquo;\u00e9poque comme l&rsquo;un de ses \u00ab\u00a0meilleurs et plus chers\u00a0\u00bb. &lsquo;guitares&#8230;<\/p>\n<p>Fabriqu\u00e9 au Milestone Luthier Center, fond\u00e9 en 2013 par Wolfgang Jellinghaus &amp; Michael Zhang.<\/p>\n<p>L&rsquo;objectif du Milestone Luthier Center est de reconstruire l&rsquo;histoire de la fabrication de guitares classiques en s\u00e9lectionnant six ma\u00eetres luthiers diff\u00e9rents des 230 derni\u00e8res ann\u00e9es qui ont \u00e9tabli de nouvelles normes pour la fabrication de guitares en termes de construction et de son.<\/p>\n<p>Le centre de R &amp; D est \u00e0 Dortmund en Allemagne et l&rsquo;atelier de fabrication de guitares est \u00e0 Guangzhou en Chine<\/p>\n<p>Nous sommes fiers d&rsquo;\u00eatre le revendeur canadien officiel des guitares Wolfgang Jellinghaus<\/p>\n","protected":false},"excerpt":{"rendered":"[youtube v=eCqOrV_qkHw maxwidth=\"800px\"]\n<p>&nbsp;<\/p>\n<p>Reproduction exacte de la guitare dite T\u00e1rrega (FE 17)<\/p>\n<p>Le look relique et l&rsquo;application du Polis Fran\u00e7ais sont extr\u00eamement bien ex\u00e9cut\u00e9s !!!<\/p>\n","protected":false},"featured_media":19427,"comment_status":"open","ping_status":"closed","template":"","meta":{"_mo_disable_npp":""},"product_brand":[],"product_cat":[1058,1057],"product_tag":[1313,1314,1315,1186,1316],"class_list":{"0":"post-24635","1":"product","2":"type-product","3":"status-publish","4":"has-post-thumbnail","6":"product_cat-guitares","7":"product_cat-guitares-classique","8":"product_tag-antonio-de-torres-1817-1892-replica-guitars-fr","9":"product_tag-jellinghaus-torres-17-a-classical-guitar-fr","10":"product_tag-torres-fe-17-guitars-fr","11":"product_tag-wolfgang-jellinghaus-german-luthier-fr","12":"product_tag-wolfgang-jellinghaus-torres-replicas-fr","13":"sales-flash-overlay","14":"woocommerce-text-align-left","15":"woocommerce-image-align-center","16":"do-quantity-buttons","17":"wc-has-gallery","19":"first","20":"instock","21":"sold-individually","22":"taxable","23":"shipping-taxable","24":"purchasable","25":"product-type-simple"},"_links":{"self":[{"href":"https:\/\/www.grandsalondeguitare.com\/fr\/wp-json\/wp\/v2\/product\/24635","targetHints":{"allow":["GET"]}}],"collection":[{"href":"https:\/\/www.grandsalondeguitare.com\/fr\/wp-json\/wp\/v2\/product"}],"about":[{"href":"https:\/\/www.grandsalondeguitare.com\/fr\/wp-json\/wp\/v2\/types\/product"}],"replies":[{"embeddable":true,"href":"https:\/\/www.grandsalondeguitare.com\/fr\/wp-json\/wp\/v2\/comments?post=24635"}],"wp:featuredmedia":[{"embeddable":true,"href":"https:\/\/www.grandsalondeguitare.com\/fr\/wp-json\/wp\/v2\/media\/19427"}],"wp:attachment":[{"href":"https:\/\/www.grandsalondeguitare.com\/fr\/wp-json\/wp\/v2\/media?parent=24635"}],"wp:term":[{"taxonomy":"product_brand","embeddable":true,"href":"https:\/\/www.grandsalondeguitare.com\/fr\/wp-json\/wp\/v2\/product_brand?post=24635"},{"taxonomy":"product_cat","embeddable":true,"href":"https:\/\/www.grandsalondeguitare.com\/fr\/wp-json\/wp\/v2\/product_cat?post=24635"},{"taxonomy":"product_tag","embeddable":true,"href":"https:\/\/www.grandsalondeguitare.com\/fr\/wp-json\/wp\/v2\/product_tag?post=24635"}],"curies":[{"name":"wp","href":"https:\/\/api.w.org\/{rel}","templated":true}]}}