{"id":24629,"date":"2021-06-09T18:23:53","date_gmt":"2021-06-09T23:23:53","guid":{"rendered":"https:\/\/www.grandsalondeguitare.com\/product\/a-262-guitar-lift-big-black\/"},"modified":"2022-09-06T14:43:45","modified_gmt":"2022-09-06T19:43:45","slug":"a-262-guitar-lift-big-black","status":"publish","type":"product","link":"https:\/\/www.grandsalondeguitare.com\/fr\/produit\/a-262-guitar-lift-big-black\/","title":{"rendered":"A-262, Guitarlift \u00ab\u00a0Big Black\u00a0\u00bb"},"content":{"rendered":"<div id=\"erdyt-6a007b8c51636\" data-id=\"ehWnm9Ac-ts\" class=\"erd-youtube-responsive\" style=\"display:block;position:relative;clear:both;width:100%;max-width:800px;margin-left:auto;margin-right:auto;\"><div style=\"padding-bottom:56.25%;\"><div class=\"erd-ytplay\" id=\"erdytp-ehWnm9Ac-ts-6a007b8c51636\" data-vid=\"ehWnm9Ac-ts\"   data-src=\"https:\/\/www.youtube.com\/embed\/ehWnm9Ac-ts?loop=1&#038;autoplay=1&#038;rel=0\" data-allowfullscreen=\"true\"><img decoding=\"async\" src=\"https:\/\/i.ytimg.com\/vi\/ehWnm9Ac-ts\/hqdefault.jpg\" alt=\"YouTube Video\" \/><\/div><\/div><\/div>\n<p>&nbsp;<\/p>\n<p>Guitar Lift \u00ab\u00a0Big Black\u00a0\u00bb<\/p>\n<p>Con\u00e7u par\u00a0:\u00a0F\u00e9lix\u00a0Justen<\/p>\n<p>Caract\u00e9ristiques sp\u00e9cifiques du produit :<\/p>\n<p>Dimensions ext\u00e9rieures : 41 x 26,5 cm<\/p>\n<p>Coupe jambe : 20 cm<\/p>\n<p>Poids du produit : env. 480g<\/p>\n<p>Coup\u00e9 pour s&rsquo;adapter confortablement \u00e0 chaque jambe, le GUITARLIFT a un grand coussin en caoutchouc \u00e9ponge \u00ab\u00a0si\u00e8ge\u00a0\u00bb doux pour tenir parfaitement la guitare<\/p>\n<p>\u00c9quip\u00e9 de ventouses premium (diam\u00e8tre 50 mm).<\/p>\n<p>En Plexiglas \u00ae GS (4 mm, filetage ext\u00e9rieur max. : 26 x 42,5 cm), emballage individuel, avec grand coussin en caoutchouc mousse (circulaire 25 mm, dimension int\u00e9rieure 3 mm) d\u00e9coupe pour les jambes (19,5 cm), 4 ventouses transparentes ( diam\u00e8tre 50 mm) avec clapet de d\u00e9verrouillage, filetage M4 et \u00e9crou molet\u00e9 en acier galvanis\u00e9.<\/p>\n<p>Veuillez noter:<\/p>\n<p>Les tampons auto-adh\u00e9sifs sont UNIQUEMENT n\u00e9cessaires sur les surfaces \u00e0 pores ouverts ou les guitares laqu\u00e9es mates, car l&rsquo;air p\u00e9n\u00e8tre sous la ventouse \u00e0 travers les pores et se desserre ensuite. Les guitares huil\u00e9es et laqu\u00e9es mates et les dos de guitare avec des finitions laqu\u00e9es anciennes et us\u00e9es sont poreux au four.<\/p>\n<p>Cela peut \u00e9galement s&rsquo;appliquer au vernis fran\u00e7ais, car ce type de vernis est sensible \u00e0 l&rsquo;humidit\u00e9 (la sueur) et \u00e0 l&rsquo;abrasion m\u00e9canique. Vous n&rsquo;avez pas besoin de feuilles sur un bon nouveau vernis fran\u00e7ais.<\/p>\n<p>Veuillez consulter un luthier avant de choisir de les mettre sur votre guitare.<\/p>\n<p>**\u00a0Le jeu de tampons auto-adh\u00e9sifs N&rsquo;EST PAS INCLUS avec le GUITARLIFT **<\/p>\n<p>Chaque commande comprend un Guitarlift\u00ae enti\u00e8rement assembl\u00e9 ainsi qu&rsquo;une cl\u00e9 et un manuel.<\/p>\n<p>&nbsp;<\/p>\n<p>*** Les ensembles de tampons auto-adh\u00e9sifs en feuille peuvent \u00eatre command\u00e9s s\u00e9par\u00e9ment sur notre site ***<\/p>\n","protected":false},"excerpt":{"rendered":"<p>GL- \u00ab\u00a0Big-Black\u00a0\u00bb<br \/>\nPour les joueurs de grande taille, avec une posture de jeu moyenne \u00e0 raide.<\/p>\n<p>Le Big Plate est capable de prot\u00e9ger compl\u00e8tement le dos de la guitare contre le corps, emp\u00eachant l&rsquo;amortissement de la surface ainsi que la diffusion de la transpiration dans le bois.<\/p>\n<p>Selon la conception de la guitare, elle agit \u00e9galement comme une double table d&rsquo;harmonie.<\/p>\n<p>Contact complet du corps avec le support, hauteur atteignable de 9 \u00e0 27 cm.<\/p>\n<p>Lev\u00e9e maximale 9 pouces \/ 22,86 cm<\/p>\n","protected":false},"featured_media":19558,"comment_status":"open","ping_status":"closed","template":"","meta":{"_mo_disable_npp":""},"product_brand":[],"product_cat":[1052,1069],"product_tag":[],"class_list":{"0":"post-24629","1":"product","2":"type-product","3":"status-publish","4":"has-post-thumbnail","6":"product_cat-accessoires","7":"product_cat-supports-pour-guitare","8":"sales-flash-overlay","9":"woocommerce-text-align-left","10":"woocommerce-image-align-center","11":"do-quantity-buttons","13":"first","14":"instock","15":"taxable","16":"shipping-taxable","17":"purchasable","18":"product-type-simple"},"_links":{"self":[{"href":"https:\/\/www.grandsalondeguitare.com\/fr\/wp-json\/wp\/v2\/product\/24629","targetHints":{"allow":["GET"]}}],"collection":[{"href":"https:\/\/www.grandsalondeguitare.com\/fr\/wp-json\/wp\/v2\/product"}],"about":[{"href":"https:\/\/www.grandsalondeguitare.com\/fr\/wp-json\/wp\/v2\/types\/product"}],"replies":[{"embeddable":true,"href":"https:\/\/www.grandsalondeguitare.com\/fr\/wp-json\/wp\/v2\/comments?post=24629"}],"wp:featuredmedia":[{"embeddable":true,"href":"https:\/\/www.grandsalondeguitare.com\/fr\/wp-json\/wp\/v2\/media\/19558"}],"wp:attachment":[{"href":"https:\/\/www.grandsalondeguitare.com\/fr\/wp-json\/wp\/v2\/media?parent=24629"}],"wp:term":[{"taxonomy":"product_brand","embeddable":true,"href":"https:\/\/www.grandsalondeguitare.com\/fr\/wp-json\/wp\/v2\/product_brand?post=24629"},{"taxonomy":"product_cat","embeddable":true,"href":"https:\/\/www.grandsalondeguitare.com\/fr\/wp-json\/wp\/v2\/product_cat?post=24629"},{"taxonomy":"product_tag","embeddable":true,"href":"https:\/\/www.grandsalondeguitare.com\/fr\/wp-json\/wp\/v2\/product_tag?post=24629"}],"curies":[{"name":"wp","href":"https:\/\/api.w.org\/{rel}","templated":true}]}}