{"id":24615,"date":"2021-06-10T07:50:13","date_gmt":"2021-06-10T12:50:13","guid":{"rendered":"https:\/\/www.grandsalondeguitare.com\/product\/a-275-oasis-inspiro-nt-bass-sets\/"},"modified":"2025-04-08T16:59:44","modified_gmt":"2025-04-08T21:59:44","slug":"a-275-oasis-inspiro-nt-bass-sets","status":"publish","type":"product","link":"https:\/\/www.grandsalondeguitare.com\/fr\/produit\/a-275-oasis-inspiro-nt-bass-sets\/","title":{"rendered":"A-275, Oasis Inspiro NT Bass sets"},"content":{"rendered":"","protected":false},"excerpt":{"rendered":"<p>La plupart des cordes de basse pour guitare classique utilisent du nylon multifilament comme \u00e2me. Oasis\u00ae a estim\u00e9 que ce n&rsquo;\u00e9tait pas suffisant\u00a0; nous avons donc cr\u00e9\u00e9 les cordes de basse Inspiro\u2122 pour guitare classique.<\/p>\n<p>Les cordes de basse Inspiro\u2122 sont fabriqu\u00e9es avec une \u00e2me multifilament exclusive, sans nylon, et sont soigneusement gain\u00e9es d&rsquo;un fil de cuivre argent\u00e9. Ainsi, les cordes de basse Inspiro\u2122 offrent un son extr\u00eamement clair, une projection puissante, un excellent sustain et une stabilisation rapide \u00e0 la hauteur souhait\u00e9e avec un minimum d&rsquo;\u00e9tirement. Les cordes de basse Inspiro\u2122 sont \u00e9galement tr\u00e8s r\u00e9sistantes et dureront plus longtemps que les cordes de basse \u00e0 \u00e2me en nylon.<\/p>\n<p>Chez Oasis\u00ae, nous sommes convaincus que les cordes de basse Inspiro\u2122 inspireront votre jeu de guitare et am\u00e9lioreront votre plaisir de jouer de votre instrument.<\/p>\n<p>Les cordes de basse Inspiro\u2122 sont disponibles en tensions normale et \u00e9lev\u00e9e, avec des tensions GPX\u2122 normales ou \u00e9lev\u00e9es.<\/p>\n<p>Elles sont emball\u00e9es dans des sacs en poly\u00e9thyl\u00e8ne r\u00e9sistants au ternissement.<\/p>\n","protected":false},"featured_media":19607,"comment_status":"open","ping_status":"closed","template":"","meta":{"_mo_disable_npp":""},"product_brand":[],"product_cat":[1052,1054,2190],"product_tag":[],"class_list":{"0":"post-24615","1":"product","2":"type-product","3":"status-publish","4":"has-post-thumbnail","6":"product_cat-accessoires","7":"product_cat-cordes","8":"product_cat-half-sets","9":"sales-flash-overlay","10":"woocommerce-text-align-left","11":"woocommerce-image-align-center","12":"do-quantity-buttons","14":"first","15":"instock","16":"taxable","17":"shipping-taxable","18":"purchasable","19":"product-type-simple"},"_links":{"self":[{"href":"https:\/\/www.grandsalondeguitare.com\/fr\/wp-json\/wp\/v2\/product\/24615","targetHints":{"allow":["GET"]}}],"collection":[{"href":"https:\/\/www.grandsalondeguitare.com\/fr\/wp-json\/wp\/v2\/product"}],"about":[{"href":"https:\/\/www.grandsalondeguitare.com\/fr\/wp-json\/wp\/v2\/types\/product"}],"replies":[{"embeddable":true,"href":"https:\/\/www.grandsalondeguitare.com\/fr\/wp-json\/wp\/v2\/comments?post=24615"}],"wp:featuredmedia":[{"embeddable":true,"href":"https:\/\/www.grandsalondeguitare.com\/fr\/wp-json\/wp\/v2\/media\/19607"}],"wp:attachment":[{"href":"https:\/\/www.grandsalondeguitare.com\/fr\/wp-json\/wp\/v2\/media?parent=24615"}],"wp:term":[{"taxonomy":"product_brand","embeddable":true,"href":"https:\/\/www.grandsalondeguitare.com\/fr\/wp-json\/wp\/v2\/product_brand?post=24615"},{"taxonomy":"product_cat","embeddable":true,"href":"https:\/\/www.grandsalondeguitare.com\/fr\/wp-json\/wp\/v2\/product_cat?post=24615"},{"taxonomy":"product_tag","embeddable":true,"href":"https:\/\/www.grandsalondeguitare.com\/fr\/wp-json\/wp\/v2\/product_tag?post=24615"}],"curies":[{"name":"wp","href":"https:\/\/api.w.org\/{rel}","templated":true}]}}