{"id":24613,"date":"2021-06-10T09:39:48","date_gmt":"2021-06-10T14:39:48","guid":{"rendered":"https:\/\/www.grandsalondeguitare.com\/product\/c-561-constantin-dumitriu-romania\/"},"modified":"2022-04-14T10:37:09","modified_gmt":"2022-04-14T15:37:09","slug":"c-561-constantin-dumitriu-romania","status":"publish","type":"product","link":"https:\/\/www.grandsalondeguitare.com\/fr\/produit\/c-561-constantin-dumitriu-romania\/","title":{"rendered":"C-561, Constantin Dumitriu (Roumanie)"},"content":{"rendered":"<div id=\"erdyt-6a007b8b4dee1\" data-id=\"zbeueky19Z0\" class=\"erd-youtube-responsive\" style=\"display:block;position:relative;clear:both;width:100%;max-width:800px;margin-left:auto;margin-right:auto;\"><div style=\"padding-bottom:56.25%;\"><div class=\"erd-ytplay\" id=\"erdytp-zbeueky19Z0-6a007b8b4dee1\" data-vid=\"zbeueky19Z0\"   data-src=\"https:\/\/www.youtube.com\/embed\/zbeueky19Z0?loop=1&#038;autoplay=1&#038;rel=0\" data-allowfullscreen=\"true\"><img decoding=\"async\" src=\"https:\/\/i.ytimg.com\/vi\/zbeueky19Z0\/hqdefault.jpg\" alt=\"YouTube Video\" \/><\/div><\/div><\/div>\n<p>&nbsp;<\/p>\n<p>Guitare classique de concert<\/p>\n<p>Fabriqu\u00e9 en 2015<\/p>\n<p>Table en c\u00e8dre<\/p>\n<p>Fond et \u00e9clisses en palissandre du Madagascar<\/p>\n<p>Dos arqu\u00e9<\/p>\n<p>Eclisses doubler\u00a0<\/p>\n<p>Manche sur\u00e9lev\u00e9e en c\u00e8dre Espagnol<\/p>\n<p>Touche en \u00e9b\u00e8ne\u00a0<\/p>\n<p>Repose bras<\/p>\n<p>Chevalet &amp; placage de la t\u00eate en palissandre du Madagascar<\/p>\n<p>M\u00e9caniques Gotoh 35G510 avec rouleaux en aluminium et boutons en nacre noire<\/p>\n<p>Finition frott\u00e9e \u00e0 la main en\u00a0polis Fran\u00e7ais\u00a0<\/p>\n<p>\u00c9tui rigide \u00e0 double arc inclus<\/p>\n<p>Le poids de la guitares est 2,4 kg \/ 5,4 lb<\/p>\n<div id=\"erdyt-6a007b8b4df48\" data-id=\"rd9yH1-zKAk\" class=\"erd-youtube-responsive\" style=\"display:block;position:relative;clear:both;width:100%;max-width:800px;margin-left:auto;margin-right:auto;\"><div style=\"padding-bottom:56.25%;\"><div class=\"erd-ytplay\" id=\"erdytp-rd9yH1-zKAk-6a007b8b4df48\" data-vid=\"rd9yH1-zKAk\"   data-src=\"https:\/\/www.youtube.com\/embed\/rd9yH1-zKAk?loop=1&#038;autoplay=1&#038;rel=0\" data-allowfullscreen=\"true\"><img decoding=\"async\" src=\"https:\/\/i.ytimg.com\/vi\/rd9yH1-zKAk\/hqdefault.jpg\" alt=\"YouTube Video\" \/><\/div><\/div><\/div>\n","protected":false},"excerpt":{"rendered":"<p>En excellent \u00e9tat !!!<\/p>\n<p>Une superbe guitare de concert du luthier Roumain Constantin Dumitriu<\/p>\n<p>La table en c\u00e8dre massif a une structure de renfort tr\u00e8s sp\u00e9ciale, donnant \u00e0 la guitare beaucoup de profondeur, d&rsquo;\u00e9quilibre et de projection.<\/p>\n<p>Tonalit\u00e9 bois\u00e9e sombre, avec des basses chaudes et des aigus tr\u00e8s chantants&#8230;<\/p>\n<p>A essayer !!!<\/p>\n","protected":false},"featured_media":19615,"comment_status":"open","ping_status":"closed","template":"","meta":{"_mo_disable_npp":""},"product_brand":[],"product_cat":[1058,1057],"product_tag":[],"class_list":{"0":"post-24613","1":"product","2":"type-product","3":"status-publish","4":"has-post-thumbnail","6":"product_cat-guitares","7":"product_cat-guitares-classique","8":"sales-flash-overlay","9":"woocommerce-text-align-left","10":"woocommerce-image-align-center","11":"do-quantity-buttons","12":"wc-has-gallery","14":"first","15":"outofstock","16":"taxable","17":"shipping-taxable","18":"product-type-simple"},"_links":{"self":[{"href":"https:\/\/www.grandsalondeguitare.com\/fr\/wp-json\/wp\/v2\/product\/24613","targetHints":{"allow":["GET"]}}],"collection":[{"href":"https:\/\/www.grandsalondeguitare.com\/fr\/wp-json\/wp\/v2\/product"}],"about":[{"href":"https:\/\/www.grandsalondeguitare.com\/fr\/wp-json\/wp\/v2\/types\/product"}],"replies":[{"embeddable":true,"href":"https:\/\/www.grandsalondeguitare.com\/fr\/wp-json\/wp\/v2\/comments?post=24613"}],"wp:featuredmedia":[{"embeddable":true,"href":"https:\/\/www.grandsalondeguitare.com\/fr\/wp-json\/wp\/v2\/media\/19615"}],"wp:attachment":[{"href":"https:\/\/www.grandsalondeguitare.com\/fr\/wp-json\/wp\/v2\/media?parent=24613"}],"wp:term":[{"taxonomy":"product_brand","embeddable":true,"href":"https:\/\/www.grandsalondeguitare.com\/fr\/wp-json\/wp\/v2\/product_brand?post=24613"},{"taxonomy":"product_cat","embeddable":true,"href":"https:\/\/www.grandsalondeguitare.com\/fr\/wp-json\/wp\/v2\/product_cat?post=24613"},{"taxonomy":"product_tag","embeddable":true,"href":"https:\/\/www.grandsalondeguitare.com\/fr\/wp-json\/wp\/v2\/product_tag?post=24613"}],"curies":[{"name":"wp","href":"https:\/\/api.w.org\/{rel}","templated":true}]}}