{"id":24610,"date":"2021-06-11T14:51:11","date_gmt":"2021-06-11T19:51:11","guid":{"rendered":"https:\/\/www.grandsalondeguitare.com\/product\/c-562-wolfgang-jellinghaus-germany\/"},"modified":"2025-11-16T14:23:24","modified_gmt":"2025-11-16T19:23:24","slug":"c-562-wolfgang-jellinghaus-germany","status":"publish","type":"product","link":"https:\/\/www.grandsalondeguitare.com\/fr\/produit\/c-562-wolfgang-jellinghaus-germany\/","title":{"rendered":"C-562, W. Jellinghaus \u00ab\u00a0FE 17-1A\u00a0\u00bb (Nat)"},"content":{"rendered":"<p>Antonio De Torres (1817-1892)<\/p>\n<p>\u00a0\u00bb Model FE 17-1A\u00a0\u00bb au finis naturel<\/p>\n<p>Diapason 630 mm<\/p>\n<p>Sillet de t\u00eate 52 mm<\/p>\n<p>Table en \u00e9pic\u00e9a allemand \u00ab\u00a0Moon cut\u00a0\u00bb<\/p>\n<p>Dos et \u00e9clisses en \u00e9rable<\/p>\n<p>Manche en c\u00e8dre<\/p>\n<p>Touche en \u00e9b\u00e8ne<\/p>\n<p>Rosace en bois<\/p>\n<p>Chevalet et t\u00eate en placage de bois de rose<\/p>\n<p>Sillet de t\u00eate en os<\/p>\n<p>M\u00e9caniques Der Jung 1:18<\/p>\n<p>Finition polie \u00e0 la main<\/p>\n<p>\u00c9tui rigide sur mesure inclus<\/p>\n<p>&nbsp;<\/p>\n<p>La guitare mesure 96,5 cm \/ 37,99 pouces de haut<\/p>\n<p>La longueur du corps est de 45,7 cm \/ 17,99 pouces<\/p>\n<p>La partie sup\u00e9rieure mesure 25,4 cm \/ 10 pouces<\/p>\n<p>La partie inf\u00e9rieure mesure 33 cm \/ 12,99 pouces<\/p>\n<p>La largeur est de 9 cm \/ 3,54 pouces<\/p>\n<p>Le poids est de 1,3 kg \/ 2,8 lb<\/p>\n<p>&nbsp;<\/p>\n<p>*** Veuillez noter que des photos generique sont utilis\u00e9es pour la liste de ce mod\u00e8le, la guitare exacte illustr\u00e9e n&rsquo;est plus disponible, la nouvelle guitare est offerte sera l\u00e9g\u00e8rement diff\u00e9rent des photos actuelles ***<\/p>\n<p>Ce mod\u00e8le est une reproduction exacte de la guitare dite T\u00e1rrega (FE 17), qui a \u00e9t\u00e9 construite par Antonio de Torres en 1864. C&rsquo;est l&rsquo;un de ses plus petits mod\u00e8les et consid\u00e9r\u00e9 \u00e0 l&rsquo;\u00e9poque comme l&rsquo;une de ses guitares \u00ab meilleures et plus ch\u00e8res \u00bb&#8230;<\/p>\n<p>Fabriqu\u00e9e au Milestone Luthier Centre, fond\u00e9 en 2013 par Wolfgang Jellinghaus et Michael Zhang.<\/p>\n<p>L&rsquo;objectif du Milestone Luthier Centre est de reconstruire l&rsquo;histoire de la lutherie classique en s\u00e9lectionnant six ma\u00eetres luthiers diff\u00e9rents des 230 derni\u00e8res ann\u00e9es qui ont \u00e9tabli de nouvelles normes pour la lutherie en termes de construction et de son.<\/p>\n<p>Le centre de recherche et d\u00e9veloppement se trouve \u00e0 Dortmund en Allemagne et l&rsquo;atelier de lutherie \u00e0 Guangzhou en Chine.<\/p>\n<p>Nous sommes fiers d&rsquo;\u00eatre le revendeur canadien des guitares Wolfgang Jellinghaus<\/p>\n<p>&nbsp;<\/p>\n<div id=\"erdyt-6a007b8b7a822\" data-id=\"bPxIT0N9STo\" class=\"erd-youtube-responsive\" style=\"display:block;position:relative;clear:both;width:100%;max-width:800px;margin-left:auto;margin-right:auto;\"><div style=\"padding-bottom:56.25%;\"><div class=\"erd-ytplay\" id=\"erdytp-bPxIT0N9STo-6a007b8b7a822\" data-vid=\"bPxIT0N9STo\"   data-src=\"https:\/\/www.youtube.com\/embed\/bPxIT0N9STo?loop=1&#038;autoplay=1&#038;rel=0\" data-allowfullscreen=\"true\"><img decoding=\"async\" src=\"https:\/\/i.ytimg.com\/vi\/bPxIT0N9STo\/hqdefault.jpg\" alt=\"YouTube Video\" \/><\/div><\/div><\/div>\n<p>&nbsp;<\/p>\n","protected":false},"excerpt":{"rendered":"<div class=\"woocommerce-product-details__short-description\">\n<div class=\"kw-details-desc\">\n[youtube v=Y4avk8Od7lM maxwidth=\"800px\"]\n<p>&nbsp;<\/p>\n<p>Reproduction exacte de la guitare dite T\u00e1rrega (FE 17)<\/p>\n<p>Une guitare magnifique avec une tres belle sonorit\u00e9&#8230;excellente finition et\u00a0 jouabilit\u00e9<\/p>\n<p>Une \u0153uvre d&rsquo;art !!! Un incontournable pour quiconque souhaite poss\u00e9der une guitare Torres !!!<\/p>\n<p>L&rsquo;application du vernis au tampon est extr\u00eamement bien ex\u00e9cut\u00e9e !!!<\/p>\n<\/div>\n<\/div>\n","protected":false},"featured_media":54327,"comment_status":"closed","ping_status":"closed","template":"","meta":{"_mo_disable_npp":""},"product_brand":[],"product_cat":[1058,1057],"product_tag":[1298,1299,1300,1301,1302,1186],"class_list":{"0":"post-24610","1":"product","2":"type-product","3":"status-publish","4":"has-post-thumbnail","6":"product_cat-guitares","7":"product_cat-guitares-classique","8":"product_tag-antonio-de-torres-classical-guitars-fr","9":"product_tag-antonio-de-torres-fe-17-fr","10":"product_tag-torres-classical-guitar-montreal-canada-fr","11":"product_tag-torres-replica-classical-guitars-fr","12":"product_tag-torres-replica-models-montreal-canada-fr","13":"product_tag-wolfgang-jellinghaus-german-luthier-fr","14":"sales-flash-overlay","15":"woocommerce-text-align-left","16":"woocommerce-image-align-center","17":"do-quantity-buttons","18":"wc-has-gallery","20":"first","21":"outofstock","22":"sold-individually","23":"taxable","24":"shipping-taxable","25":"product-type-simple"},"_links":{"self":[{"href":"https:\/\/www.grandsalondeguitare.com\/fr\/wp-json\/wp\/v2\/product\/24610","targetHints":{"allow":["GET"]}}],"collection":[{"href":"https:\/\/www.grandsalondeguitare.com\/fr\/wp-json\/wp\/v2\/product"}],"about":[{"href":"https:\/\/www.grandsalondeguitare.com\/fr\/wp-json\/wp\/v2\/types\/product"}],"replies":[{"embeddable":true,"href":"https:\/\/www.grandsalondeguitare.com\/fr\/wp-json\/wp\/v2\/comments?post=24610"}],"wp:featuredmedia":[{"embeddable":true,"href":"https:\/\/www.grandsalondeguitare.com\/fr\/wp-json\/wp\/v2\/media\/54327"}],"wp:attachment":[{"href":"https:\/\/www.grandsalondeguitare.com\/fr\/wp-json\/wp\/v2\/media?parent=24610"}],"wp:term":[{"taxonomy":"product_brand","embeddable":true,"href":"https:\/\/www.grandsalondeguitare.com\/fr\/wp-json\/wp\/v2\/product_brand?post=24610"},{"taxonomy":"product_cat","embeddable":true,"href":"https:\/\/www.grandsalondeguitare.com\/fr\/wp-json\/wp\/v2\/product_cat?post=24610"},{"taxonomy":"product_tag","embeddable":true,"href":"https:\/\/www.grandsalondeguitare.com\/fr\/wp-json\/wp\/v2\/product_tag?post=24610"}],"curies":[{"name":"wp","href":"https:\/\/api.w.org\/{rel}","templated":true}]}}