{"id":24606,"date":"2021-06-12T12:00:32","date_gmt":"2021-06-12T17:00:32","guid":{"rendered":"https:\/\/www.grandsalondeguitare.com\/product\/c-548-claude-guibord-canada\/"},"modified":"2023-03-22T13:59:23","modified_gmt":"2023-03-22T18:59:23","slug":"c-548-claude-guibord-canada","status":"publish","type":"product","link":"https:\/\/www.grandsalondeguitare.com\/fr\/produit\/c-548-claude-guibord-canada\/","title":{"rendered":"C-566, Claude Guibord (Canada)"},"content":{"rendered":"<p>Guitare classique de concert \u00e0 7 cordes<\/p>\n<p>N-034 construit en l&rsquo;an 2000<\/p>\n<p>Table en \u00e9pic\u00e9a Europ\u00e9en<\/p>\n<p>Fond et \u00e9clisses en palissandre Indien<\/p>\n<p>Manche en c\u00e8dre<\/p>\n<p>Touche en \u00e9b\u00e8ne<\/p>\n<p>Chevalet et placage de la t\u00eate en palissandre Br\u00e9silien\u00a0<\/p>\n<p>M\u00e9caniques Irving Sloane avec boutons en \u00e9b\u00e8ne<\/p>\n<p>Finis enti\u00e8rement au tampon en polis Fran\u00e7ais<\/p>\n<p>\u00c9tui rigide en polyfoam inclus<\/p>\n","protected":false},"excerpt":{"rendered":"<p>Une tr\u00e8s belle trouvaille de l&rsquo;excellent luthier Qu\u00e9b\u00e9cois<\/p>\n<p>Claude fabrique des guitares depuis plus de 30 ans, cette 7 cordes est dans un \u00e9tat comme neuf !!!<\/p>\n<p>Excellente tonalit\u00e9, projection et jouabilit\u00e9&#8230;<\/p>\n<p>Un essaie s&rsquo;impose<\/p>\n","protected":false},"featured_media":20259,"comment_status":"open","ping_status":"closed","template":"","meta":{"_mo_disable_npp":""},"product_brand":[],"product_cat":[1058,1057],"product_tag":[1292,1293,1294,1295],"class_list":{"0":"post-24606","1":"product","2":"type-product","3":"status-publish","4":"has-post-thumbnail","6":"product_cat-guitares","7":"product_cat-guitares-classique","8":"product_tag-grand-guitar-salon-montreal-canada-fr","9":"product_tag-guibord-7-strings-classical-model-fr","10":"product_tag-hand-made-guitar-by-claude-guibord-fr","11":"product_tag-luthier-claude-guibord-fr","12":"sales-flash-overlay","13":"woocommerce-text-align-left","14":"woocommerce-image-align-center","15":"do-quantity-buttons","16":"wc-has-gallery","18":"first","19":"outofstock","20":"taxable","21":"shipping-taxable","22":"product-type-simple"},"_links":{"self":[{"href":"https:\/\/www.grandsalondeguitare.com\/fr\/wp-json\/wp\/v2\/product\/24606","targetHints":{"allow":["GET"]}}],"collection":[{"href":"https:\/\/www.grandsalondeguitare.com\/fr\/wp-json\/wp\/v2\/product"}],"about":[{"href":"https:\/\/www.grandsalondeguitare.com\/fr\/wp-json\/wp\/v2\/types\/product"}],"replies":[{"embeddable":true,"href":"https:\/\/www.grandsalondeguitare.com\/fr\/wp-json\/wp\/v2\/comments?post=24606"}],"wp:featuredmedia":[{"embeddable":true,"href":"https:\/\/www.grandsalondeguitare.com\/fr\/wp-json\/wp\/v2\/media\/20259"}],"wp:attachment":[{"href":"https:\/\/www.grandsalondeguitare.com\/fr\/wp-json\/wp\/v2\/media?parent=24606"}],"wp:term":[{"taxonomy":"product_brand","embeddable":true,"href":"https:\/\/www.grandsalondeguitare.com\/fr\/wp-json\/wp\/v2\/product_brand?post=24606"},{"taxonomy":"product_cat","embeddable":true,"href":"https:\/\/www.grandsalondeguitare.com\/fr\/wp-json\/wp\/v2\/product_cat?post=24606"},{"taxonomy":"product_tag","embeddable":true,"href":"https:\/\/www.grandsalondeguitare.com\/fr\/wp-json\/wp\/v2\/product_tag?post=24606"}],"curies":[{"name":"wp","href":"https:\/\/api.w.org\/{rel}","templated":true}]}}