{"id":24596,"date":"2021-07-16T15:21:32","date_gmt":"2021-07-16T20:21:32","guid":{"rendered":"https:\/\/www.grandsalondeguitare.com\/product\/c-572-daniel-stark-germany\/"},"modified":"2025-10-21T12:18:19","modified_gmt":"2025-10-21T17:18:19","slug":"c-572-daniel-stark-germany","status":"publish","type":"product","link":"https:\/\/www.grandsalondeguitare.com\/fr\/produit\/c-572-daniel-stark-germany\/","title":{"rendered":"C-572, Daniel Stark (Allemagne)"},"content":{"rendered":"<p>Guitare classique de concert \u00e0 double table<\/p>\n<p>Fabriqu\u00e9e en Allemagne<\/p>\n<p>Ann\u00e9e 2021<\/p>\n<p>Guitare N-123<\/p>\n<p>Diapason de 650 mm avec sillet de 52 mm et 62 mm \u00e0 la 12e frette<\/p>\n<p>Double table en \u00e9pic\u00e9a-c\u00e8dre<\/p>\n<p>Membrane ext\u00e9rieure en \u00e9pic\u00e9a europ\u00e9en<\/p>\n<p>Membrane int\u00e9rieure en c\u00e8dre + balsa<\/p>\n<p>Barrage asym\u00e9trique \u00e0 6 ventilateurs<\/p>\n<p>Dos et \u00e9clisses en palissandre de Madagascar de la plus haute qualit\u00e9<\/p>\n<p>Manche sur\u00e9lev\u00e9 d&rsquo;un c\u00f4t\u00e9 en c\u00e8dre espagnol avec renfort en carbone<\/p>\n<p>Touche en \u00e9b\u00e8ne (20 frettes)<\/p>\n<p>Chevalet en palissandre Santos<\/p>\n<p>Placage de t\u00eate en noyer anglais<\/p>\n<p>Accoudoir en noyer fris\u00e9<\/p>\n<p>Fixations en noyer<\/p>\n<p>Chevalet et sillet en os de mammouth<\/p>\n<p>Nouveau design de rosace avec bloc de liaison assorti sur le sillet<\/p>\n<p>M\u00e9caniques Alessi haut de gamme<\/p>\n<p>Finition vernis au tampon Shellac<\/p>\n<p>Le poids de la guitare est de 1,55 kg \/ 3,417 livres<\/p>\n<p>\u00c9tui Hiscox Liteflite Pro II inclus<\/p>\n<p>&nbsp;<\/p>\n<p>Le parcours de Daniel Stark dans le monde de la lutherie a commenc\u00e9 par une passion pr\u00e9coce pour la musique, cultiv\u00e9e par l&rsquo;\u00e9tude de la guitare classique.<\/p>\n<p>Apr\u00e8s avoir obtenu son dipl\u00f4me d&rsquo;\u00e9tudes secondaires, il a affin\u00e9 et perfectionn\u00e9 son savoir-faire lors d&rsquo;un stage d&rsquo;un an aupr\u00e8s du c\u00e9l\u00e8bre luthier Stephan Schlemper, s&rsquo;inspirant du l\u00e9gendaire Antonio de Torres.<\/p>\n<p>En 2006, Daniel a obtenu son dipl\u00f4me de l&rsquo;Universit\u00e9 des sciences appliqu\u00e9es de fabrication d&rsquo;instruments de musique de Markneukirchen, o\u00f9 son talent a acquis une reconnaissance internationale.<\/p>\n<p>Des musiciens r\u00e9put\u00e9s tels que le professeur Eric Franceries et le professeur Jan Labant ont \u00e9t\u00e9 parmi les premiers \u00e0 adopter ses instruments, ouvrant la voie \u00e0 une carri\u00e8re florissante.<\/p>\n<p>Aujourd&rsquo;hui, Daniel g\u00e8re son atelier \u00e0 Friedrichsfehn, en Allemagne, o\u00f9 ses guitares sont r\u00e9put\u00e9es pour leur qualit\u00e9 sonore et leur savoir-faire irr\u00e9prochables.<\/p>\n<p>*** We are proud to be North America\u2019s exclusive dealer for Daniel Stark\u00a0guitars***<\/p>\n","protected":false},"excerpt":{"rendered":"<p><a href=\"http:\/\/[youtube%20v=s84f3NIj7Js%20maxwidth=800px]\">[youtube v=IrQNMpumwYE \"800px\"]<\/a><\/p>\n<p>&nbsp;<\/p>\n<p>Directement d&rsquo;Allemagne, une autre superbe guitare de concert de Daniel !!!<\/p>\n<p>Table double en \u00e9pic\u00e9a\/c\u00e8dre avec noyau int\u00e9rieur en balsa&#8230;<\/p>\n<p>Superbe sonorit\u00e9 traditionnelle avec des basses sombres et bois\u00e9es comme celles du violoncelle&#8230;<\/p>\n<p>Excellents aigus chantants sur toute la table&#8230;<\/p>\n<p>Extr\u00eamement facile \u00e0 jouer avec une projection de niveau concert&#8230;<\/p>\n<p>Instrument tout simplement INCROYABLE !!!<\/p>\n","protected":false},"featured_media":20734,"comment_status":"closed","ping_status":"closed","template":"","meta":{"_mo_disable_npp":""},"product_brand":[],"product_cat":[2257,2258,1058,1057],"product_tag":[1059,1271,1060,1061,1062],"class_list":{"0":"post-24596","1":"product","2":"type-product","3":"status-publish","4":"has-post-thumbnail","6":"product_cat-double-tables","7":"product_cat-double-tops","8":"product_cat-guitares","9":"product_cat-guitares-classique","10":"product_tag-balsa-inner-core-double-top-guitars-montreal-canada-fr","11":"product_tag-daniel-stark-concert-double-top-guitars-fr","12":"product_tag-daniel-stark-german-luthier-montreal-canada-fr","13":"product_tag-double-top-guitars-montreal-canada-fr","14":"product_tag-high-end-guitar-showroom-montreal-canada-fr","15":"sales-flash-overlay","16":"woocommerce-text-align-left","17":"woocommerce-image-align-center","18":"do-quantity-buttons","19":"wc-has-gallery","21":"first","22":"outofstock","23":"sold-individually","24":"taxable","25":"shipping-taxable","26":"product-type-simple"},"_links":{"self":[{"href":"https:\/\/www.grandsalondeguitare.com\/fr\/wp-json\/wp\/v2\/product\/24596","targetHints":{"allow":["GET"]}}],"collection":[{"href":"https:\/\/www.grandsalondeguitare.com\/fr\/wp-json\/wp\/v2\/product"}],"about":[{"href":"https:\/\/www.grandsalondeguitare.com\/fr\/wp-json\/wp\/v2\/types\/product"}],"replies":[{"embeddable":true,"href":"https:\/\/www.grandsalondeguitare.com\/fr\/wp-json\/wp\/v2\/comments?post=24596"}],"wp:featuredmedia":[{"embeddable":true,"href":"https:\/\/www.grandsalondeguitare.com\/fr\/wp-json\/wp\/v2\/media\/20734"}],"wp:attachment":[{"href":"https:\/\/www.grandsalondeguitare.com\/fr\/wp-json\/wp\/v2\/media?parent=24596"}],"wp:term":[{"taxonomy":"product_brand","embeddable":true,"href":"https:\/\/www.grandsalondeguitare.com\/fr\/wp-json\/wp\/v2\/product_brand?post=24596"},{"taxonomy":"product_cat","embeddable":true,"href":"https:\/\/www.grandsalondeguitare.com\/fr\/wp-json\/wp\/v2\/product_cat?post=24596"},{"taxonomy":"product_tag","embeddable":true,"href":"https:\/\/www.grandsalondeguitare.com\/fr\/wp-json\/wp\/v2\/product_tag?post=24596"}],"curies":[{"name":"wp","href":"https:\/\/api.w.org\/{rel}","templated":true}]}}