{"id":24594,"date":"2021-07-22T17:47:55","date_gmt":"2021-07-22T22:47:55","guid":{"rendered":"https:\/\/www.grandsalondeguitare.com\/product\/c-574-esteve-3st-64-spain-copy\/"},"modified":"2022-03-29T10:51:51","modified_gmt":"2022-03-29T15:51:51","slug":"c-574-esteve-3st-64-spain-copy","status":"publish","type":"product","link":"https:\/\/www.grandsalondeguitare.com\/fr\/produit\/c-574-esteve-3st-64-spain-copy\/","title":{"rendered":"C-574, Esteve 3ST-64 (Espagne)"},"content":{"rendered":"<p>Guitarras Francisco Esteve S.A.<\/p>\n<p>Guitare cadet<\/p>\n<p>\u00ab\u00a0Mod\u00e8le 3ST-64\u00a0\u00bb<\/p>\n<p>\u00c9chelle de 640 mm<\/p>\n<p>Scillet 50 mm<\/p>\n<p>Table en c\u00e8dre<\/p>\n<p>Dos et \u00e9clisses en Sapelly<\/p>\n<p>Manche en acajou<\/p>\n<p>Touche en sonokeling ou palissandre indien<\/p>\n<p>Chevalet et placage de la t\u00eate en palissandre<\/p>\n<p>M\u00e9caniques de luxe<\/p>\n<p>Finition laque polyur\u00e9thane<\/p>\n<p>\u00c9tui en polymousse inclus<\/p>\n<p>La guitare mesure 970 mm \/ 38,189 pouces de hauteur<\/p>\n<p>La longueur du corps est de 472 mm \/ 18,58 pouces<\/p>\n<p>Le bout sup\u00e9rieur est de 262 mm \/ 10,315 pouces<\/p>\n<p>Le bout inf\u00e9rieur est de 354 mm \/ 13,937 pouces<\/p>\n<p>La largeur est de 95\u00a0mm\u00a0\/\u00a03,74\u00a0pouces<\/p>\n<p>Le poids est de 1,5 kg \/ 3,2 lb<\/p>\n<p>*** Veuillez noter que des photos g\u00e9n\u00e9riques sont utilis\u00e9es pour ce mod\u00e8le, la guitare exacte illustr\u00e9e n&rsquo;est plus disponible, la nouvelle guitare offerte diff\u00e9rera l\u00e9g\u00e8rement des images actuelles ***<\/p>\n<p>Nous sommes fiers d&rsquo;\u00eatre le revendeur Canadien officiel, des guitares Francisco Esteve<\/p>\n","protected":false},"excerpt":{"rendered":"<p>Guitarras Francisco Esteve S.A.<\/p>\n<p>Nouvelle guitare Cadet<\/p>\n<p>\u00a0\u00bb Mod\u00e8le 3ST-64&Prime; avec une \u00e9chelle courte de 640\u00a0mm et un corps l\u00e9g\u00e8rement plus petit<\/p>\n<p>&nbsp;<\/p>\n","protected":false},"featured_media":20819,"comment_status":"closed","ping_status":"closed","template":"","meta":{"_mo_disable_npp":""},"product_brand":[],"product_cat":[1058,1057],"product_tag":[1269,1194,1157,1195],"class_list":{"0":"post-24594","1":"product","2":"type-product","3":"status-publish","4":"has-post-thumbnail","6":"product_cat-guitares","7":"product_cat-guitares-classique","8":"product_tag-esteve-3st-64-cadet-guitar-fr","9":"product_tag-esteve-cadet-guitars-fr","10":"product_tag-esteve-guitars-from-spain-fr","11":"product_tag-francisco-esteve-guitars-fr","12":"sales-flash-overlay","13":"woocommerce-text-align-left","14":"woocommerce-image-align-center","15":"do-quantity-buttons","16":"wc-has-gallery","18":"first","19":"outofstock","20":"sold-individually","21":"taxable","22":"shipping-taxable","23":"product-type-simple"},"_links":{"self":[{"href":"https:\/\/www.grandsalondeguitare.com\/fr\/wp-json\/wp\/v2\/product\/24594","targetHints":{"allow":["GET"]}}],"collection":[{"href":"https:\/\/www.grandsalondeguitare.com\/fr\/wp-json\/wp\/v2\/product"}],"about":[{"href":"https:\/\/www.grandsalondeguitare.com\/fr\/wp-json\/wp\/v2\/types\/product"}],"replies":[{"embeddable":true,"href":"https:\/\/www.grandsalondeguitare.com\/fr\/wp-json\/wp\/v2\/comments?post=24594"}],"wp:featuredmedia":[{"embeddable":true,"href":"https:\/\/www.grandsalondeguitare.com\/fr\/wp-json\/wp\/v2\/media\/20819"}],"wp:attachment":[{"href":"https:\/\/www.grandsalondeguitare.com\/fr\/wp-json\/wp\/v2\/media?parent=24594"}],"wp:term":[{"taxonomy":"product_brand","embeddable":true,"href":"https:\/\/www.grandsalondeguitare.com\/fr\/wp-json\/wp\/v2\/product_brand?post=24594"},{"taxonomy":"product_cat","embeddable":true,"href":"https:\/\/www.grandsalondeguitare.com\/fr\/wp-json\/wp\/v2\/product_cat?post=24594"},{"taxonomy":"product_tag","embeddable":true,"href":"https:\/\/www.grandsalondeguitare.com\/fr\/wp-json\/wp\/v2\/product_tag?post=24594"}],"curies":[{"name":"wp","href":"https:\/\/api.w.org\/{rel}","templated":true}]}}