{"id":24590,"date":"2021-07-23T14:50:07","date_gmt":"2021-07-23T19:50:07","guid":{"rendered":"https:\/\/www.grandsalondeguitare.com\/product\/c-577-esteve-7sr-sp-spain\/"},"modified":"2024-04-11T13:13:51","modified_gmt":"2024-04-11T18:13:51","slug":"c-577-esteve-7sr-sp-spain","status":"publish","type":"product","link":"https:\/\/www.grandsalondeguitare.com\/fr\/produit\/c-577-esteve-7sr-sp-spain\/","title":{"rendered":"C-577, Esteve 7SR-Ep (Espagne)"},"content":{"rendered":"<div id=\"erdyt-6a008c2709f2f\" data-id=\"nrBlVmI-9iM\" class=\"erd-youtube-responsive\" style=\"display:block;position:relative;clear:both;width:100%;max-width:100%;margin-left:auto;margin-right:auto;\"><div style=\"padding-bottom:56.25%;\"><div class=\"erd-ytplay\" id=\"erdytp-nrBlVmI-9iM-6a008c2709f2f\" data-vid=\"nrBlVmI-9iM\"   data-src=\"https:\/\/www.youtube.com\/embed\/nrBlVmI-9iM?loop=1&#038;autoplay=1&#038;rel=0\" data-allowfullscreen=\"true\"><img decoding=\"async\" src=\"https:\/\/i.ytimg.com\/vi\/nrBlVmI-9iM\/hqdefault.jpg\" alt=\"YouTube Video\" \/><\/div><\/div><\/div>\n<p>Guitarra Francisco Est\u00e8ve<\/p>\n<p>Nouvelle guitare classique<\/p>\n<p>Mod\u00e8le 7SR<\/p>\n<p>\u00c9chelle de 650\u00a0mm avec sillet de 52\u00a0mm<\/p>\n<p>Table en \u00e9pic\u00e9a Allemande<\/p>\n<p>Dos et \u00e9clisses en palissandre Indiens<\/p>\n<p>Manche en acajou africain<\/p>\n<p>Touche en \u00e9b\u00e8ne<\/p>\n<p>M\u00e9caniques Der Jung<\/p>\n<p>Finition laqu\u00e9e<\/p>\n<p>\u00c9tuis rigide inclus<\/p>\n<p>&nbsp;<\/p>\n<p>Le poids de la guitare est de 1,6 kg \/ 3,6 lb<\/p>\n<p>Mesure 100,33 cm \/ 39,5 pouces de hauteur<\/p>\n<p>La longueur du corps est de 48,5 cm \/ 19,09 pouces<\/p>\n<p>La profondeur du corps est de 10,16 cm \/ 4 pouces<\/p>\n<p>Le bout sup\u00e9rieur mesure 27,5\u00a0cm\u00a0\/ 10,826\u00a0pouces<\/p>\n<p>Le combat inf\u00e9rieur est de 36,5 cm \/ 14,173 pouces<\/p>\n<p>&nbsp;<\/p>\n<p>Le mod\u00e8le 7SR\u00a0est le premier de la gamme de guitares classiques tout en bois massif de Manuel Adalid&#8230; Il s&rsquo;agit vraiment d&rsquo;une superbe gamme de guitares construites par Manuel et son \u00e9quipe de luthiers.<\/p>\n<p>***Nous sommes fiers d&rsquo;\u00eatre le revendeur Canadien exclusif de Guitarras Francisco Esteve ***<\/p>\n<p>Veuillez noter que les photos utilis\u00e9es pour ce mod\u00e8le sont g\u00e9n\u00e9rique, la guitare exacte illustr\u00e9e n&rsquo;est plus disponible, la nouvelle guitare offerte diff\u00e9rera l\u00e9g\u00e8rement des images actuelles&#8230;<\/p>\n","protected":false},"excerpt":{"rendered":"<p>Les guitares classiques Esteve sont connues et appr\u00e9ci\u00e9es dans le monde entier pour leur excellente qualit\u00e9 acoustique ainsi que leurs superbes finitions. Fabriqu\u00e9es avec les meilleurs bois, ces guitares sont un m\u00e9lange parfait entre le travail traditionnel du bois et la technologie moderne.<\/p>\n<p>Le son a une forte caract\u00e9ristique espagnole, tandis que la jouabilit\u00e9 est \u00e9tonnamment facile. Finement laqu\u00e9e, la guitare est tr\u00e8s vibrante contre le corps, tout en projetant assez bien, adapt\u00e9e aux r\u00e9citals et aux performances.<\/p>\n<p>Une autre valeur exceptionnelle de Manuel Adalid et la famille Esteve des guitares classiques Espagnoles<\/p>\n","protected":false},"featured_media":20945,"comment_status":"closed","ping_status":"closed","template":"","meta":{"_mo_disable_npp":""},"product_brand":[],"product_cat":[1058,1057],"product_tag":[1264,1157,1265,1159],"class_list":{"0":"post-24590","1":"product","2":"type-product","3":"status-publish","4":"has-post-thumbnail","6":"product_cat-guitares","7":"product_cat-guitares-classique","8":"product_tag-esteve-7sr-spruce-top-guitar-fr","9":"product_tag-esteve-guitars-from-spain-fr","10":"product_tag-francisco-esteve-7sr-guitars-fr","11":"product_tag-made-in-spain-guitars-fr","12":"sales-flash-overlay","13":"woocommerce-text-align-left","14":"woocommerce-image-align-center","15":"do-quantity-buttons","16":"wc-has-gallery","18":"first","19":"onbackorder","20":"taxable","21":"shipping-taxable","22":"purchasable","23":"product-type-simple"},"_links":{"self":[{"href":"https:\/\/www.grandsalondeguitare.com\/fr\/wp-json\/wp\/v2\/product\/24590","targetHints":{"allow":["GET"]}}],"collection":[{"href":"https:\/\/www.grandsalondeguitare.com\/fr\/wp-json\/wp\/v2\/product"}],"about":[{"href":"https:\/\/www.grandsalondeguitare.com\/fr\/wp-json\/wp\/v2\/types\/product"}],"replies":[{"embeddable":true,"href":"https:\/\/www.grandsalondeguitare.com\/fr\/wp-json\/wp\/v2\/comments?post=24590"}],"wp:featuredmedia":[{"embeddable":true,"href":"https:\/\/www.grandsalondeguitare.com\/fr\/wp-json\/wp\/v2\/media\/20945"}],"wp:attachment":[{"href":"https:\/\/www.grandsalondeguitare.com\/fr\/wp-json\/wp\/v2\/media?parent=24590"}],"wp:term":[{"taxonomy":"product_brand","embeddable":true,"href":"https:\/\/www.grandsalondeguitare.com\/fr\/wp-json\/wp\/v2\/product_brand?post=24590"},{"taxonomy":"product_cat","embeddable":true,"href":"https:\/\/www.grandsalondeguitare.com\/fr\/wp-json\/wp\/v2\/product_cat?post=24590"},{"taxonomy":"product_tag","embeddable":true,"href":"https:\/\/www.grandsalondeguitare.com\/fr\/wp-json\/wp\/v2\/product_tag?post=24590"}],"curies":[{"name":"wp","href":"https:\/\/api.w.org\/{rel}","templated":true}]}}