{"id":24583,"date":"2021-08-26T09:22:09","date_gmt":"2021-08-26T14:22:09","guid":{"rendered":"https:\/\/www.grandsalondeguitare.com\/product\/c-583-wolfgang-jellinghaus-germany\/"},"modified":"2023-08-26T12:30:16","modified_gmt":"2023-08-26T17:30:16","slug":"c-583-wolfgang-jellinghaus-germany","status":"publish","type":"product","link":"https:\/\/www.grandsalondeguitare.com\/fr\/produit\/c-583-wolfgang-jellinghaus-germany\/","title":{"rendered":"C-583, W. Jellinghaus (Romantica A)"},"content":{"rendered":"<div id=\"erdyt-6a008c2a75c04\" data-id=\"q8BFVvoqEQk\" class=\"erd-youtube-responsive\" style=\"display:block;position:relative;clear:both;width:100%;max-width:100%;margin-left:auto;margin-right:auto;\"><div style=\"padding-bottom:56.25%;\"><div class=\"erd-ytplay\" id=\"erdytp-q8BFVvoqEQk-6a008c2a75c04\" data-vid=\"q8BFVvoqEQk\"   data-src=\"https:\/\/www.youtube.com\/embed\/q8BFVvoqEQk?loop=1&#038;autoplay=1&#038;rel=0\" data-allowfullscreen=\"true\"><img decoding=\"async\" src=\"https:\/\/i.ytimg.com\/vi\/q8BFVvoqEQk\/hqdefault.jpg\" alt=\"YouTube Video\" \/><\/div><\/div><\/div>\n<p>&nbsp;<\/p>\n<p>La Romantica A<\/p>\n<p>Nouvelle conception sp\u00e9ciale<\/p>\n<p>\u00c9chelle de 630 mm<\/p>\n<p>Largeur de sillet 52 mm<\/p>\n<p>Table en \u00e9pic\u00e9a Allemande<\/p>\n<p>Dos et \u00e9clisses en Granadilo<\/p>\n<p>Manche en c\u00e8dre<\/p>\n<p>Touche en \u00e9b\u00e8ne avec 22 frettes<\/p>\n<p>Chevalet et placage de la t\u00eate en Granadilo\u00a0<\/p>\n<p>Sillets en os<\/p>\n<p>M\u00e9caniques Der Jung au rapport 1:18<\/p>\n<p>Finition en polis fran\u00e7ais avec aspect relique<\/p>\n<p>Etuis rigide en fibre de verre fabriqu\u00e9 sur mesure<\/p>\n<p>&nbsp;<\/p>\n<p>Espacement des cordes de 44 mm \u00e0 la 1\u00e8re frette<\/p>\n<p>Espacement des cordes de 51 mm \u00e0 la 12e frette<\/p>\n<p>Espacement des cordes de 58 mm au chevalet<\/p>\n<p>La longueur totale de la guitare est de 95 cm \/ 37,4 pouces<\/p>\n<p>La longueur du corps est de 45,4 cm \/ 17,87 pouces<\/p>\n<p>Le bout sup\u00e9rieur est de 26 cm \/ 10,2362 pouces<\/p>\n<p>Le bout inf\u00e9rieur est de 32 cm \/ 12,598 pouces<\/p>\n<p>La largeur est de 8,3 cm \/ 3,267 pouces<\/p>\n<p>Le poids de la guitare est de 1,4 kg \/ 3 lb<\/p>\n<p>&nbsp;<\/p>\n<p>Fabriqu\u00e9 au Milestone Luthier Center, fond\u00e9 en 2013 par Wolfgang Jellinghaus &amp; Michael Zhang.<\/p>\n<p>L&rsquo;objectif du Milestone Luthier Center est de reconstruire l&rsquo;histoire de la fabrication de guitares classiques en s\u00e9lectionnant six ma\u00eetres luthiers diff\u00e9rents des 230 derni\u00e8res ann\u00e9es qui ont \u00e9tabli de nouvelles normes pour la fabrication de guitares en termes de construction et de son.<\/p>\n<p>Le centre de R &amp; D est \u00e0 Dortmund en Allemagne et l&rsquo;atelier de fabrication de guitares est \u00e0 Guangzhou en Chine<\/p>\n<p>Nous sommes fiers d&rsquo;\u00eatre le revendeur Canadien officiel des guitares Wolfgang Jellinghaus<\/p>\n","protected":false},"excerpt":{"rendered":"<p>Commande sp\u00e9ciale con\u00e7ue par Wolfgang Jellinghaus pour Tariq Harb<\/p>\n<p>Cette Romantica A a \u00e9t\u00e9 utilis\u00e9e pour enregistrer l&rsquo;album des caprices de Legnani !!!<\/p>\n<p>Inspir\u00e9 par Stauffer avec un manche 22 frettes et grandeur du corps comme une guitare Lacote<\/p>\n<p>Le look relique et l&rsquo;application du vernis fran\u00e7ais sont extr\u00eamement bien ex\u00e9cut\u00e9s !!!<\/p>\n<p>Super guitare !!!<\/p>\n","protected":false},"featured_media":21501,"comment_status":"closed","ping_status":"closed","template":"","meta":{"_mo_disable_npp":""},"product_brand":[],"product_cat":[1058,1057],"product_tag":[1238,1239,1240,1241],"class_list":{"0":"post-24583","1":"product","2":"type-product","3":"status-publish","4":"has-post-thumbnail","6":"product_cat-guitares","7":"product_cat-guitares-classique","8":"product_tag-montreal-canada-luthier-hand-made-guitars-fr","9":"product_tag-romantic-era-hand-made-classical-guitars-fr","10":"product_tag-romantica-a-hand-made-replica-fr","11":"product_tag-stauffer-lacote-replica-classical-guitar-fr","12":"sales-flash-overlay","13":"woocommerce-text-align-left","14":"woocommerce-image-align-center","15":"do-quantity-buttons","16":"wc-has-gallery","18":"first","19":"outofstock","20":"taxable","21":"shipping-taxable","22":"product-type-simple"},"_links":{"self":[{"href":"https:\/\/www.grandsalondeguitare.com\/fr\/wp-json\/wp\/v2\/product\/24583","targetHints":{"allow":["GET"]}}],"collection":[{"href":"https:\/\/www.grandsalondeguitare.com\/fr\/wp-json\/wp\/v2\/product"}],"about":[{"href":"https:\/\/www.grandsalondeguitare.com\/fr\/wp-json\/wp\/v2\/types\/product"}],"replies":[{"embeddable":true,"href":"https:\/\/www.grandsalondeguitare.com\/fr\/wp-json\/wp\/v2\/comments?post=24583"}],"wp:featuredmedia":[{"embeddable":true,"href":"https:\/\/www.grandsalondeguitare.com\/fr\/wp-json\/wp\/v2\/media\/21501"}],"wp:attachment":[{"href":"https:\/\/www.grandsalondeguitare.com\/fr\/wp-json\/wp\/v2\/media?parent=24583"}],"wp:term":[{"taxonomy":"product_brand","embeddable":true,"href":"https:\/\/www.grandsalondeguitare.com\/fr\/wp-json\/wp\/v2\/product_brand?post=24583"},{"taxonomy":"product_cat","embeddable":true,"href":"https:\/\/www.grandsalondeguitare.com\/fr\/wp-json\/wp\/v2\/product_cat?post=24583"},{"taxonomy":"product_tag","embeddable":true,"href":"https:\/\/www.grandsalondeguitare.com\/fr\/wp-json\/wp\/v2\/product_tag?post=24583"}],"curies":[{"name":"wp","href":"https:\/\/api.w.org\/{rel}","templated":true}]}}