{"id":24570,"date":"2021-10-19T12:10:58","date_gmt":"2021-10-19T17:10:58","guid":{"rendered":"https:\/\/www.grandsalondeguitare.com\/product\/f-598-juan-montes-rodriguez-spain\/"},"modified":"2022-04-11T12:56:38","modified_gmt":"2022-04-11T17:56:38","slug":"f-598-juan-montes-rodriguez-spain","status":"publish","type":"product","link":"https:\/\/www.grandsalondeguitare.com\/fr\/produit\/f-598-juan-montes-rodriguez-spain\/","title":{"rendered":"F-598, Juan Montes Rodriguez (Espagne)"},"content":{"rendered":"<p>Nouvelle Guitare Flamenca<\/p>\n<p>Fabriqu\u00e9 en Espagne<\/p>\n<p>Ann\u00e9e 2021, N-122,<\/p>\n<p>Pan coup\u00e9 \u00ab\u00a0Florentine double\u00a0\u00bb<\/p>\n<p>\u00c9chelle de 650 mm avec sillet de 52 mm<\/p>\n<p>Table en \u00e9pic\u00e9a Europ\u00e9en (\u00e2g\u00e9e de plus de 10\u00a0ans)<\/p>\n<p>Dos et \u00e9clisses en \u00e9b\u00e8ne blanc (lamin\u00e9)<\/p>\n<p>Manche en c\u00e8dre avec renfort en fibre de carbone<\/p>\n<p>Touche en \u00e9b\u00e8ne<\/p>\n<p>M\u00e9caniques Gotoh<\/p>\n<p>Finitions au laque nitrocellulose<\/p>\n<p>\u00c9tui rigide inclus<\/p>\n<p>Le poids de la guitare est de 1,6 kg \/ 3,52 lb<\/p>\n<p>La longueur du corps est de 48,5 cm \/ 19,09 pouces<\/p>\n<p>Le bout sup\u00e9rieur est de 29,21 cm \/ 11,5 pouces<\/p>\n<p>Le bout inf\u00e9rieur est de 37,46 cm \/ 14,75 pouces<\/p>\n<p>La profondeur du corps est de 10 cm\/ 3,93 pouces<\/p>\n","protected":false},"excerpt":{"rendered":"<p>Une magnifique guitare flamenca d&rsquo;Espagne,<\/p>\n<p>Les bois et les d\u00e9corations sont tout simplement exquis&#8230;<\/p>\n<p>Tr\u00e8s facile \u00e0 jouer offrant une belle sonorit\u00e9 et une excellente projection&#8230;<\/p>\n<p>A essayer !!!<\/p>\n","protected":false},"featured_media":22390,"comment_status":"closed","ping_status":"closed","template":"","meta":{"_mo_disable_npp":""},"product_brand":[],"product_cat":[1058,1053],"product_tag":[1202,1203,1204,1205],"class_list":{"0":"post-24570","1":"product","2":"type-product","3":"status-publish","4":"has-post-thumbnail","6":"product_cat-guitares","7":"product_cat-guitares-flamenco","8":"product_tag-hand-made-guitars-from-spain-fr","9":"product_tag-hand-made-guitars-montreal-canada-fr","10":"product_tag-juan-montes-rodriguez-luthier-fr","11":"product_tag-juan-montes-rodriquez-flamenco-guitar-fr","12":"sales-flash-overlay","13":"woocommerce-text-align-left","14":"woocommerce-image-align-center","15":"do-quantity-buttons","16":"wc-has-gallery","18":"first","19":"outofstock","20":"taxable","21":"shipping-taxable","22":"product-type-simple"},"_links":{"self":[{"href":"https:\/\/www.grandsalondeguitare.com\/fr\/wp-json\/wp\/v2\/product\/24570","targetHints":{"allow":["GET"]}}],"collection":[{"href":"https:\/\/www.grandsalondeguitare.com\/fr\/wp-json\/wp\/v2\/product"}],"about":[{"href":"https:\/\/www.grandsalondeguitare.com\/fr\/wp-json\/wp\/v2\/types\/product"}],"replies":[{"embeddable":true,"href":"https:\/\/www.grandsalondeguitare.com\/fr\/wp-json\/wp\/v2\/comments?post=24570"}],"wp:featuredmedia":[{"embeddable":true,"href":"https:\/\/www.grandsalondeguitare.com\/fr\/wp-json\/wp\/v2\/media\/22390"}],"wp:attachment":[{"href":"https:\/\/www.grandsalondeguitare.com\/fr\/wp-json\/wp\/v2\/media?parent=24570"}],"wp:term":[{"taxonomy":"product_brand","embeddable":true,"href":"https:\/\/www.grandsalondeguitare.com\/fr\/wp-json\/wp\/v2\/product_brand?post=24570"},{"taxonomy":"product_cat","embeddable":true,"href":"https:\/\/www.grandsalondeguitare.com\/fr\/wp-json\/wp\/v2\/product_cat?post=24570"},{"taxonomy":"product_tag","embeddable":true,"href":"https:\/\/www.grandsalondeguitare.com\/fr\/wp-json\/wp\/v2\/product_tag?post=24570"}],"curies":[{"name":"wp","href":"https:\/\/api.w.org\/{rel}","templated":true}]}}