{"id":24568,"date":"2021-10-20T14:42:12","date_gmt":"2021-10-20T19:42:12","guid":{"rendered":"https:\/\/www.grandsalondeguitare.com\/product\/c-600-wolfgang-jellinghaus-germany\/"},"modified":"2025-08-09T08:59:01","modified_gmt":"2025-08-09T13:59:01","slug":"c-600-wolfgang-jellinghaus-germany","status":"publish","type":"product","link":"https:\/\/www.grandsalondeguitare.com\/fr\/produit\/c-600-wolfgang-jellinghaus-germany\/","title":{"rendered":"C-600, W. Jellinghaus \u00ab\u00a0Conservatory Cd\u00a0\u00bb"},"content":{"rendered":"<p>Nouvelle guitare de \u00a0Wolfgang Jellinghaus<\/p>\n<p>Mod\u00e8le \u00ab\u00a0Conservatory EF\u00a0\u00bb<\/p>\n<p>\u00c9chelle de 650 mm avec sillet de\u00a052mm<\/p>\n<p>Table en c\u00e8dre<\/p>\n<p>Barrage \u00ab\u00a0lattice en treillis\u00a0\u00bb tout bois<\/p>\n<p>Dos et \u00e9clisses en palissandre Indien ou Granadilo<\/p>\n<p>Manche sur\u00e9lev\u00e9 en c\u00e8dre<\/p>\n<p>Touche en \u00e9b\u00e8ne<\/p>\n<p>Rosace en bois<\/p>\n<p>Repose bras<\/p>\n<p>Chevalet et placage de la t\u00eate en \u00a0Granadilo<\/p>\n<p>Sillets tout en os<\/p>\n<p>M\u00e9caniques Der Jung avec ratio 1:18<\/p>\n<p>Finition au tampon \u00e0 la main en Polis Fran\u00e7ais<\/p>\n<p>\u00c9tui rigide inclus<\/p>\n<p>&nbsp;<\/p>\n<p>Le poids de la guitare est de 1,45 kg \/ 3,2 lb<\/p>\n<p>La longueur du corps est de 48 cm \/ 18,89 pouces<\/p>\n<p>Le bout sup\u00e9rieur est de 28 cm \/ 11,02 pouces<\/p>\n<p>Le bout inf\u00e9rieur mesure 37\u00a0cm \/ 14,56\u00a0pouces<\/p>\n<p>La profondeur du corps est de 10 cm\/ 3,93 pouces<\/p>\n<p>&nbsp;<\/p>\n<p>*** Des commandes sp\u00e9ciales sont disponibles d\u00e8s maintenant avec \u00e9chelle courte de 640mm ou 630m<\/p>\n<p>Veuillez noter que les photos utilis\u00e9es pour se mod\u00e8le sont g\u00e9n\u00e9riques, la guitare exacte illustr\u00e9e n\u2019est plus disponible, la nouvelle guitare offerte diff\u00e9rera l\u00e9g\u00e8rement des images actuelles\u2026<\/p>\n<p>&nbsp;<\/p>\n<p>Fabriqu\u00e9 au Milestone Luthier Center, fond\u00e9 en 2013 par Wolfgang Jellinghaus &amp; Michael Zhang.<\/p>\n<p>L&rsquo;objectif du Milestone Luthier Center est de reconstruire l&rsquo;histoire de la fabrication de guitares classiques en s\u00e9lectionnant six ma\u00eetres luthiers diff\u00e9rents des 230 derni\u00e8res ann\u00e9es qui ont \u00e9tabli de nouvelles normes pour la fabrication de guitares en termes de construction et de son.<\/p>\n<p>Le centre de R &amp; D est \u00e0 Dortmund en Allemagne et l&rsquo;atelier de fabrication de guitares est \u00e0 Guangzhou en Chine<\/p>\n<p>Nous sommes fiers d&rsquo;\u00eatre le revendeur Canadien officiel des guitares Wolfgang Jellinghaus<\/p>\n","protected":false},"excerpt":{"rendered":"[youtube v=zbxmNbCfiQI =\"800px\"]\n<p>&nbsp;<\/p>\n<p>Nouveau mod\u00e8le \u00a0\u00bb Conservatory EF \u00a0\u00bb<\/p>\n<p>Un instrument tr\u00e8s l\u00e9ger \u00e0 tenir, extr\u00eamement \u00e9quilibr\u00e9, facile \u00e0 jouer avec une sonorit\u00e9 et une projection excellentes\u2026<\/p>\n<p>Une grande guitare moderne avec des bois exquis et un barrage lattice tout en treillis de bois&#8230;<\/p>\n<p>A essayer !!!<\/p>\n","protected":false},"featured_media":22485,"comment_status":"closed","ping_status":"closed","template":"","meta":{"_mo_disable_npp":""},"product_brand":[],"product_cat":[1058,1057],"product_tag":[1107,1198,1199,1200,1201],"class_list":{"0":"post-24568","1":"product","2":"type-product","3":"status-publish","4":"has-post-thumbnail","6":"product_cat-guitares","7":"product_cat-guitares-classique","8":"product_tag-classical-guitars-montreal-canada-fr","9":"product_tag-jellinghaus-classical-guitars-fr","10":"product_tag-jellinghaus-conservatory-ef-model-fr","11":"product_tag-luthier-hand-made-guitars-montreal-canada-fr","12":"product_tag-wolfgang-jellinghaus-conservatory-ef-fr","13":"sales-flash-overlay","14":"woocommerce-text-align-left","15":"woocommerce-image-align-center","16":"do-quantity-buttons","17":"wc-has-gallery","19":"first","20":"instock","21":"taxable","22":"shipping-taxable","23":"purchasable","24":"product-type-simple"},"_links":{"self":[{"href":"https:\/\/www.grandsalondeguitare.com\/fr\/wp-json\/wp\/v2\/product\/24568","targetHints":{"allow":["GET"]}}],"collection":[{"href":"https:\/\/www.grandsalondeguitare.com\/fr\/wp-json\/wp\/v2\/product"}],"about":[{"href":"https:\/\/www.grandsalondeguitare.com\/fr\/wp-json\/wp\/v2\/types\/product"}],"replies":[{"embeddable":true,"href":"https:\/\/www.grandsalondeguitare.com\/fr\/wp-json\/wp\/v2\/comments?post=24568"}],"wp:featuredmedia":[{"embeddable":true,"href":"https:\/\/www.grandsalondeguitare.com\/fr\/wp-json\/wp\/v2\/media\/22485"}],"wp:attachment":[{"href":"https:\/\/www.grandsalondeguitare.com\/fr\/wp-json\/wp\/v2\/media?parent=24568"}],"wp:term":[{"taxonomy":"product_brand","embeddable":true,"href":"https:\/\/www.grandsalondeguitare.com\/fr\/wp-json\/wp\/v2\/product_brand?post=24568"},{"taxonomy":"product_cat","embeddable":true,"href":"https:\/\/www.grandsalondeguitare.com\/fr\/wp-json\/wp\/v2\/product_cat?post=24568"},{"taxonomy":"product_tag","embeddable":true,"href":"https:\/\/www.grandsalondeguitare.com\/fr\/wp-json\/wp\/v2\/product_tag?post=24568"}],"curies":[{"name":"wp","href":"https:\/\/api.w.org\/{rel}","templated":true}]}}