{"id":24560,"date":"2021-11-15T13:02:11","date_gmt":"2021-11-15T18:02:11","guid":{"rendered":"https:\/\/www.grandsalondeguitare.com\/product\/c-605-rene-wilhelmy-canada\/"},"modified":"2022-04-08T11:12:36","modified_gmt":"2022-04-08T16:12:36","slug":"c-605-rene-wilhelmy-canada","status":"publish","type":"product","link":"https:\/\/www.grandsalondeguitare.com\/fr\/produit\/c-605-rene-wilhelmy-canada\/","title":{"rendered":"C-605, Ren\u00e9 Wilhelmy (Canada)"},"content":{"rendered":"<div id=\"erdyt-6a008c28be981\" data-id=\"rkNV7NNCG4U\" class=\"erd-youtube-responsive\" style=\"display:block;position:relative;clear:both;width:100%;max-width:100%;margin-left:auto;margin-right:auto;\"><div style=\"padding-bottom:56.25%;\"><div class=\"erd-ytplay\" id=\"erdytp-rkNV7NNCG4U-6a008c28be981\" data-vid=\"rkNV7NNCG4U\"   data-src=\"https:\/\/www.youtube.com\/embed\/rkNV7NNCG4U?loop=1&#038;autoplay=1&#038;rel=0\" data-allowfullscreen=\"true\"><img decoding=\"async\" src=\"https:\/\/i.ytimg.com\/vi\/rkNV7NNCG4U\/hqdefault.jpg\" alt=\"YouTube Video\" \/><\/div><\/div><\/div>\n<p>Guitare classique de concert<\/p>\n<p>Mod\u00e8le Morency, CE-0112<\/p>\n<p>Ann\u00e9e 2012<\/p>\n<p>\u00c9chelle de 650\u00a0mm avec sillet de 52\u00a0mm<\/p>\n<p>Table en \u00e9pic\u00e9a Europ\u00e9en<\/p>\n<p>Fond et \u00e9clisses en palissandre du Honduras<\/p>\n<p>Manche en acajou<\/p>\n<p>Touche en \u00e9b\u00e8ne Africain<\/p>\n<p>Chevalet et placage de la t\u00eate en palissandre du Honduras\u00a0<\/p>\n<p>Accordeurs Gotoh 35AG510P avec boutons MOP et rouleaux en aluminium<\/p>\n<p>Table au tampon en Poli fran\u00e7ais<\/p>\n<p>Balance de la guitare est vernis \u00e0 l&rsquo;huile<\/p>\n<p>\u00c9tui rigide inclus<\/p>\n<p>Le poids de la guitare est de 1,7 kg \/ 3,8 lb<\/p>\n<p>La longueur totale de la guitare est de 100 cm \/ 39,37 pouces<\/p>\n<p>La longueur du corps est de 49 cm \/ 19,29 pouces<\/p>\n<p>Le bout sup\u00e9rieur est de 28,5 cm \/ 11,22 pouces<\/p>\n<p>Le bout inf\u00e9rieur est de 38 cm \/ 14,96 pouces<\/p>\n<p>La profondeur du corps est de 10,16 cm\/ 4 pouces<\/p>\n","protected":false},"excerpt":{"rendered":"<div id=\"show_less_content\">\n<p>Une excellente trouvaille dans un \u00e9tat comme neuf du luthier montr\u00e9alais chevronn\u00e9 Ren\u00e9 Wilhelmy<\/p>\n<p>Tellement rare de voir des guitares Wilhelmy sp\u00e9cialement avec une table en \u00e9pic\u00e9a&#8230;<\/p>\n<p>Alvaro Pierri et J\u00e9r\u00f4me Ducharme poss\u00e8dent et jouent avec les guitares de Ren\u00e9 Wilhelmy<\/p>\n<p>Tr\u00e8s beau timbre, projection et jouabilit\u00e9 !!!<\/p>\n<p>Un essai s&rsquo;impose<\/p>\n<\/div>\n","protected":false},"featured_media":22976,"comment_status":"open","ping_status":"closed","template":"","meta":{"_mo_disable_npp":""},"product_brand":[],"product_cat":[1058,1057],"product_tag":[1178,1179,1180,1181],"class_list":{"0":"post-24560","1":"product","2":"type-product","3":"status-publish","4":"has-post-thumbnail","6":"product_cat-guitares","7":"product_cat-guitares-classique","8":"product_tag-montreal-quebec-luthier-fr","9":"product_tag-rene-wilhelmy-classical-guitars-fr","10":"product_tag-rene-wilhelmy-montreal-luthier-fr","11":"product_tag-rene-wilhelmy-morency-model-classical-guitar-fr","12":"sales-flash-overlay","13":"woocommerce-text-align-left","14":"woocommerce-image-align-center","15":"do-quantity-buttons","16":"wc-has-gallery","18":"first","19":"outofstock","20":"taxable","21":"shipping-taxable","22":"product-type-simple"},"_links":{"self":[{"href":"https:\/\/www.grandsalondeguitare.com\/fr\/wp-json\/wp\/v2\/product\/24560","targetHints":{"allow":["GET"]}}],"collection":[{"href":"https:\/\/www.grandsalondeguitare.com\/fr\/wp-json\/wp\/v2\/product"}],"about":[{"href":"https:\/\/www.grandsalondeguitare.com\/fr\/wp-json\/wp\/v2\/types\/product"}],"replies":[{"embeddable":true,"href":"https:\/\/www.grandsalondeguitare.com\/fr\/wp-json\/wp\/v2\/comments?post=24560"}],"wp:featuredmedia":[{"embeddable":true,"href":"https:\/\/www.grandsalondeguitare.com\/fr\/wp-json\/wp\/v2\/media\/22976"}],"wp:attachment":[{"href":"https:\/\/www.grandsalondeguitare.com\/fr\/wp-json\/wp\/v2\/media?parent=24560"}],"wp:term":[{"taxonomy":"product_brand","embeddable":true,"href":"https:\/\/www.grandsalondeguitare.com\/fr\/wp-json\/wp\/v2\/product_brand?post=24560"},{"taxonomy":"product_cat","embeddable":true,"href":"https:\/\/www.grandsalondeguitare.com\/fr\/wp-json\/wp\/v2\/product_cat?post=24560"},{"taxonomy":"product_tag","embeddable":true,"href":"https:\/\/www.grandsalondeguitare.com\/fr\/wp-json\/wp\/v2\/product_tag?post=24560"}],"curies":[{"name":"wp","href":"https:\/\/api.w.org\/{rel}","templated":true}]}}