{"id":24557,"date":"2021-11-23T16:28:40","date_gmt":"2021-11-23T21:28:40","guid":{"rendered":"https:\/\/www.grandsalondeguitare.com\/product\/a-289-gotoh-35ar510qc-m-tuners\/"},"modified":"2022-04-11T12:00:14","modified_gmt":"2022-04-11T17:00:14","slug":"a-289-gotoh-35ar510qc-m-tuners","status":"publish","type":"product","link":"https:\/\/www.grandsalondeguitare.com\/fr\/produit\/a-289-gotoh-35ar510qc-m-tuners\/","title":{"rendered":"A-289, Gotoh 35AR510QC-M"},"content":{"rendered":"<p>Direct du Japon<\/p>\n<p>Mecanique d&rsquo;accordages pour guitare classique fabriqu\u00e9s \u00e0 la main<\/p>\n<p><strong>GOTOH<\/strong><\/p>\n<p>Mod\u00e8le 35AR510QC-M<\/p>\n<p>Finition Or Mat<\/p>\n<p>T\u00eate : 3 \u00e0 gauche, 3 \u00e0 droite<\/p>\n<p>Plaque de laiton 35,0 mm<\/p>\n<p>Aluminium 35AR avec rouleaux en plastique<\/p>\n<p>Boutons Nacre blanche 23.00mm x 14.6mm x 7.6 mm<\/p>\n<p>Poids 158,4 grammes<\/p>\n<p>Ratio d&rsquo;engrenage 1:16<\/p>\n","protected":false},"excerpt":{"rendered":"<p>Mecanique d&rsquo;accordages pour guitare classique<\/p>\n<p><strong>GOTOH<\/strong><\/p>\n<p>Mod\u00e8le 35AR510QC-M<\/p>\n","protected":false},"featured_media":23095,"comment_status":"open","ping_status":"closed","template":"","meta":{"_mo_disable_npp":""},"product_brand":[],"product_cat":[1052,1091],"product_tag":[1169,1170,1171,1172],"class_list":{"0":"post-24557","1":"product","2":"type-product","3":"status-publish","4":"has-post-thumbnail","6":"product_cat-accessoires","7":"product_cat-mecaniques-accordage","8":"product_tag-gotoh-35ar510qc-tuners-fr","9":"product_tag-gotoh-510qc-tuners-fr","10":"product_tag-gotoh-tuners-japan-fr","11":"product_tag-gotoh-tuners-mop-buttons-fr","12":"sales-flash-overlay","13":"woocommerce-text-align-left","14":"woocommerce-image-align-center","15":"do-quantity-buttons","16":"wc-has-gallery","18":"first","19":"outofstock","20":"taxable","21":"shipping-taxable","22":"product-type-simple"},"_links":{"self":[{"href":"https:\/\/www.grandsalondeguitare.com\/fr\/wp-json\/wp\/v2\/product\/24557","targetHints":{"allow":["GET"]}}],"collection":[{"href":"https:\/\/www.grandsalondeguitare.com\/fr\/wp-json\/wp\/v2\/product"}],"about":[{"href":"https:\/\/www.grandsalondeguitare.com\/fr\/wp-json\/wp\/v2\/types\/product"}],"replies":[{"embeddable":true,"href":"https:\/\/www.grandsalondeguitare.com\/fr\/wp-json\/wp\/v2\/comments?post=24557"}],"wp:featuredmedia":[{"embeddable":true,"href":"https:\/\/www.grandsalondeguitare.com\/fr\/wp-json\/wp\/v2\/media\/23095"}],"wp:attachment":[{"href":"https:\/\/www.grandsalondeguitare.com\/fr\/wp-json\/wp\/v2\/media?parent=24557"}],"wp:term":[{"taxonomy":"product_brand","embeddable":true,"href":"https:\/\/www.grandsalondeguitare.com\/fr\/wp-json\/wp\/v2\/product_brand?post=24557"},{"taxonomy":"product_cat","embeddable":true,"href":"https:\/\/www.grandsalondeguitare.com\/fr\/wp-json\/wp\/v2\/product_cat?post=24557"},{"taxonomy":"product_tag","embeddable":true,"href":"https:\/\/www.grandsalondeguitare.com\/fr\/wp-json\/wp\/v2\/product_tag?post=24557"}],"curies":[{"name":"wp","href":"https:\/\/api.w.org\/{rel}","templated":true}]}}