{"id":24556,"date":"2021-11-24T11:22:40","date_gmt":"2021-11-24T16:22:40","guid":{"rendered":"https:\/\/www.grandsalondeguitare.com\/product\/c-607-de-cascia-canada\/"},"modified":"2024-06-07T13:34:23","modified_gmt":"2024-06-07T18:34:23","slug":"c-607-de-cascia-canada","status":"publish","type":"product","link":"https:\/\/www.grandsalondeguitare.com\/fr\/produit\/c-607-de-cascia-canada\/","title":{"rendered":"C-607, De Cascia \u00ab\u00a0Gabrielle Ep\u00a0\u00bb Java-Ebony"},"content":{"rendered":"<div id=\"erdyt-6a0088282e8ac\" data-id=\"pPkJEy_5eFU\" class=\"erd-youtube-responsive\" style=\"display:block;position:relative;clear:both;width:100%;max-width:100%;margin-left:auto;margin-right:auto;\"><div style=\"padding-bottom:56.25%;\"><div class=\"erd-ytplay\" id=\"erdytp-pPkJEy_5eFU-6a0088282e8ac\" data-vid=\"pPkJEy_5eFU\"   data-src=\"https:\/\/www.youtube.com\/embed\/pPkJEy_5eFU?loop=1&#038;autoplay=1&#038;rel=0\" data-allowfullscreen=\"true\"><img decoding=\"async\" src=\"https:\/\/i.ytimg.com\/vi\/pPkJEy_5eFU\/hqdefault.jpg\" alt=\"YouTube Video\" \/><\/div><\/div><\/div>\n<p>&nbsp;<\/p>\n<p>Nouvelle guitare classique<\/p>\n<p>Mod\u00e8le Gabrielle\u00a0\u00ab\u00a0Java Ebony\u00a0\u00bb<\/p>\n<p>Table en \u00e9pic\u00e9a Europ\u00e9en<\/p>\n<p>Fond et \u00e9clisses en \u00e9b\u00e8ne de Java<\/p>\n<p>Manche en acajou africain avec bande de renfort en \u00e9b\u00e8ne<\/p>\n<p>Touche en \u00e9b\u00e8ne Africain<\/p>\n<p>M\u00e9caniques Der Jung<\/p>\n<p>Finition tout laqu\u00e9<\/p>\n<p>\u00c9tui rigide inclus<\/p>\n<p>Le poids de la guitare est de 1,6 kg \/ 3,6 lb<\/p>\n<p>Mesure 100 cm \/ 39,37 pouces de hauteur<\/p>\n<p>La longueur du corps est de 48,5 cm \/ 19,09 pouces<\/p>\n<p>La profondeur du corps est de 10,16 cm \/ 4 pouces<\/p>\n<p>Le bout sup\u00e9rieur mesure 29\u00a0cm\u00a0\/ 11,417\u00a0pouces<\/p>\n<p>Le bout inf\u00e9rieur est de 38,1 cm \/ 15 pouces<\/p>\n<p>Veuillez noter que les photos \u00a0utilis\u00e9es pour \u00a0ce mod\u00e8le sont g\u00e9n\u00e9rique, la guitare exacte illustr\u00e9e n&rsquo;est plus disponible, la nouvelle guitare offerte diff\u00e9rera l\u00e9g\u00e8rement des images actuelles\u2026<\/p>\n","protected":false},"excerpt":{"rendered":"<p>Nouveaux mod\u00e8les Gabrielle \u00ab\u00a0Java Ebony\u00a0\u00bb avec table en \u00e9pic\u00e9a Europ\u00e9en, dos et \u00e9clisses en \u00e9b\u00e8ne de Java !!!<\/p>\n<p>Des bois tout simplement magnifiques, un son traditionnel avec barrage en \u00e9ventail, \u00e9quilibr\u00e9 et tr\u00e8s facile \u00e0 jouer&#8230;<\/p>\n<p>Des guitares artisanales abordables&#8230;<\/p>\n<p>A essayer !!!<\/p>\n","protected":false},"featured_media":23111,"comment_status":"closed","ping_status":"closed","template":"","meta":{"_mo_disable_npp":""},"product_brand":[],"product_cat":[1058,1057],"product_tag":[1165,1166,1167,1168],"class_list":{"0":"post-24556","1":"product","2":"type-product","3":"status-publish","4":"has-post-thumbnail","6":"product_cat-guitares","7":"product_cat-guitares-classique","8":"product_tag-de-cascia-classical-guitars-fr","9":"product_tag-de-cascia-classical-guitars-montreal-canada-fr","10":"product_tag-de-cascia-gabrielle-models-fr","11":"product_tag-gabriell-java-ebony-models-fr","12":"sales-flash-overlay","13":"woocommerce-text-align-left","14":"woocommerce-image-align-center","15":"do-quantity-buttons","16":"wc-has-gallery","18":"first","19":"outofstock","20":"taxable","21":"shipping-taxable","22":"purchasable","23":"product-type-simple"},"_links":{"self":[{"href":"https:\/\/www.grandsalondeguitare.com\/fr\/wp-json\/wp\/v2\/product\/24556","targetHints":{"allow":["GET"]}}],"collection":[{"href":"https:\/\/www.grandsalondeguitare.com\/fr\/wp-json\/wp\/v2\/product"}],"about":[{"href":"https:\/\/www.grandsalondeguitare.com\/fr\/wp-json\/wp\/v2\/types\/product"}],"replies":[{"embeddable":true,"href":"https:\/\/www.grandsalondeguitare.com\/fr\/wp-json\/wp\/v2\/comments?post=24556"}],"wp:featuredmedia":[{"embeddable":true,"href":"https:\/\/www.grandsalondeguitare.com\/fr\/wp-json\/wp\/v2\/media\/23111"}],"wp:attachment":[{"href":"https:\/\/www.grandsalondeguitare.com\/fr\/wp-json\/wp\/v2\/media?parent=24556"}],"wp:term":[{"taxonomy":"product_brand","embeddable":true,"href":"https:\/\/www.grandsalondeguitare.com\/fr\/wp-json\/wp\/v2\/product_brand?post=24556"},{"taxonomy":"product_cat","embeddable":true,"href":"https:\/\/www.grandsalondeguitare.com\/fr\/wp-json\/wp\/v2\/product_cat?post=24556"},{"taxonomy":"product_tag","embeddable":true,"href":"https:\/\/www.grandsalondeguitare.com\/fr\/wp-json\/wp\/v2\/product_tag?post=24556"}],"curies":[{"name":"wp","href":"https:\/\/api.w.org\/{rel}","templated":true}]}}