{"id":24552,"date":"2021-12-16T13:08:51","date_gmt":"2021-12-16T18:08:51","guid":{"rendered":"https:\/\/www.grandsalondeguitare.com\/product\/a-290-string-changing-protector-de-cascia\/"},"modified":"2024-12-21T15:53:05","modified_gmt":"2024-12-21T20:53:05","slug":"a-290-string-changing-protector-de-cascia","status":"publish","type":"product","link":"https:\/\/www.grandsalondeguitare.com\/fr\/produit\/a-290-string-changing-protector-de-cascia\/","title":{"rendered":"A-290, Coussin De Protection"},"content":{"rendered":"<p>Nouveau par \u00ab\u00a0De Cascia Guitars\u00a0\u00bb<\/p>\n<p>Coussin de protection pour changement des cordes<\/p>\n<p>18 x 21 cm<\/p>\n<p>A utiliser lors du changement des cordes<\/p>\n<p>Emp\u00eache les dommages\/rayures sur la table d&rsquo;harmonie de votre guitare, en particulier \u00e0 l&rsquo;arri\u00e8re du chevalet, due aux glissement des cordes qui pourrait survenir lors du changement de cordes&#8230;<\/p>\n<p>Excellente protection pour le vernis fran\u00e7ais, le vernis \u00e0 l&rsquo;huile ou d&rsquo;autres finitions laqu\u00e9es<\/p>\n<p>Imprim\u00e9 d&rsquo;un seul c\u00f4t\u00e9<\/p>\n<p>&nbsp;<\/p>\n<p>*** Cela arrive \u00e0 tous les guitaristes classiques \u00e0 un moment donn\u00e9.<\/p>\n<p>Au fur et \u00e0 mesure que vous accordez votre guitare et que vous l&rsquo;amenez au diapason, la corde de serrage \u00ab\u00a0glisse\u00a0\u00bb soudainement et perd sa tension et sa hauteur. Dans le pire des cas, la corde se lib\u00e8re de son n\u0153ud au niveau du chevalet avec une telle force qu&rsquo;elle entaille la table d&rsquo;harmonie avec une entaille visible &#8211; un \u00e9v\u00e9nement po\u00e9tiquement connu sous le nom de \u00ab\u00a0string ding\u00a0\u00bb.<\/p>\n<p>Pourquoi une corde de guitare classique glisse-t-elle lors de l&rsquo;accord ?<\/p>\n<p>Le glissement de la ficelle se produit \u00e0 l&rsquo;extr\u00e9mit\u00e9 de la poup\u00e9e lorsqu&rsquo;une ficelle est attach\u00e9e de mani\u00e8re non s\u00e9curis\u00e9e sur le cabestan.<\/p>\n<p>Le glissement des cordes \u00e0 l&rsquo;extr\u00e9mit\u00e9 du chevalet se produit principalement avec les cordes aigu\u00ebs, en particulier le carbone, et s&rsquo;il s&rsquo;agit de nylon, il s&rsquo;agit invariablement de la premi\u00e8re corde (E).<\/p>\n<p>La raison en est que la corde en nylon E et les aigus en carbone ont un diam\u00e8tre plus fin que les autres cordes et une texture plus lisse. \u00c9tant minces et lisses, ces cordes s&rsquo;effilochent au niveau du chevalet lorsque la tension est augment\u00e9e en tournant les chevilles d&rsquo;accord, m\u00eame si le nouage a pu \u00eatre correct.<\/p>\n","protected":false},"excerpt":{"rendered":"<p>Nouveau par \u00ab\u00a0De Cascia Guitars\u00a0\u00bb<\/p>\n<p>Coussin de protection pour changement des cordes<\/p>\n<p>Emp\u00eache les dommages\/rayures sur la table d&rsquo;harmonie de votre guitare, en particulier \u00e0 l&rsquo;arri\u00e8re du chevalet, due aux \u00a0glissement des cordes qui pourrait survenir lors du changement de cordes&#8230;<\/p>\n<p>Excellente protection pour le vernis fran\u00e7ais, le vernis \u00e0 l&rsquo;huile ou d&rsquo;autres finitions laqu\u00e9es<\/p>\n<p>Une belle trouvaille !!!<\/p>\n","protected":false},"featured_media":23481,"comment_status":"closed","ping_status":"closed","template":"","meta":{"_mo_disable_npp":""},"product_brand":[],"product_cat":[1052,1134,1054,1135],"product_tag":[1137,1148,1149,1150,1151],"class_list":{"0":"post-24552","1":"product","2":"type-product","3":"status-publish","4":"has-post-thumbnail","6":"product_cat-accessoires","7":"product_cat-armure-protective","8":"product_cat-cordes","9":"product_cat-protecteur-changement-de-cordes","10":"product_tag-guitar-tops-protector-fr","11":"product_tag-protective-pad-fr","12":"product_tag-string-changing-protection-fr","13":"product_tag-string-changing-protective-pad-fr","14":"product_tag-string-changing-station-fr","15":"sales-flash-overlay","16":"woocommerce-text-align-left","17":"woocommerce-image-align-center","18":"do-quantity-buttons","19":"wc-has-gallery","21":"first","22":"instock","23":"taxable","24":"shipping-taxable","25":"purchasable","26":"product-type-simple"},"_links":{"self":[{"href":"https:\/\/www.grandsalondeguitare.com\/fr\/wp-json\/wp\/v2\/product\/24552","targetHints":{"allow":["GET"]}}],"collection":[{"href":"https:\/\/www.grandsalondeguitare.com\/fr\/wp-json\/wp\/v2\/product"}],"about":[{"href":"https:\/\/www.grandsalondeguitare.com\/fr\/wp-json\/wp\/v2\/types\/product"}],"replies":[{"embeddable":true,"href":"https:\/\/www.grandsalondeguitare.com\/fr\/wp-json\/wp\/v2\/comments?post=24552"}],"wp:featuredmedia":[{"embeddable":true,"href":"https:\/\/www.grandsalondeguitare.com\/fr\/wp-json\/wp\/v2\/media\/23481"}],"wp:attachment":[{"href":"https:\/\/www.grandsalondeguitare.com\/fr\/wp-json\/wp\/v2\/media?parent=24552"}],"wp:term":[{"taxonomy":"product_brand","embeddable":true,"href":"https:\/\/www.grandsalondeguitare.com\/fr\/wp-json\/wp\/v2\/product_brand?post=24552"},{"taxonomy":"product_cat","embeddable":true,"href":"https:\/\/www.grandsalondeguitare.com\/fr\/wp-json\/wp\/v2\/product_cat?post=24552"},{"taxonomy":"product_tag","embeddable":true,"href":"https:\/\/www.grandsalondeguitare.com\/fr\/wp-json\/wp\/v2\/product_tag?post=24552"}],"curies":[{"name":"wp","href":"https:\/\/api.w.org\/{rel}","templated":true}]}}