{"id":24550,"date":"2021-12-24T12:50:19","date_gmt":"2021-12-24T17:50:19","guid":{"rendered":"https:\/\/www.grandsalondeguitare.com\/product\/c-611-camps-m-10s-spain\/"},"modified":"2022-03-29T14:24:28","modified_gmt":"2022-03-29T19:24:28","slug":"c-611-camps-m-10s-spain","status":"publish","type":"product","link":"https:\/\/www.grandsalondeguitare.com\/fr\/produit\/c-611-camps-m-10s-spain\/","title":{"rendered":"C-611, Camps M-10-Ep (Espagne)"},"content":{"rendered":"<div id=\"erdyt-6a008c290d658\" data-id=\"apMR3CfbcfI\" class=\"erd-youtube-responsive\" style=\"display:block;position:relative;clear:both;width:100%;max-width:100%;margin-left:auto;margin-right:auto;\"><div style=\"padding-bottom:56.25%;\"><div class=\"erd-ytplay\" id=\"erdytp-apMR3CfbcfI-6a008c290d658\" data-vid=\"apMR3CfbcfI\"   data-src=\"https:\/\/www.youtube.com\/embed\/apMR3CfbcfI?loop=1&#038;autoplay=1&#038;rel=0\" data-allowfullscreen=\"true\"><img decoding=\"async\" src=\"https:\/\/i.ytimg.com\/vi\/apMR3CfbcfI\/hqdefault.jpg\" alt=\"YouTube Video\" \/><\/div><\/div><\/div>\n<p>&nbsp;<\/p>\n<p>Nouvelle guitare classique<\/p>\n<p>Mod\u00e8le M-10-Ep<\/p>\n<p>Echelle de 650mm avec sillet de 52mm<\/p>\n<p>Distance de 58 mm entre la 1\u00e8re et la 6\u00e8me corde<\/p>\n<p>Table en \u00e9pic\u00e9a<\/p>\n<p>Dos et \u00e9clisses en ziricote<\/p>\n<p>Manche en c\u00e8dre espagnol<\/p>\n<p>Touche en \u00e9b\u00e8ne<\/p>\n<p>Placage de t\u00eate et de chevalet en palissandre<\/p>\n<p>Truss rod r\u00e9glable<\/p>\n<p>M\u00e9caniques Der Jung<\/p>\n<p>Finition laqu\u00e9e<\/p>\n<p>\u00c9tui rigide inclus<\/p>\n<p>Le poids des guitares est de 1,5 kg \/ 3,4 lb<\/p>\n<p>La longueur du corps est de 48,5 cm \/ 19,09 pouces<\/p>\n<p>Le bout sup\u00e9rieur est de 28,3 cm \/ 11,14 pouces<\/p>\n<p>Le bout inf\u00e9rieur est de 37,3\u00a0cm \/ 14,68\u00a0pouces<\/p>\n<p>La profondeur du corps est de 9,8 cm\/ 3,93 pouces<\/p>\n<p>&nbsp;<\/p>\n<p>*** Nous sommes fiers d&rsquo;\u00eatre le revendeur Canadien officiel des guitares Camps de G\u00e9rona Espagne ***<\/p>\n<p>Veuillez noter que les photos utilis\u00e9es sont g\u00e9n\u00e9rique pour ce mod\u00e8le, la guitare exacte illustr\u00e9e n&rsquo;est plus disponible, la nouvelle guitare offerte diff\u00e9rera l\u00e9g\u00e8rement des images actuelles&#8230;<\/p>\n","protected":false},"excerpt":{"rendered":"<p>La\u00a0guitare\u00a0Camps\u00a0M10\u00a0est esth\u00e9tiquement raffin\u00e9e de mani\u00e8re discr\u00e8te, en particulier avec la belle Ziricote utilis\u00e9e sur le dos et les \u00e9clisses<\/p>\n<p>Le son a une tr\u00e8s bonne projection, les basses sont profondes mais n&rsquo;occultent pas les aigus brillants<\/p>\n<p>Le confort est exceptionnel, sa jouabilit\u00e9 est remarquable et l&rsquo;action basse des cordes est parfaitement ajust\u00e9e.<\/p>\n<p>Un mod\u00e8le recommandable pour le guitariste averti&#8230;<\/p>\n","protected":false},"featured_media":23513,"comment_status":"closed","ping_status":"closed","template":"","meta":{"_mo_disable_npp":""},"product_brand":[],"product_cat":[1058,1057],"product_tag":[1115,1145,1146,1119],"class_list":{"0":"post-24550","1":"product","2":"type-product","3":"status-publish","4":"has-post-thumbnail","6":"product_cat-guitares","7":"product_cat-guitares-classique","8":"product_tag-affordable-guitars-from-spain-fr","9":"product_tag-camps-m10-s-classical-guitar-fr","10":"product_tag-hermanos-camps-guitars-from-spain-fr","11":"product_tag-spanish-guitars-in-montreal-canada-fr","12":"sales-flash-overlay","13":"woocommerce-text-align-left","14":"woocommerce-image-align-center","15":"do-quantity-buttons","16":"wc-has-gallery","18":"first","19":"instock","20":"taxable","21":"shipping-taxable","22":"purchasable","23":"product-type-simple"},"_links":{"self":[{"href":"https:\/\/www.grandsalondeguitare.com\/fr\/wp-json\/wp\/v2\/product\/24550","targetHints":{"allow":["GET"]}}],"collection":[{"href":"https:\/\/www.grandsalondeguitare.com\/fr\/wp-json\/wp\/v2\/product"}],"about":[{"href":"https:\/\/www.grandsalondeguitare.com\/fr\/wp-json\/wp\/v2\/types\/product"}],"replies":[{"embeddable":true,"href":"https:\/\/www.grandsalondeguitare.com\/fr\/wp-json\/wp\/v2\/comments?post=24550"}],"wp:featuredmedia":[{"embeddable":true,"href":"https:\/\/www.grandsalondeguitare.com\/fr\/wp-json\/wp\/v2\/media\/23513"}],"wp:attachment":[{"href":"https:\/\/www.grandsalondeguitare.com\/fr\/wp-json\/wp\/v2\/media?parent=24550"}],"wp:term":[{"taxonomy":"product_brand","embeddable":true,"href":"https:\/\/www.grandsalondeguitare.com\/fr\/wp-json\/wp\/v2\/product_brand?post=24550"},{"taxonomy":"product_cat","embeddable":true,"href":"https:\/\/www.grandsalondeguitare.com\/fr\/wp-json\/wp\/v2\/product_cat?post=24550"},{"taxonomy":"product_tag","embeddable":true,"href":"https:\/\/www.grandsalondeguitare.com\/fr\/wp-json\/wp\/v2\/product_tag?post=24550"}],"curies":[{"name":"wp","href":"https:\/\/api.w.org\/{rel}","templated":true}]}}