{"id":24549,"date":"2021-12-24T13:00:04","date_gmt":"2021-12-24T18:00:04","guid":{"rendered":"https:\/\/www.grandsalondeguitare.com\/product\/c-612-jeff-sigurdson-canada\/"},"modified":"2025-10-21T12:08:42","modified_gmt":"2025-10-21T17:08:42","slug":"c-612-jeff-sigurdson-canada","status":"publish","type":"product","link":"https:\/\/www.grandsalondeguitare.com\/fr\/produit\/c-612-jeff-sigurdson-canada\/","title":{"rendered":"C-612, Jeff Sigurdson (Canada)"},"content":{"rendered":"<div id=\"erdyt-6a008c294f31e\" data-id=\"ysFbHOjxPRI\" class=\"erd-youtube-responsive\" style=\"display:block;position:relative;clear:both;width:100%;max-width:100%;margin-left:auto;margin-right:auto;\"><div style=\"padding-bottom:56.25%;\"><div class=\"erd-ytplay\" id=\"erdytp-ysFbHOjxPRI-6a008c294f31e\" data-vid=\"ysFbHOjxPRI\"   data-src=\"https:\/\/www.youtube.com\/embed\/ysFbHOjxPRI?loop=1&#038;autoplay=1&#038;rel=0\" data-allowfullscreen=\"true\"><img decoding=\"async\" src=\"https:\/\/i.ytimg.com\/vi\/ysFbHOjxPRI\/hqdefault.jpg\" alt=\"YouTube Video\" \/><\/div><\/div><\/div>\n<p>&nbsp;<\/p>\n<p>Guitar Classique De Concert<\/p>\n<p>Double Table (Balsa)<\/p>\n<p>Guitare N-574<\/p>\n<p>Fabriqu\u00e9 en 2021<\/p>\n<p>\u00c9chelle de 650 mm<\/p>\n<p>53mm au sillet &amp; 63mm \u00e0 la 12\u00e8me frette<\/p>\n<p>Table doubler<\/p>\n<p>Epic\u00e9a\/c\u00e8dre avec noyau int\u00e9rieur en balsa<\/p>\n<p>Fond et \u00e9clisses en palissandre Indien<\/p>\n<p>Les c\u00f4t\u00e9s sont doubl\u00e9s avec de l&rsquo;acajou<\/p>\n<p>Manche sur\u00e9lev\u00e9 en c\u00e8dre Espagnol<\/p>\n<p>Touche en \u00e9b\u00e8ne avec 20\u00e8me demi-frette<\/p>\n<p>Port de son et repose bras<\/p>\n<p>Chevalet et placage de la t\u00eate en palissandre Indien<\/p>\n<p>M\u00e9caniques Scheller fabriqu\u00e9es \u00e0 la main en Allemagne<\/p>\n<p>Finition au tampon \u00e0 la main en Polis Fran\u00e7ais<\/p>\n<p>\u00c9tui rigide inclus<\/p>\n<p>&nbsp;<\/p>\n<p>La longueur totale de la guitare est de 98,5 cm \/ 38,78 pouces<\/p>\n<p>La longueur du corps est de 48 cm \/ 18,8976 pouces<\/p>\n<p>Le bout sup\u00e9rieur est de 28 cm \/ 11,02 pouces<\/p>\n<p>Le bout inf\u00e9rieur est de 36,5 cm \/ 14,37 pouces<\/p>\n<p>La largeur est de 10 cm \/ 3,93 pouces<\/p>\n<p>Le poids de la guitare est de 1,6 kg \/ 3,5274 lb<\/p>\n","protected":false},"excerpt":{"rendered":"<p>De nouvelles guitares doubles tables devraient arriver en 2025, Epic\u00e9a\/C\u00e8dre &amp; Double C\u00e8dre, merci de me contacter en avance pour r\u00e9server les prochaines guitares&#8230;<\/p>\n","protected":false},"featured_media":23558,"comment_status":"closed","ping_status":"closed","template":"","meta":{"_mo_disable_npp":""},"product_brand":[],"product_cat":[2257,1058,1057],"product_tag":[1141,1142,1143,1144],"class_list":{"0":"post-24549","1":"product","2":"type-product","3":"status-publish","4":"has-post-thumbnail","6":"product_cat-double-tables","7":"product_cat-guitares","8":"product_cat-guitares-classique","9":"product_tag-concert-classical-guitars-in-montreal-canada-fr","10":"product_tag-jeff-sigurdson-classical-guitars-fr","11":"product_tag-sigurdson-balsa-inner-core-double-top-fr","12":"product_tag-sigurdson-double-top-guitar-fr","13":"sales-flash-overlay","14":"woocommerce-text-align-left","15":"woocommerce-image-align-center","16":"do-quantity-buttons","17":"wc-has-gallery","19":"first","20":"outofstock","21":"sold-individually","22":"taxable","23":"shipping-taxable","24":"product-type-simple"},"_links":{"self":[{"href":"https:\/\/www.grandsalondeguitare.com\/fr\/wp-json\/wp\/v2\/product\/24549","targetHints":{"allow":["GET"]}}],"collection":[{"href":"https:\/\/www.grandsalondeguitare.com\/fr\/wp-json\/wp\/v2\/product"}],"about":[{"href":"https:\/\/www.grandsalondeguitare.com\/fr\/wp-json\/wp\/v2\/types\/product"}],"replies":[{"embeddable":true,"href":"https:\/\/www.grandsalondeguitare.com\/fr\/wp-json\/wp\/v2\/comments?post=24549"}],"wp:featuredmedia":[{"embeddable":true,"href":"https:\/\/www.grandsalondeguitare.com\/fr\/wp-json\/wp\/v2\/media\/23558"}],"wp:attachment":[{"href":"https:\/\/www.grandsalondeguitare.com\/fr\/wp-json\/wp\/v2\/media?parent=24549"}],"wp:term":[{"taxonomy":"product_brand","embeddable":true,"href":"https:\/\/www.grandsalondeguitare.com\/fr\/wp-json\/wp\/v2\/product_brand?post=24549"},{"taxonomy":"product_cat","embeddable":true,"href":"https:\/\/www.grandsalondeguitare.com\/fr\/wp-json\/wp\/v2\/product_cat?post=24549"},{"taxonomy":"product_tag","embeddable":true,"href":"https:\/\/www.grandsalondeguitare.com\/fr\/wp-json\/wp\/v2\/product_tag?post=24549"}],"curies":[{"name":"wp","href":"https:\/\/api.w.org\/{rel}","templated":true}]}}