{"id":24548,"date":"2022-01-20T11:27:38","date_gmt":"2022-01-20T16:27:38","guid":{"rendered":"https:\/\/www.grandsalondeguitare.com\/product\/a-292-daddario-ej21-jazz-light\/"},"modified":"2022-04-04T16:05:54","modified_gmt":"2022-04-04T21:05:54","slug":"a-292-daddario-ej21-jazz-light","status":"publish","type":"product","link":"https:\/\/www.grandsalondeguitare.com\/fr\/produit\/a-292-daddario-ej21-jazz-light\/","title":{"rendered":"A-292, D&rsquo;Addario EJ21 \u00ab\u00a0Jazz Light\u00a0\u00bb"},"content":{"rendered":"<p>Les cordes de guitare \u00e9lectrique D&rsquo;Addario XL Nickel Wound sont mondialement connues pour :<\/p>\n<p>\u00ab\u00a0Le choix du joueur\u00a0\u00bb parmi les joueurs de tous genres et styles.<\/p>\n<p>Les XL sont enroul\u00e9s avec pr\u00e9cision avec de l&rsquo;acier nickel\u00e9 sur un noyau en forme d&rsquo;hexagone, ce qui donne des cordes de guitare avec un ton brillant distinctif et une excellente intonation.<\/p>\n","protected":false},"excerpt":{"rendered":"<p>D&rsquo;Addario EJ21 XL 12-52<\/p>\n<p>Nickel Wound<\/p>\n<p>\u00ab\u00a0Jazz light\u00a0\u00bb<\/p>\n<p>12-16-24W-32-42-52<\/p>\n<p>Jeu complet de 6 cordes<\/p>\n<p>&nbsp;<\/p>\n","protected":false},"featured_media":23657,"comment_status":"open","ping_status":"closed","template":"","meta":{"_mo_disable_npp":""},"product_brand":[],"product_cat":[1052,1054],"product_tag":[1138,1139,1140],"class_list":{"0":"post-24548","1":"product","2":"type-product","3":"status-publish","4":"has-post-thumbnail","6":"product_cat-accessoires","7":"product_cat-cordes","8":"product_tag-daddario-xl-ej21-strings-fr","9":"product_tag-ej21-jazz-light-guitar-strings-fr","10":"product_tag-xl-ej21-electric-guitar-strings-fr","11":"sales-flash-overlay","12":"woocommerce-text-align-left","13":"woocommerce-image-align-center","14":"do-quantity-buttons","16":"first","17":"instock","18":"taxable","19":"shipping-taxable","20":"purchasable","21":"product-type-simple"},"_links":{"self":[{"href":"https:\/\/www.grandsalondeguitare.com\/fr\/wp-json\/wp\/v2\/product\/24548","targetHints":{"allow":["GET"]}}],"collection":[{"href":"https:\/\/www.grandsalondeguitare.com\/fr\/wp-json\/wp\/v2\/product"}],"about":[{"href":"https:\/\/www.grandsalondeguitare.com\/fr\/wp-json\/wp\/v2\/types\/product"}],"replies":[{"embeddable":true,"href":"https:\/\/www.grandsalondeguitare.com\/fr\/wp-json\/wp\/v2\/comments?post=24548"}],"wp:featuredmedia":[{"embeddable":true,"href":"https:\/\/www.grandsalondeguitare.com\/fr\/wp-json\/wp\/v2\/media\/23657"}],"wp:attachment":[{"href":"https:\/\/www.grandsalondeguitare.com\/fr\/wp-json\/wp\/v2\/media?parent=24548"}],"wp:term":[{"taxonomy":"product_brand","embeddable":true,"href":"https:\/\/www.grandsalondeguitare.com\/fr\/wp-json\/wp\/v2\/product_brand?post=24548"},{"taxonomy":"product_cat","embeddable":true,"href":"https:\/\/www.grandsalondeguitare.com\/fr\/wp-json\/wp\/v2\/product_cat?post=24548"},{"taxonomy":"product_tag","embeddable":true,"href":"https:\/\/www.grandsalondeguitare.com\/fr\/wp-json\/wp\/v2\/product_tag?post=24548"}],"curies":[{"name":"wp","href":"https:\/\/api.w.org\/{rel}","templated":true}]}}