{"id":24547,"date":"2022-01-20T12:12:57","date_gmt":"2022-01-20T17:12:57","guid":{"rendered":"https:\/\/www.grandsalondeguitare.com\/product\/a-293-golpeador-tapping-plate\/"},"modified":"2026-05-04T09:50:42","modified_gmt":"2026-05-04T14:50:42","slug":"a-293-golpeador-tapping-plate","status":"publish","type":"product","link":"https:\/\/www.grandsalondeguitare.com\/fr\/produit\/a-293-golpeador-tapping-plate\/","title":{"rendered":"A-293, Golpeador"},"content":{"rendered":"<p>Golpeador \/\u00a0Plaque de frappe protecteur<\/p>\n<p>Pour guitare flamenco ou classique<\/p>\n<p>Plastique transparent<\/p>\n<p>0,39 mm d&rsquo;\u00e9paisseur<\/p>\n<p>18,5 x 22 cm<\/p>\n<p>Le poids est de 16 grammes<\/p>\n<p>Mince et tr\u00e8s solide<\/p>\n<p>Surface stable pour un travail manuel percussif<\/p>\n<p>Pr\u00e9coup\u00e9 \u00e0 la bonne taille<\/p>\n<p>Pour guitares classiques\/flamenco pleine grandeur<\/p>\n<p>Installation permanente par pelage et collage<\/p>\n<p>Support auto-adh\u00e9sif<\/p>\n<p>Ne coupe pas la projection sonore<\/p>\n<p>Emp\u00eache \u00e9galement les dommages\/rayures sur la table d&rsquo;harmonie de votre guitare classique<\/p>\n<p>Excellente protection pour le vernis fran\u00e7ais, le vernis \u00e0 l&rsquo;huile ou d&rsquo;autres finitions laqu\u00e9es<\/p>\n<div id=\"erdyt-6a007b8beceda\" data-id=\"3T3qH5XaCwA\" class=\"erd-youtube-responsive\" style=\"display:block;position:relative;clear:both;width:100%;max-width:100%;margin-left:auto;margin-right:auto;\"><div style=\"padding-bottom:56.25%;\"><div class=\"erd-ytplay\" id=\"erdytp-3T3qH5XaCwA-6a007b8beceda\" data-vid=\"3T3qH5XaCwA\"   data-src=\"https:\/\/www.youtube.com\/embed\/3T3qH5XaCwA?loop=1&#038;autoplay=1&#038;rel=0\" data-allowfullscreen=\"true\"><img decoding=\"async\" src=\"https:\/\/i.ytimg.com\/vi\/3T3qH5XaCwA\/hqdefault.jpg\" alt=\"YouTube Video\" \/><\/div><\/div><\/div>\n<div id=\"erdyt-6a007b8becf41\" data-id=\"OjjmIPJEAQE\" class=\"erd-youtube-responsive\" style=\"display:block;position:relative;clear:both;width:100%;max-width:100%;margin-left:auto;margin-right:auto;\"><div style=\"padding-bottom:56.25%;\"><div class=\"erd-ytplay\" id=\"erdytp-OjjmIPJEAQE-6a007b8becf41\" data-vid=\"OjjmIPJEAQE\"   data-src=\"https:\/\/www.youtube.com\/embed\/OjjmIPJEAQE?loop=1&#038;autoplay=1&#038;rel=0\" data-allowfullscreen=\"true\"><img decoding=\"async\" src=\"https:\/\/i.ytimg.com\/vi\/OjjmIPJEAQE\/hqdefault.jpg\" alt=\"YouTube Video\" \/><\/div><\/div><\/div>\n<p>&nbsp;<\/p>\n<h3><\/h3>\n<p>&nbsp;<\/p>\n","protected":false},"excerpt":{"rendered":"<p>Golpeador<\/p>\n<p>Plaque de frappe Protecteur \/Transparente<\/p>\n<p>18,5 x 22 cm<\/p>\n<p>Installation permanente par pelage et collage<\/p>\n<p>Self-Adhesive Backing<\/p>\n","protected":false},"featured_media":23661,"comment_status":"closed","ping_status":"closed","template":"","meta":{"_mo_disable_npp":""},"product_brand":[],"product_cat":[1052,1134,1133,1135],"product_tag":[1136,1137],"class_list":{"0":"post-24547","1":"product","2":"type-product","3":"status-publish","4":"has-post-thumbnail","6":"product_cat-accessoires","7":"product_cat-armure-protective","8":"product_cat-golpeador","9":"product_cat-protecteur-changement-de-cordes","10":"product_tag-golpeador-fr","11":"product_tag-guitar-tops-protector-fr","12":"sales-flash-overlay","13":"woocommerce-text-align-left","14":"woocommerce-image-align-center","15":"do-quantity-buttons","16":"wc-has-gallery","18":"first","19":"instock","20":"taxable","21":"shipping-taxable","22":"purchasable","23":"product-type-simple"},"_links":{"self":[{"href":"https:\/\/www.grandsalondeguitare.com\/fr\/wp-json\/wp\/v2\/product\/24547","targetHints":{"allow":["GET"]}}],"collection":[{"href":"https:\/\/www.grandsalondeguitare.com\/fr\/wp-json\/wp\/v2\/product"}],"about":[{"href":"https:\/\/www.grandsalondeguitare.com\/fr\/wp-json\/wp\/v2\/types\/product"}],"replies":[{"embeddable":true,"href":"https:\/\/www.grandsalondeguitare.com\/fr\/wp-json\/wp\/v2\/comments?post=24547"}],"wp:featuredmedia":[{"embeddable":true,"href":"https:\/\/www.grandsalondeguitare.com\/fr\/wp-json\/wp\/v2\/media\/23661"}],"wp:attachment":[{"href":"https:\/\/www.grandsalondeguitare.com\/fr\/wp-json\/wp\/v2\/media?parent=24547"}],"wp:term":[{"taxonomy":"product_brand","embeddable":true,"href":"https:\/\/www.grandsalondeguitare.com\/fr\/wp-json\/wp\/v2\/product_brand?post=24547"},{"taxonomy":"product_cat","embeddable":true,"href":"https:\/\/www.grandsalondeguitare.com\/fr\/wp-json\/wp\/v2\/product_cat?post=24547"},{"taxonomy":"product_tag","embeddable":true,"href":"https:\/\/www.grandsalondeguitare.com\/fr\/wp-json\/wp\/v2\/product_tag?post=24547"}],"curies":[{"name":"wp","href":"https:\/\/api.w.org\/{rel}","templated":true}]}}