{"id":24545,"date":"2022-01-24T18:15:39","date_gmt":"2022-01-24T23:15:39","guid":{"rendered":"https:\/\/www.grandsalondeguitare.com\/product\/c-614-de-jonge-lutherie-canada\/"},"modified":"2025-10-21T12:06:22","modified_gmt":"2025-10-21T17:06:22","slug":"c-614-de-jonge-lutherie-canada","status":"publish","type":"product","link":"https:\/\/www.grandsalondeguitare.com\/fr\/produit\/c-614-de-jonge-lutherie-canada\/","title":{"rendered":"C-614, De Jonge Lutherie (Canada)"},"content":{"rendered":"<div id=\"erdyt-6a0087528e038\" data-id=\"YjAZUGAwy54\" class=\"erd-youtube-responsive\" style=\"display:block;position:relative;clear:both;width:100%;max-width:100%;margin-left:auto;margin-right:auto;\"><div style=\"padding-bottom:56.25%;\"><div class=\"erd-ytplay\" id=\"erdytp-YjAZUGAwy54-6a0087528e038\" data-vid=\"YjAZUGAwy54\"   data-src=\"https:\/\/www.youtube.com\/embed\/YjAZUGAwy54?loop=1&#038;autoplay=1&#038;rel=0\" data-allowfullscreen=\"true\"><img decoding=\"async\" src=\"https:\/\/i.ytimg.com\/vi\/YjAZUGAwy54\/hqdefault.jpg\" alt=\"YouTube Video\" \/><\/div><\/div><\/div>\n<p>&nbsp;<\/p>\n<p>Nouvelle Guitare Classique De Concert<\/p>\n<p>R\u00e9alis\u00e9 en D\u00e9cembre 2021<\/p>\n<p>Guitare N-8<\/p>\n<p>645 mm avec sillet de 52 mm<\/p>\n<p>Double table<\/p>\n<p>Epic\u00e9a \/ Nomex \/ c\u00e8dre<\/p>\n<p>Fond et \u00e9clisses en palissandre Indien (de 1971 !!!)<\/p>\n<p>Manche sur\u00e9lev\u00e9 en acajou<\/p>\n<p>Touche en \u00e9b\u00e8ne Africain avec 20\u00e8me frette<\/p>\n<p>Frettes Evo<\/p>\n<p>Rosace \u00e9caill\u00e9e<\/p>\n<p>M\u00e9caniques Der Jung<\/p>\n<p>Finition \u00e0 la main au tampon polis fran\u00e7ais<\/p>\n<p>\u00c9tui rigide inclus<\/p>\n<p>Le poids des guitares est de 1,7 kg<\/p>\n","protected":false},"excerpt":{"rendered":"<p>Nouvelle !!!\u00a0Guitare \u00a0Double Table (Nomex)<\/p>\n<p>Du grand Sergei De Jonge &amp; son apprenti !!!<\/p>\n<p>Beaucoup de r\u00e9sonance dans son timbre, des basses profondes avec des aigus per\u00e7ants<\/p>\n<p>Excellente separation, sustain et\u00a0projection&#8230;<\/p>\n<p>Un instrument de concert fantastique<\/p>\n","protected":false},"featured_media":23727,"comment_status":"closed","ping_status":"closed","template":"","meta":{"_mo_disable_npp":""},"product_brand":[],"product_cat":[2258,1058,1057],"product_tag":[1129,1132,1130,1131],"class_list":{"0":"post-24545","1":"product","2":"type-product","3":"status-publish","4":"has-post-thumbnail","6":"product_cat-double-tops","7":"product_cat-guitares","8":"product_cat-guitares-classique","9":"product_tag-de-jonge-lutherie-chelsea-montreal-casnada-fr","10":"product_tag-nomex-innercore-double-tops-fr","11":"product_tag-serge-de-jonge-luthier-chelsea-canada-fr","12":"product_tag-sergei-de-jonge-double-top-guitar-fr","13":"sales-flash-overlay","14":"woocommerce-text-align-left","15":"woocommerce-image-align-center","16":"do-quantity-buttons","17":"wc-has-gallery","19":"first","20":"outofstock","21":"taxable","22":"shipping-taxable","23":"product-type-simple"},"_links":{"self":[{"href":"https:\/\/www.grandsalondeguitare.com\/fr\/wp-json\/wp\/v2\/product\/24545","targetHints":{"allow":["GET"]}}],"collection":[{"href":"https:\/\/www.grandsalondeguitare.com\/fr\/wp-json\/wp\/v2\/product"}],"about":[{"href":"https:\/\/www.grandsalondeguitare.com\/fr\/wp-json\/wp\/v2\/types\/product"}],"replies":[{"embeddable":true,"href":"https:\/\/www.grandsalondeguitare.com\/fr\/wp-json\/wp\/v2\/comments?post=24545"}],"wp:featuredmedia":[{"embeddable":true,"href":"https:\/\/www.grandsalondeguitare.com\/fr\/wp-json\/wp\/v2\/media\/23727"}],"wp:attachment":[{"href":"https:\/\/www.grandsalondeguitare.com\/fr\/wp-json\/wp\/v2\/media?parent=24545"}],"wp:term":[{"taxonomy":"product_brand","embeddable":true,"href":"https:\/\/www.grandsalondeguitare.com\/fr\/wp-json\/wp\/v2\/product_brand?post=24545"},{"taxonomy":"product_cat","embeddable":true,"href":"https:\/\/www.grandsalondeguitare.com\/fr\/wp-json\/wp\/v2\/product_cat?post=24545"},{"taxonomy":"product_tag","embeddable":true,"href":"https:\/\/www.grandsalondeguitare.com\/fr\/wp-json\/wp\/v2\/product_tag?post=24545"}],"curies":[{"name":"wp","href":"https:\/\/api.w.org\/{rel}","templated":true}]}}