{"id":24542,"date":"2022-01-31T17:49:40","date_gmt":"2022-01-31T22:49:40","guid":{"rendered":"https:\/\/www.grandsalondeguitare.com\/product\/c-617-silvia-zanchi-italy\/"},"modified":"2022-08-12T09:41:07","modified_gmt":"2022-08-12T14:41:07","slug":"c-617-silvia-zanchi-italy","status":"publish","type":"product","link":"https:\/\/www.grandsalondeguitare.com\/fr\/produit\/c-617-silvia-zanchi-italy\/","title":{"rendered":"C-617, Silvia Zanchi (Italie)"},"content":{"rendered":"<p>Nouvelle Guitare Classique De Concert<\/p>\n<p>02 L 90, Fabriqu\u00e9 en 2021<\/p>\n<p>Barrage traditionnel \u00e0 7 \u00e9ventails<\/p>\n<p>\u00c9chelle de 650 mm avec sillet de 52 mm<\/p>\n<p>Espacement des cordes, 44 mm au sillet et 58 mm au chevalet<\/p>\n<p>Table en \u00e9pic\u00e9a Europ\u00e9en<\/p>\n<p>Dos, \u00e9clisses et placage de la t\u00eate en \u00e9rable flamm\u00e9<\/p>\n<p>Manche en c\u00e8dre<\/p>\n<p>Touche en \u00e9b\u00e8ne\u00a0avec 20e frette<\/p>\n<p>Chevalet en palissandre indien<\/p>\n<p>Joints &amp; filets en \u00e9b\u00e8ne\u00a0<\/p>\n<p>Rosace orn\u00e9e d&rsquo;inserts en nacre<\/p>\n<p>Bloc d&rsquo;attache assorti avec attaches \u00e0 12 trous<\/p>\n<p>M\u00e9caniques Perona avec boutons Ivoire<\/p>\n<p>Finition au tampon en polis Fran\u00e7ais<\/p>\n<p>Le poids de la guitare est de 1,5 kg \/ 3,2 lb<\/p>\n<p>Longueur du corps 48,5 cm \/ 19,09&Prime;<\/p>\n<p>Abaisser environ 37 cm \/ 14,57&Prime;<\/p>\n<p>Haut environ 28,5 cm \/ 11,22&Prime;<\/p>\n<p>Profondeur du corps 9,7 cm \/ 3,82&Prime;<\/p>\n<p>\u00c9tui en ABS Cibeles sur mesure inclus<\/p>\n<p>&nbsp;<\/p>\n<p>*** Nous sommes fiers d&rsquo;\u00eatre le revendeur Canadien des guitares artisanales Silvia Zanchi ***<\/p>\n<p>&nbsp;<\/p>\n<p dir=\"ltr\">Silvia Zanchi est n\u00e9e \u00e0 Bergame, en Italie, le 27 ao\u00fbt 1981.<\/p>\n<p dir=\"ltr\"><a href=\"https:\/\/i0.wp.com\/www.savageclassical.com\/wp-content\/uploads\/2020\/11\/Silvia-Zanchi-scaled.jpg?ssl=1\" rel=\"prettyPhoto[gallery-qNOe]\"><img loading=\"lazy\" decoding=\"async\" class=\"alignright size-medium wp-image-35597\" src=\"https:\/\/i0.wp.com\/www.savageclassical.com\/wp-content\/uploads\/2020\/11\/Silvia-Zanchi.jpg?resize=260%2C300&amp;ssl=1\" sizes=\"auto, (max-width: 260px) 100vw, 260px\" srcset=\"https:\/\/i0.wp.com\/www.savageclassical.com\/wp-content\/uploads\/2020\/11\/Silvia-Zanchi-scaled.jpg?resize=260%2C300&amp;ssl=1 260w, https:\/\/i0.wp.com\/www.savageclassical.com\/wp-content\/uploads\/2020\/11\/Silvia-Zanchi-scaled.jpg?resize=889%2C1024&amp;ssl=1 889w, https:\/\/i0.wp.com\/www.savageclassical.com\/wp-content\/uploads\/2020\/11\/Silvia-Zanchi-scaled.jpg?resize=69%2C80&amp;ssl=1 69w, https:\/\/i0.wp.com\/www.savageclassical.com\/wp-content\/uploads\/2020\/11\/Silvia-Zanchi-scaled.jpg?resize=768%2C884&amp;ssl=1 768w, https:\/\/i0.wp.com\/www.savageclassical.com\/wp-content\/uploads\/2020\/11\/Silvia-Zanchi-scaled.jpg?resize=1334%2C1536&amp;ssl=1 1334w, https:\/\/i0.wp.com\/www.savageclassical.com\/wp-content\/uploads\/2020\/11\/Silvia-Zanchi-scaled.jpg?resize=1778%2C2048&amp;ssl=1 1778w, https:\/\/i0.wp.com\/www.savageclassical.com\/wp-content\/uploads\/2020\/11\/Silvia-Zanchi-scaled.jpg?resize=375%2C432&amp;ssl=1 375w, https:\/\/i0.wp.com\/www.savageclassical.com\/wp-content\/uploads\/2020\/11\/Silvia-Zanchi-scaled.jpg?resize=600%2C691&amp;ssl=1 600w, https:\/\/i0.wp.com\/www.savageclassical.com\/wp-content\/uploads\/2020\/11\/Silvia-Zanchi-scaled.jpg?w=2160&amp;ssl=1 2160w\" alt=\"\" width=\"260\" height=\"300\" data-attachment-id=\"35597\" data-permalink=\"https:\/\/www.savageclassical.com\/about-savage-classical-guitar\/silvia-zanchi\/silvia-zanchi\/\" data-orig-file=\"https:\/\/i0.wp.com\/www.savageclassical.com\/wp-content\/uploads\/2020\/11\/Silvia-Zanchi-scaled.jpg?fit=2223%2C2560&amp;ssl=1\" data-orig-size=\"2223,2560\" data-comments-opened=\"1\" data-image-meta=\"{&quot;aperture&quot;:&quot;5.6&quot;,&quot;credit&quot;:&quot;&quot;,&quot;camera&quot;:&quot;NIKON D2X&quot;,&quot;caption&quot;:&quot;&quot;,&quot;created_timestamp&quot;:&quot;1189021800&quot;,&quot;copyright&quot;:&quot;&quot;,&quot;focal_length&quot;:&quot;31&quot;,&quot;iso&quot;:&quot;100&quot;,&quot;shutter_speed&quot;:&quot;0.05&quot;,&quot;title&quot;:&quot;&quot;,&quot;orientation&quot;:&quot;1&quot;}\" data-image-title=\"Silvia Zanchi\" data-image-description=\"\" data-image-caption=\"\" data-medium-file=\"https:\/\/i0.wp.com\/www.savageclassical.com\/wp-content\/uploads\/2020\/11\/Silvia-Zanchi-scaled.jpg?fit=260%2C300&amp;ssl=1\" data-large-file=\"https:\/\/i0.wp.com\/www.savageclassical.com\/wp-content\/uploads\/2020\/11\/Silvia-Zanchi-scaled.jpg?fit=889%2C1024&amp;ssl=1\" \/><\/a>Apr\u00e8s avoir obtenu la maturit\u00e9 artistique dans le domaine de la conservation et du catalogage du patrimoine culturel (Liceo Artistico Statale, Bergame), elle se consacre \u00e0 la lutherie en suivant des cours \u00e0 l\u2019\u00e9cole civique de lutherie de Milan.<\/p>\n<p dir=\"ltr\">Elle a obtenu son dipl\u00f4me en 2004 avec toutes les notes dans la construction d\u2019instruments de musique pinc\u00e9es sous la direction des ma\u00eetres Tiziano Rizzi,\u00a0Lorenzo Lippi\u00a0et Aldo Illotta.<\/p>\n<p>L\u2019ann\u00e9e suivante, elle obtient le dipl\u00f4me du cours de sp\u00e9cialisation en restauration d\u2019instruments de musique sous la direction de Gabriele Negri, obtenant toujours la note maximale. Elle collabore avec le Maestro\u00a0Lorenzo Frignani\u00a0de Mod\u00e8ne, avec qui elle a pass\u00e9 une p\u00e9riode d\u2019\u00e9tude sur les techniques de construction des instruments \u00e0 cordes pinc\u00e9es, en particulier la guitare classique.<\/p>\n<p>Elle a \u00e9t\u00e9 professeur du Laboratoire de construction d\u2019instruments \u00e0 cordes pinc\u00e9es de l\u2019\u00c9cole civique de lutherie de Milan pour l\u2019ann\u00e9e 2006\/2007 ; elle est enseignante de rev\u00eatement pad-shellac dans la m\u00eame \u00e9cole; collabore avec l\u2019IROR (Institut de Recherche et de Restauration Organologiques) ; organise des s\u00e9minaires th\u00e9oriques et pratiques sur la peinture au tampon.<\/p>\n<p>Elle a publi\u00e9 la s\u00e9rie de trois cahiers techniques intitul\u00e9e \u00ab Gommalacca \u00bb, en collaboration avec Claudio Canevari.<\/p>\n<p>Les r\u00e9sultats des travaux ont \u00e9t\u00e9 pr\u00e9sent\u00e9s \u00e0 Paris \u00e0 la Cit\u00e9 de la Musique, lors du Colloque International \u00ab De la Peinture \u00e0 chevalet \u00e0 instrument de musique : vernis, liants, couleurs \u00bb les 6 et 7 mars 2007 ; \u00e0 Milan dans une conf\u00e9rence ouverte au public \u00e0 la Civica Scuola di Liuteria (mai 2007) ; au salon Cremona Mondomusica 2007; \u00e0 Parme au Palazzetto Eucherio Sanvitale du Jardin Ducal, dans le cadre de l\u2019exposition La Botanica della Musica, lors d\u2019une rencontre intitul\u00e9e \u00ab Le secret du P\u00e8re Jamart. Gomme laque : insectes, arbres, instruments de musique \u00bb (9 mai 2008) ; au Th\u00e9\u00e2tre Zeppilli de Pieve di Cento, contribuant par un discours \u00e0 la Conf\u00e9rence nationale biennale de la lutherie intitul\u00e9e \u201cL\u2019importance de l\u2019\u00e9dition dans le passage historique de l\u2019exp\u00e9rience\u201d (13 septembre 2008); \u00e0 l\u2019exposition Cremona Mondomusica 2008 dans le cadre de la Conf\u00e9rence \u201cPeintures dans la lutherie \u00bb.<\/p>\n<p>Silvia se consacre \u00e0 la construction et \u00e0 la restauration d\u2019instruments de musique pinc\u00e9s, en particulier de guitares classiques de concert et de copies d\u2019originaux historiques. Parall\u00e8lement \u00e0 l\u2019activit\u00e9 de construction, elle m\u00e8ne des recherches approfondies sur les techniques de construction des instruments de musique historiques et sur les techniques de peinture \u00e0 la gomme laque.<\/p>\n<p>Silvia est une personne merveilleuse et une dame au talent extraordinaire, ayant \u00e9tudi\u00e9 et collaborant encore avec certains des grands noms de la r\u00e9gion. Lorenzo Lippi et Lorenzo Frignani occupent une place importante dans le paysage italien des luthiers classiques.<\/p>\n","protected":false},"excerpt":{"rendered":"<p>Direct de Bergame Italie !!! une autre guitare fantastique du luthier Silvia Zanchi !!!<\/p>\n<p>Les photos ne lui rendent pas justice, c&rsquo;est tout simplement une guitare magnifique \u00e0 tous points de vue !!!<\/p>\n<p>L&rsquo;\u00e9rable flamm\u00e9 ressemble \u00e0 de l&rsquo;or 24 carats (si difficile \u00e0 obtenir avec du vernis fran\u00e7ais)<\/p>\n<p>Belle voix chantante avec des basses bois\u00e9es chaudes et des aigus tr\u00e8s ronds, beaucoup de profondeur, une belle s\u00e9paration et une excellente projection&#8230;<\/p>\n<p>A essayer !!!<\/p>\n","protected":false},"featured_media":23886,"comment_status":"closed","ping_status":"closed","template":"","meta":{"_mo_disable_npp":""},"product_brand":[],"product_cat":[1058,1057],"product_tag":[1120,1121,1122,1123,1124],"class_list":{"0":"post-24542","1":"product","2":"type-product","3":"status-publish","4":"has-post-thumbnail","6":"product_cat-guitares","7":"product_cat-guitares-classique","8":"product_tag-flamed-maple-guitars-fr","9":"product_tag-italian-guitars-in-montreal-canada-fr","10":"product_tag-italian-luthier-fr","11":"product_tag-silvia-zanchi-guitars-fr","12":"product_tag-silvia-zanchi-guitars-bergamo-italy-fr","13":"sales-flash-overlay","14":"woocommerce-text-align-left","15":"woocommerce-image-align-center","16":"do-quantity-buttons","17":"wc-has-gallery","19":"first","20":"outofstock","21":"taxable","22":"shipping-taxable","23":"product-type-simple"},"_links":{"self":[{"href":"https:\/\/www.grandsalondeguitare.com\/fr\/wp-json\/wp\/v2\/product\/24542","targetHints":{"allow":["GET"]}}],"collection":[{"href":"https:\/\/www.grandsalondeguitare.com\/fr\/wp-json\/wp\/v2\/product"}],"about":[{"href":"https:\/\/www.grandsalondeguitare.com\/fr\/wp-json\/wp\/v2\/types\/product"}],"replies":[{"embeddable":true,"href":"https:\/\/www.grandsalondeguitare.com\/fr\/wp-json\/wp\/v2\/comments?post=24542"}],"wp:featuredmedia":[{"embeddable":true,"href":"https:\/\/www.grandsalondeguitare.com\/fr\/wp-json\/wp\/v2\/media\/23886"}],"wp:attachment":[{"href":"https:\/\/www.grandsalondeguitare.com\/fr\/wp-json\/wp\/v2\/media?parent=24542"}],"wp:term":[{"taxonomy":"product_brand","embeddable":true,"href":"https:\/\/www.grandsalondeguitare.com\/fr\/wp-json\/wp\/v2\/product_brand?post=24542"},{"taxonomy":"product_cat","embeddable":true,"href":"https:\/\/www.grandsalondeguitare.com\/fr\/wp-json\/wp\/v2\/product_cat?post=24542"},{"taxonomy":"product_tag","embeddable":true,"href":"https:\/\/www.grandsalondeguitare.com\/fr\/wp-json\/wp\/v2\/product_tag?post=24542"}],"curies":[{"name":"wp","href":"https:\/\/api.w.org\/{rel}","templated":true}]}}