{"id":24538,"date":"2022-02-23T13:21:41","date_gmt":"2022-02-23T18:21:41","guid":{"rendered":"https:\/\/www.grandsalondeguitare.com\/product\/c-621-jesus-bellido-spain\/"},"modified":"2022-03-30T09:15:05","modified_gmt":"2022-03-30T14:15:05","slug":"c-621-jesus-bellido-spain","status":"publish","type":"product","link":"https:\/\/www.grandsalondeguitare.com\/fr\/produit\/c-621-jesus-bellido-spain\/","title":{"rendered":"C-621, Jesus Bellido (Espagne)"},"content":{"rendered":"<p>Nouvelle Guitare Classique<\/p>\n<p>Directement de Grenade en Espagne\u00a0<\/p>\n<p>Mod\u00e8le Alma Aurea<\/p>\n<p>2\u00e8me Epoque, N-87<\/p>\n<p>Ann\u00e9e 2022<\/p>\n<p>\u00c9chelle de 650\u00a0mm avec sillet de 52\u00a0mm<\/p>\n<p>Table en \u00e9pic\u00e9a allemand (Picea Abies)<\/p>\n<p>Dos, \u00e9clisses et placage de t\u00eate en palissandre de Madagascar (Dalbergia Baronii)<\/p>\n<p>Manche en c\u00e8dre espagnol (C\u00e9r\u00e9ale odorata Br\u00e9sil)<\/p>\n<p>Touche en \u00e9b\u00e8ne (Dyospyrus crassiflora Cameroom)<\/p>\n<p>Chevalet en palissandre du Br\u00e9sil<\/p>\n<p>M\u00e9caniques Gotoh 35ARB510Qc avec boutons en \u00e9b\u00e8ne<\/p>\n<p>Finition au tampon \u00e0 la main en polis Fran\u00e7ais<\/p>\n<p>\u00c9tui Rapsody en ABS noir inclus<\/p>\n<p>Le poids du guitare est 1,45 kg \/ 3,2 lb<\/p>\n<p>La longueur totale de la guitare est de 98,5 cm \/ 38,78 pouces<\/p>\n<p>La longueur du corps est de 48 cm \/ 18,89 pouces<\/p>\n<p>Le bout sup\u00e9rieur est de 27 cm \/ 10,63 pouces<\/p>\n<p>Le bout inf\u00e9rieur est de 36 cm \/ 14,17 pouces<\/p>\n<p>La profondeur du corps est de 9,3 cm\/ 3,66 pouces<\/p>\n<p>&nbsp;<\/p>\n<p>Jesus Bellido, le c\u00e9l\u00e8bre luthier espagnol de Grenade, est n\u00e9 en 1966 au sein d&rsquo;une famille de luthiers.<\/p>\n<p>A l&rsquo;\u00e2ge de 13 ans il commence sa formation professionnelle dans l&rsquo;atelier de son p\u00e8re Manuel Belido et construit sa premi\u00e8re guitare sous son propre nom \u00e0 l&rsquo;\u00e2ge de dix-sept ans !!!<\/p>\n<p>Son travail a bien s\u00fbr \u00e9volu\u00e9 au fil des ans et aujourd&rsquo;hui, Jesus Bellido construit \u00e0 la fois son propre mod\u00e8le et des copies de guitares fabriqu\u00e9es par Antonio de Torres, Santos Hern\u00e1ndez, Louis Panormo, Jose Pages, Jose Pernas et Manuel de la Chica, entre autres.<\/p>\n<p>Pendant un certain temps, il a \u00e9galement donn\u00e9 des cours de lutherie jusqu&rsquo;\u00e0 ce qu&rsquo;en 1995, il d\u00e9cide de se consacrer exclusivement \u00e0 la fabrication de ses propres instruments. Au cours des derni\u00e8res ann\u00e9es, il a \u00e9galement particip\u00e9 \u00e0 de nombreuses expositions et conf\u00e9rences. La qualit\u00e9 de son travail lui a valu d&rsquo;\u00eatre s\u00e9lectionn\u00e9 comme repr\u00e9sentant espagnol de la lutherie experte pour la Communaut\u00e9 \u00e9conomique europ\u00e9enne, lors des conf\u00e9rences tenues \u00e0 Colonia en 2001 et 2002, dans le cadre du \u00ab\u00a0Projet Leonardo da Vinci\u00a0\u00bb.<\/p>\n<p>D&rsquo;un point de vue technique, il a appliqu\u00e9 diverses m\u00e9thodes de construction, cherchant toujours \u00e0 tirer le meilleur parti des avantages de chacune. Aujourd&rsquo;hui, apr\u00e8s avoir essay\u00e9 plusieurs m\u00e9thodes de construction, il en conserve deux\u00a0: le syst\u00e8me espagnol traditionnel et un second qui comprend des techniques de lutherie.<\/p>\n<p>Dans une recherche constante de qualit\u00e9 sup\u00e9rieure, il n&rsquo;utilise que des mat\u00e9riaux et des accessoires de premier ordre. Pour les piquets, il n&rsquo;inclut que les marques les plus connues et de la meilleure qualit\u00e9 au monde. Pour les vernis, il utilise la meilleure gomme laque. Poss\u00e9der sa propre scierie lui permet de proposer une grande vari\u00e9t\u00e9 de bois, dont la coupe et le s\u00e9chage sont effectu\u00e9s de la mani\u00e8re la plus rigoureuse.<\/p>\n<p>Ses guitares sp\u00e9ciales sont fabriqu\u00e9es \u00e0 partir de bois de premi\u00e8re qualit\u00e9 soumis \u00e0 des processus de s\u00e9chage qui durent plus de 15 ans, et dans de nombreux cas plus de 30 ans.<\/p>\n","protected":false},"excerpt":{"rendered":"<div id=\"show_less_content\">\n<p>Un tout nouveau instrument de Jesus Bellido, le c\u00e9l\u00e8bre luthier espagnol de Grenade<\/p>\n<p>Cette guitare offre toute la beaut\u00e9 dans le timbre attendu d&rsquo;une guitare construite \u00e0 Grenade !!!<\/p>\n<p>Basses per\u00e7antes avec des aigus doux et ronds, excellente jouabilit\u00e9 et projection<\/p>\n<p>L\u00e9ger et confortable \u00e0 tenir avec un corps l\u00e9g\u00e8rement plus petit comme une guitare Torres<\/p>\n<p>De nombreuses nouvelles guitares Bellido arriveront en 2022, veuillez me contacter pour r\u00e9server l&rsquo;instrument \u00e0 venir<\/p>\n<p>Merci<\/p>\n<\/div>\n","protected":false},"featured_media":24204,"comment_status":"open","ping_status":"closed","template":"","meta":{"_mo_disable_npp":""},"product_brand":[],"product_cat":[1058,1057],"product_tag":[1102,1103,1104,1105,1106],"class_list":{"0":"post-24538","1":"product","2":"type-product","3":"status-publish","4":"has-post-thumbnail","6":"product_cat-guitares","7":"product_cat-guitares-classique","8":"product_tag-bellido-guitars-granada-spain-fr","9":"product_tag-granada-luthier-fr","10":"product_tag-hand-made-spanish-guitars-from-spain-fr","11":"product_tag-jesus-bellido-alma-aurea-classical-guitar-fr","12":"product_tag-jesus-bellido-classical-guitars-fr","13":"sales-flash-overlay","14":"woocommerce-text-align-left","15":"woocommerce-image-align-center","16":"do-quantity-buttons","17":"wc-has-gallery","19":"first","20":"outofstock","21":"taxable","22":"shipping-taxable","23":"product-type-simple"},"_links":{"self":[{"href":"https:\/\/www.grandsalondeguitare.com\/fr\/wp-json\/wp\/v2\/product\/24538","targetHints":{"allow":["GET"]}}],"collection":[{"href":"https:\/\/www.grandsalondeguitare.com\/fr\/wp-json\/wp\/v2\/product"}],"about":[{"href":"https:\/\/www.grandsalondeguitare.com\/fr\/wp-json\/wp\/v2\/types\/product"}],"replies":[{"embeddable":true,"href":"https:\/\/www.grandsalondeguitare.com\/fr\/wp-json\/wp\/v2\/comments?post=24538"}],"wp:featuredmedia":[{"embeddable":true,"href":"https:\/\/www.grandsalondeguitare.com\/fr\/wp-json\/wp\/v2\/media\/24204"}],"wp:attachment":[{"href":"https:\/\/www.grandsalondeguitare.com\/fr\/wp-json\/wp\/v2\/media?parent=24538"}],"wp:term":[{"taxonomy":"product_brand","embeddable":true,"href":"https:\/\/www.grandsalondeguitare.com\/fr\/wp-json\/wp\/v2\/product_brand?post=24538"},{"taxonomy":"product_cat","embeddable":true,"href":"https:\/\/www.grandsalondeguitare.com\/fr\/wp-json\/wp\/v2\/product_cat?post=24538"},{"taxonomy":"product_tag","embeddable":true,"href":"https:\/\/www.grandsalondeguitare.com\/fr\/wp-json\/wp\/v2\/product_tag?post=24538"}],"curies":[{"name":"wp","href":"https:\/\/api.w.org\/{rel}","templated":true}]}}