{"id":24532,"date":"2021-08-17T16:35:05","date_gmt":"2021-08-17T21:35:05","guid":{"rendered":"https:\/\/www.grandsalondeguitare.com\/product\/a-283-woodside-screw-set\/"},"modified":"2022-03-28T15:40:15","modified_gmt":"2022-03-28T20:40:15","slug":"a-283-woodside-screw-set","status":"publish","type":"product","link":"https:\/\/www.grandsalondeguitare.com\/fr\/produit\/a-283-woodside-screw-set\/","title":{"rendered":"A-283, Vis \u00ab\u00a0Woodside\u00a0\u00bb"},"content":{"rendered":"<div class=\"element-background-layer element-border-target design-element-background-layer has-rich-content user-selectable-element clickable-element has-rich-content has-text\" data-element-id=\"id1612761584219\">\n<div data-element-id=\"id1612761584219\">\n<p>Nouvelle vis pour la colonne de support<\/p>\n<p>3mm avec t\u00eate molet\u00e9e<\/p>\n<p>Mise \u00e0 jour ou remplacement de la vis papillon pr\u00e9c\u00e9demment utilis\u00e9e<\/p>\n<p>Tout m\u00e9tal (Aluminium &amp; acier)<\/p>\n<p>Une pi\u00e8ce beaucoup plus \u00e9l\u00e9gante qui fonctionne \u00e0 merveille et qui durera s\u00fbrement longtemps<\/p>\n<p>&nbsp;<\/p>\n<\/div>\n<\/div>\n","protected":false},"excerpt":{"rendered":"<p>Nouvelle vis pour la colonne de support 3mm avec t\u00eate molet\u00e9e Mise \u00e0 jour ou remplacement de la vis papillon pr\u00e9c\u00e9demment utilis\u00e9e Tout m\u00e9tal (Aluminium &amp; acier) Une pi\u00e8ce beaucoup plus \u00e9l\u00e9gante qui fonctionne \u00e0 merveille et qui durera s\u00fbrement longtemps &nbsp;<\/p>\n","protected":false},"featured_media":21384,"comment_status":"open","ping_status":"closed","template":"","meta":{"_mo_disable_npp":""},"product_brand":[],"product_cat":[1052,1069],"product_tag":[1073,1080],"class_list":{"0":"post-24532","1":"product","2":"type-product","3":"status-publish","4":"has-post-thumbnail","6":"product_cat-accessoires","7":"product_cat-supports-pour-guitare","8":"product_tag-woodside-guitar-supports-fr","9":"product_tag-woodside-thumb-screw-update-fr","10":"sales-flash-overlay","11":"woocommerce-text-align-left","12":"woocommerce-image-align-center","13":"do-quantity-buttons","14":"wc-has-gallery","16":"first","17":"instock","18":"taxable","19":"shipping-taxable","20":"purchasable","21":"product-type-simple"},"_links":{"self":[{"href":"https:\/\/www.grandsalondeguitare.com\/fr\/wp-json\/wp\/v2\/product\/24532","targetHints":{"allow":["GET"]}}],"collection":[{"href":"https:\/\/www.grandsalondeguitare.com\/fr\/wp-json\/wp\/v2\/product"}],"about":[{"href":"https:\/\/www.grandsalondeguitare.com\/fr\/wp-json\/wp\/v2\/types\/product"}],"replies":[{"embeddable":true,"href":"https:\/\/www.grandsalondeguitare.com\/fr\/wp-json\/wp\/v2\/comments?post=24532"}],"wp:featuredmedia":[{"embeddable":true,"href":"https:\/\/www.grandsalondeguitare.com\/fr\/wp-json\/wp\/v2\/media\/21384"}],"wp:attachment":[{"href":"https:\/\/www.grandsalondeguitare.com\/fr\/wp-json\/wp\/v2\/media?parent=24532"}],"wp:term":[{"taxonomy":"product_brand","embeddable":true,"href":"https:\/\/www.grandsalondeguitare.com\/fr\/wp-json\/wp\/v2\/product_brand?post=24532"},{"taxonomy":"product_cat","embeddable":true,"href":"https:\/\/www.grandsalondeguitare.com\/fr\/wp-json\/wp\/v2\/product_cat?post=24532"},{"taxonomy":"product_tag","embeddable":true,"href":"https:\/\/www.grandsalondeguitare.com\/fr\/wp-json\/wp\/v2\/product_tag?post=24532"}],"curies":[{"name":"wp","href":"https:\/\/api.w.org\/{rel}","templated":true}]}}