{"id":24530,"date":"2021-06-08T12:14:27","date_gmt":"2021-06-08T17:14:27","guid":{"rendered":"https:\/\/www.grandsalondeguitare.com\/product\/a-248-woodside-hlk-1-lift-kit\/"},"modified":"2022-03-28T15:29:56","modified_gmt":"2022-03-28T20:29:56","slug":"a-248-woodside-hlk-1-lift-kit","status":"publish","type":"product","link":"https:\/\/www.grandsalondeguitare.com\/fr\/produit\/a-248-woodside-hlk-1-lift-kit\/","title":{"rendered":"A-248, Lift Kit HLK-2 \u00ab\u00a0Woodside\u00a0\u00bb"},"content":{"rendered":"<div class=\"element-background-layer element-border-target design-element-background-layer has-rich-content user-selectable-element clickable-element has-rich-content has-text\" data-element-id=\"id1612761584219\">\n<div data-element-id=\"id1612761584219\">\n<p>Lift Kit\u00a0HLK-2 \u00a0pour support de guitare Woodside\u00a0<\/p>\n<p>Pour les joueurs d\u00e9sirant une portance suppl\u00e9mentaire entre le support de jambe et le berceau, le kit de levage HLK-2 offrira jusqu&rsquo;\u00e0 21 cm de portance.<\/p>\n<p>Comprend\u00a0:<\/p>\n<p>A-\u00a0Collar Extender &#8211; remplacez facilement le collier d&rsquo;origine pour environ 5\u00a0cm de levage suppl\u00e9mentaire<\/p>\n<p>B- Tige d&rsquo;extension Hi-Lift &#8211; remplacez la tige d&rsquo;extension d&rsquo;origine<\/p>\n<\/div>\n<\/div>\n<p>&nbsp;<\/p>\n<div id=\"erdyt-6a007c386a983\" data-id=\"b2ORYrdJVIs\" class=\"erd-youtube-responsive\" style=\"display:block;position:relative;clear:both;width:100%;max-width:800px;margin-left:auto;margin-right:auto;\"><div style=\"padding-bottom:56.25%;\"><div class=\"erd-ytplay\" id=\"erdytp-b2ORYrdJVIs-6a007c386a983\" data-vid=\"b2ORYrdJVIs\"   data-src=\"https:\/\/www.youtube.com\/embed\/b2ORYrdJVIs?loop=1&#038;autoplay=1&#038;rel=0\" data-allowfullscreen=\"true\"><img decoding=\"async\" src=\"https:\/\/i.ytimg.com\/vi\/b2ORYrdJVIs\/hqdefault.jpg\" alt=\"YouTube Video\" \/><\/div><\/div><\/div>\n","protected":false},"excerpt":{"rendered":"<p>Nouveau et mis \u00e0 jour,<\/p>\n<p>Lift Kit HLK-2 pour support Woodside\u00a0<\/p>\n<p><span class=\"tojvnm2t a6sixzi8 abs2jz4q a8s20v7p t1p8iaqh k5wvi7nf q3lfd5jv pk4s997a bipmatt0 cebpdrjk qowsmv63 owwhemhu dp1hu0rb dhp61c6y iyyx5f41\">[youtube v=mLOYZTcDW3E maxwidth=\"800px\"]<\/span><\/p>\n[youtube v=\"7ggxYwHHJK4\" maxwidth=\"800px\"]\n","protected":false},"featured_media":21371,"comment_status":"open","ping_status":"closed","template":"","meta":{"_mo_disable_npp":""},"product_brand":[],"product_cat":[1052,1069],"product_tag":[1077,1078],"class_list":{"0":"post-24530","1":"product","2":"type-product","3":"status-publish","4":"has-post-thumbnail","6":"product_cat-accessoires","7":"product_cat-supports-pour-guitare","8":"product_tag-new-hlk-2-lift-kit-fr","9":"product_tag-woodside-hlk-2-lift-kit-fr","10":"sales-flash-overlay","11":"woocommerce-text-align-left","12":"woocommerce-image-align-center","13":"do-quantity-buttons","14":"wc-has-gallery","16":"first","17":"instock","18":"taxable","19":"shipping-taxable","20":"purchasable","21":"product-type-simple"},"_links":{"self":[{"href":"https:\/\/www.grandsalondeguitare.com\/fr\/wp-json\/wp\/v2\/product\/24530","targetHints":{"allow":["GET"]}}],"collection":[{"href":"https:\/\/www.grandsalondeguitare.com\/fr\/wp-json\/wp\/v2\/product"}],"about":[{"href":"https:\/\/www.grandsalondeguitare.com\/fr\/wp-json\/wp\/v2\/types\/product"}],"replies":[{"embeddable":true,"href":"https:\/\/www.grandsalondeguitare.com\/fr\/wp-json\/wp\/v2\/comments?post=24530"}],"wp:featuredmedia":[{"embeddable":true,"href":"https:\/\/www.grandsalondeguitare.com\/fr\/wp-json\/wp\/v2\/media\/21371"}],"wp:attachment":[{"href":"https:\/\/www.grandsalondeguitare.com\/fr\/wp-json\/wp\/v2\/media?parent=24530"}],"wp:term":[{"taxonomy":"product_brand","embeddable":true,"href":"https:\/\/www.grandsalondeguitare.com\/fr\/wp-json\/wp\/v2\/product_brand?post=24530"},{"taxonomy":"product_cat","embeddable":true,"href":"https:\/\/www.grandsalondeguitare.com\/fr\/wp-json\/wp\/v2\/product_cat?post=24530"},{"taxonomy":"product_tag","embeddable":true,"href":"https:\/\/www.grandsalondeguitare.com\/fr\/wp-json\/wp\/v2\/product_tag?post=24530"}],"curies":[{"name":"wp","href":"https:\/\/api.w.org\/{rel}","templated":true}]}}