{"id":50865,"date":"2021-01-26T20:06:48","date_gmt":"2021-01-27T01:06:48","guid":{"rendered":"https:\/\/grandsalondeguitare.websitedevelopmentserver.com\/about-us\/"},"modified":"2024-06-04T19:15:23","modified_gmt":"2024-06-05T00:15:23","slug":"a-propos","status":"publish","type":"page","link":"https:\/\/www.grandsalondeguitare.com\/fr\/a-propos\/","title":{"rendered":"\u00c0 propos"},"content":{"rendered":"<div class=\"gb-container gb-container-cbcd585a\">\n\n<h1 class=\"gb-headline gb-headline-a9658ea4 gb-headline-text\"><strong>PASS<\/strong><br>ION<\/h1>\n\n\n<div class=\"gb-container gb-container-ff832609\">\n<div class=\"gb-grid-wrapper gb-grid-wrapper-2e97bd90\">\n<div class=\"gb-grid-column gb-grid-column-f1aaed1b\"><div class=\"gb-container gb-container-f1aaed1b\"><div class=\"gb-inside-container\">\n\n<h2 class=\"gb-headline gb-headline-6c4ed4f9 gb-headline-text\"><strong><em><strong>Grand Salon de Guitare GJNC Inc.<\/strong><\/em><\/strong><\/h2>\n\n\n\n<p>En tant que guitariste et musicien dans l\u2019\u00e2me, ma passion et mon amour pour l\u2019instrument m\u2019ont amen\u00e9 \u00e0 cr\u00e9er une op\u00e9ration canadienne unique en son genre en 2007. Situ\u00e9 dans la belle ville de Montr\u00e9al, le Grand Salon de Guitare repr\u00e9sente l\u2019une des meilleures collections de guitares classiques et flamenco, enti\u00e8rement fabriqu\u00e9es \u00e0 la main en quantit\u00e9s limit\u00e9es, par des luthiers remarquables et de renomm\u00e9e internationale \u2026 Nous avons de nombreuses guitares en commande, re\u00e7ues annuellement de luthiers du monde entier et de nombreuses autres en stock, dont certaines ne sont pas encore r\u00e9pertori\u00e9es sur notre site Web\u2026<\/p>\n\n\n\n<p>Nous vous invitons \u00e0 parcourir notre site Web et \u00e0 prendre connaissance de la grande collection que nous proposons. Vous remarquerez que ces instruments sont con\u00e7us pour durer en termes de qualit\u00e9 et d\u2019investissement.<\/p>\n\n<\/div><\/div><\/div>\n<\/div>\n\n<div class=\"gb-grid-wrapper gb-grid-wrapper-3820417b\">\n<div class=\"gb-grid-column gb-grid-column-914f3dac\"><div class=\"gb-container gb-container-914f3dac\"><div class=\"gb-inside-container\">\n\n<h2 class=\"gb-headline gb-headline-9e8317cf gb-headline-text\"><strong>Ventes, achats, \u00e9changes et consignation<\/strong><\/h2>\n\n\n\n<p>Si vous recherchez une guitare sp\u00e9cifique, pr\u00e9voyez un \u00e9change ou envisagez la vente de votre guitare actuelle, nous serions int\u00e9ress\u00e9s \u00e0 travailler avec vous.<\/p>\n\n\n\n<p>Nous avons trois options pour vous accommoder:<\/p>\n\n\n\n<h3 class=\"gb-headline gb-headline-487dd27d gb-headline-text\">I) Vente pure et simple:<\/h3>\n\n\n\n<p>Nous pouvons simplement vous proposer d\u2019acheter votre guitare. Ce serait le moyen le plus rapide de recevoir le paiement de votre instrument.<\/p>\n\n\n\n<h3 class=\"gb-headline gb-headline-19648ee1 gb-headline-text\">II) Vente en consignation:<\/h3>\n\n\n\n<p>Nous serions d\u2019accord sur un prix de versement fixe \u00e0 l\u2019avance, puis listerons la guitare sur notre site. Le paiement final vous serait vers\u00e9 30 jours apr\u00e8s la vente de votre guitare.<\/p>\n\n\n\n<h3 class=\"gb-headline gb-headline-a45deb96 gb-headline-text\">III) \u00c9change:<\/h3>\n\n\n\n<p>Si vous souhaitez utiliser votre guitare actuelle pour acheter un autre instrument chez nous, nous serions plus qu\u2019heureux de discuter d\u2019une valeur d\u2019\u00e9change.<\/p>\n\n<\/div><\/div><\/div>\n<\/div>\n\n<div class=\"gb-grid-wrapper gb-grid-wrapper-ab280712\">\n<div class=\"gb-grid-column gb-grid-column-2e4d345e\"><div class=\"gb-container gb-container-2e4d345e\"><div class=\"gb-inside-container\">\n\n<h2 class=\"gb-headline gb-headline-1406722c gb-headline-text\"><strong><strong>Restauration et expertises<\/strong><\/strong><\/h2>\n\n\n\n<p>Si vous avez une guitare \u00e0 faire r\u00e9parer ou \u00e0 restaurer, soyez assur\u00e9 que nous avons soigneusement s\u00e9lectionn\u00e9 deux des meilleurs luthiers de Montr\u00e9al avec qui travailler qui sauront r\u00e9pondre \u00e0 vos besoins et \u00e0 vous offrir le meilleur service. Les \u00e9valuations sont disponibles sur demande.<\/p>\n\n\n\n<p><strong><em>Veuillez noter que tous les prix sur le site sont en dollars canadiens, contactez-moi directement pour les taux de change et \/ ou les frais d\u2019exp\u00e9dition.<\/em><\/strong><\/p>\n\n<\/div><\/div><\/div>\n<\/div>\n\n<div class=\"gb-grid-wrapper gb-grid-wrapper-39079eef\">\n<div class=\"gb-grid-column gb-grid-column-c9cc06a5\"><div class=\"gb-container gb-container-c9cc06a5\"><div class=\"gb-inside-container\">\n\n<h3 class=\"gb-headline gb-headline-8afa21b3 gb-headline-text\"><strong>Pr\u00e9c\u00e9demment disponible au Grand Salond de Guitare:<\/strong><\/h3>\n\n\n\n<p class=\"gb-headline gb-headline-66490af4 gb-headline-text\">Thomas Humphrey \u201dmillenium model\u201d (U.S.A.), Olivier Fanton D\u2019Andon (France), Matthias Dammann (Germany), Carsten Kobs (Germany), Fernando Mazza (Argentina), Zbigniew Gnatek (Australia), Thomas Fredholm (Sweden), Masaki Sakurai (Japan), Daniel Lesueur (France), Mariano Tezanos Perez (Spain), Martin G. Woodhouse (England), Pete Beer (Somerset UK), Richard Prenkert (U.S.A.), Juan Hernandez (Spain), Stephan Connor (U.S.A.), Dake N-Traphagen (U.S.A), Daniel Caro Leonardo (Mexico), Daryl Perry (Canada), D. Julian Gomez Ramirez (France), Petr Matousek (Czech Republic), Manuel Contreras Sr (Spain), Henner Hagenlocher (Granada), Robert S. Ruck (U.S.A.), Oscar Graf (Canada), Victor Bedikian \u201cBouchet\u201d (France), Kolya Panhuysen (Germany), Kenneth R. Hill (U.S.A.), John Price (Australia), Masafumi Nobe (Japan), Otto Vowinkel (Amsterdam), Ramirez (Spain), Lester Devoe (U.S.A.), Mariano Conde (Spain), Felipe Conde (Spain), Carillo \u201cPaco de Lucia\u201d (Spain), Salvadore Castillo (Mexico), Miguel Angel Lopez (Spain), Peter Allan Sawchyn \u201cHauser model\u201d (Canada), Fritz Mueller (Canada), Roberto Gomez (Brazil), Sergio Abreu (Brazil), Vicente Carillo (Spain), Jean Rompre (Canada), Gregory Stuart Byers (U.S.A.), Ignacio Fleta (Spain), Boaz Elkayam (Israel), Bastien Burlot (France), Claude Guibord (Canada), Jason Wolverton (U.S.A.), Stephen Kakos (U.S.A.), Juan Carlos Soto (Costa-Rica) Paulino Bernabe Sr. (Spain), Bernd Holzgrober &nbsp;Sr.(Austria), Ariel Ameijenda (Uruguay), Dieter Hopf (Germany), Conde Hermanos (Spain), Rene Wilhelmy (Canada), Sergei De Jonge (Canada), Kohno (Japan), Alejandro Cervantes (U.S.A.), Douglass Scott (Canada), Jeroen Hilhorst (Amsterdam), Constantin Dumitriu (Romania), Manuel Rodriguez (Spain), Dieter Hopf (Germany), Mengual &amp; Margarit (Spain), Dieter Fischer (Hofner-Germany), Greg Smallman (Australia), Daniel Friederich (France), Antonio Marin Montero (Granada Spain)\u2026<\/p>\n\n<\/div><\/div><\/div>\n<\/div>\n\n\n<div style=\"height:50px\" aria-hidden=\"true\" class=\"wp-block-spacer\"><\/div>\n\n\n\n<h3 class=\"gb-headline gb-headline-06213e50 gb-headline-text\">Merci d&rsquo;avoir visit\u00e9 le Grand Salon de Guitare!<\/h3>\n\n<\/div>\n<\/div>\n\n<div class=\"gb-container gb-container-83c613f6\">\n<div class=\"gb-container gb-container-6853c91f\">\n\n<h2 class=\"gb-headline gb-headline-22a2d754 gb-headline-text\">T\u00e9moignages de nos clients<\/h2>\n\n\n\n<p class=\"gb-headline gb-headline-765dd33c gb-headline-text\">D\u00e9couvrez ce que nos pr\u00e9cieux clients ont \u00e0 dire de leur exp\u00e9rience avec nos guitares. Leurs t\u00e9moignages refl\u00e8tent l\u2019impact transformateur qu\u2019elles ont eu sur leurs vies et comment elles ont d\u00e9pass\u00e9 leurs attentes musicales.<\/p>\n\n\n\n<div class=\"wp-block-buttons is-content-justification-right is-layout-flex wp-container-core-buttons-is-layout-765c4724 wp-block-buttons-is-layout-flex\">\n<div class=\"wp-block-button has-custom-font-size is-style-fill has-small-font-size\"><a class=\"wp-block-button__link\" href=\"https:\/\/www.google.com\/search?q=Grand+Salon+De+Guitare&amp;sca_esv=556156680&amp;rlz=1C5CHFA_enCA997CA997&amp;sxsrf=AB5stBiu03rgQtdDhjQgtawTMByQEPEcvw%3A1691805215385&amp;ei=H-bWZJ6XF97cptQP2pmE4Ac&amp;ved=0ahUKEwjeopHHgdaAAxVerokEHdoMAXwQ4dUDCA8&amp;uact=5&amp;oq=Grand+Salon+De+Guitare&amp;gs_lp=Egxnd3Mtd2l6LXNlcnAiFkdyYW5kIFNhbG9uIERlIEd1aXRhcmUyBxAjGIoFGCcyERAuGIAEGMcBGK8BGKYDGKgDMgYQABgWGB4yAhAmMiAQLhiABBjHARivARimAxioAxiXBRjcBBjeBBjgBNgBAUjQEVD6A1j6A3ADeAGQAQCYAWOgAWOqAQExuAEDyAEA-AEC-AEBwgIKEAAYRxjWBBiwA-IDBBgAIEGIBgGQBgi6BgYIARABGBQ&amp;sclient=gws-wiz-serp#lrd=0x4cc918b01e88242d:0xc4ffede6c259cf61,1,,,,\" style=\"border-radius:5px\" target=\"_blank\" rel=\"noreferrer noopener\"><strong>VOIR LES T\u00c9MOIGNAGES GOOGLE<\/strong><\/a><\/div>\n<\/div>\n\n<\/div>\n<\/div>","protected":false},"excerpt":{"rendered":"<p>PASSION Merci d&rsquo;avoir visit\u00e9 le Grand Salon de Guitare!<\/p>\n","protected":false},"author":410,"featured_media":0,"parent":0,"menu_order":2,"comment_status":"closed","ping_status":"closed","template":"","meta":{"_mo_disable_npp":"","footnotes":""},"class_list":["post-50865","page","type-page","status-publish"],"_links":{"self":[{"href":"https:\/\/www.grandsalondeguitare.com\/fr\/wp-json\/wp\/v2\/pages\/50865","targetHints":{"allow":["GET"]}}],"collection":[{"href":"https:\/\/www.grandsalondeguitare.com\/fr\/wp-json\/wp\/v2\/pages"}],"about":[{"href":"https:\/\/www.grandsalondeguitare.com\/fr\/wp-json\/wp\/v2\/types\/page"}],"author":[{"embeddable":true,"href":"https:\/\/www.grandsalondeguitare.com\/fr\/wp-json\/wp\/v2\/users\/410"}],"replies":[{"embeddable":true,"href":"https:\/\/www.grandsalondeguitare.com\/fr\/wp-json\/wp\/v2\/comments?post=50865"}],"version-history":[{"count":2,"href":"https:\/\/www.grandsalondeguitare.com\/fr\/wp-json\/wp\/v2\/pages\/50865\/revisions"}],"predecessor-version":[{"id":50967,"href":"https:\/\/www.grandsalondeguitare.com\/fr\/wp-json\/wp\/v2\/pages\/50865\/revisions\/50967"}],"wp:attachment":[{"href":"https:\/\/www.grandsalondeguitare.com\/fr\/wp-json\/wp\/v2\/media?parent=50865"}],"curies":[{"name":"wp","href":"https:\/\/api.w.org\/{rel}","templated":true}]}}