{"id":50862,"date":"2024-04-30T11:19:33","date_gmt":"2024-04-30T15:19:33","guid":{"rendered":"https:\/\/grandsalondeguitare.websitedevelopmentserver.com\/contact\/"},"modified":"2024-06-21T08:38:12","modified_gmt":"2024-06-21T13:38:12","slug":"nous-contacter","status":"publish","type":"page","link":"https:\/\/www.grandsalondeguitare.com\/fr\/nous-contacter\/","title":{"rendered":"Nous contacter"},"content":{"rendered":"<div class=\"gb-container gb-container-1060b96f\">\n\n<div class=\"wp-block-columns is-layout-flex wp-container-core-columns-is-layout-9d6595d7 wp-block-columns-is-layout-flex\">\n<div class=\"wp-block-column is-layout-flow wp-block-column-is-layout-flow\" style=\"flex-basis:66.66%\">\n<h2 class=\"gb-headline gb-headline-a2b5a2c4 gb-headline-text\"><strong>Laissez-nous un message<\/strong><\/h2>\n\n\n\n<p>Si vous \u00eates \u00e0 Montr\u00e9al mais que vous n&rsquo;avez pas pu vous enregistrer d&rsquo;abord, veuillez appeler et nous ferons de notre mieux pour vous accueillir.<\/p>\n\n\n\n<p>Contrairement \u00e0 d&rsquo;autres magasins de guitares typiques, nous aimerions que nos clients aient un service personnalis\u00e9 en toute intimit\u00e9, prennent le temps n\u00e9cessaire dans un environnement d\u00e9tendu sans distractions, pour s\u00e9lectionner ce bel instrument qui deviendra un compagnon de vie.<\/p>\n\n\n\n<p><em>Tous les prix sur le site Web sont en dollars canadiens<\/em>.<\/p>\n\n\n\n<h3 class=\"gb-headline gb-headline-f3bb1c32 gb-headline-text\"><strong>Veuillez noter<\/strong>:<\/h3>\n\n\n\n<p>Il n&rsquo;y a pas de taxes d&rsquo;\u00c9tat ni de droits de douane \u00e0 payer aux \u00c9tats-Unis, lorsque les guitares\/accessoires sont exp\u00e9di\u00e9s du Canada (accord ALENA).<\/p>\n\n\n\n<p>Nous battrons ou \u00e9galerons le prix de toute guitare comparable que vous trouverez ailleurs<\/p>\n\n\n\n<p>Merci!<\/p>\n\n\n<style id=\"wpforms-css-vars-50955\">\n\t\t\t\t#wpforms-50955 {\n\t\t\t\t\n\t\t\t}\n\t\t\t<\/style><div class=\"wpforms-container wpforms-container-full wpforms-render-modern\" id=\"wpforms-50955\"><form id=\"wpforms-form-50955\" class=\"wpforms-validate wpforms-form wpforms-ajax-form\" data-formid=\"50955\" method=\"post\" enctype=\"multipart\/form-data\" action=\"\/fr\/wp-json\/wp\/v2\/pages\/50862\" data-token=\"c1cc8da1d60349fd7972183fe84e098e\" data-token-time=\"1778411544\"><noscript class=\"wpforms-error-noscript\">Veuillez activer JavaScript dans votre navigateur pour remplir ce formulaire.<\/noscript><div id=\"wpforms-error-noscript\" style=\"display: none;\">Veuillez activer JavaScript dans votre navigateur pour remplir ce formulaire.<\/div><div class=\"wpforms-field-container\"><div id=\"wpforms-50955-field_0-container\" class=\"wpforms-field wpforms-field-name\" data-field-id=\"0\"><fieldset><legend class=\"wpforms-field-label\">Votre nom <span class=\"wpforms-required-label\" aria-hidden=\"true\">*<\/span><\/legend><div class=\"wpforms-field-row wpforms-field-large\"><div class=\"wpforms-field-row-block wpforms-first wpforms-one-half\"><input type=\"text\" id=\"wpforms-50955-field_0\" class=\"wpforms-field-name-first wpforms-field-required\" name=\"wpforms[fields][0][first]\" aria-errormessage=\"wpforms-50955-field_0-error\" required><label for=\"wpforms-50955-field_0\" class=\"wpforms-field-sublabel after\">Pr\u00e9nom<\/label><\/div><div class=\"wpforms-field-row-block wpforms-one-half\"><input type=\"text\" id=\"wpforms-50955-field_0-last\" class=\"wpforms-field-name-last wpforms-field-required\" name=\"wpforms[fields][0][last]\" aria-errormessage=\"wpforms-50955-field_0-last-error\" required><label for=\"wpforms-50955-field_0-last\" class=\"wpforms-field-sublabel after\">Nom<\/label><\/div><\/div><\/fieldset><\/div><div id=\"wpforms-50955-field_1-container\" class=\"wpforms-field wpforms-field-email\" data-field-id=\"1\"><fieldset><legend class=\"wpforms-field-label\">Adresse courriel <span class=\"wpforms-required-label\" aria-hidden=\"true\">*<\/span><\/legend><div class=\"wpforms-field-row wpforms-field-large\"><div class=\"wpforms-field-row-block wpforms-one-half wpforms-first\"><input type=\"email\" id=\"wpforms-50955-field_1\" class=\"wpforms-field-required wpforms-field-email-primary\" name=\"wpforms[fields][1][primary]\" spellcheck=\"false\" aria-errormessage=\"wpforms-50955-field_1-error\" required><label for=\"wpforms-50955-field_1\" class=\"wpforms-field-sublabel after\">E-mail<\/label><\/div><div class=\"wpforms-field-row-block wpforms-one-half\"><input type=\"email\" id=\"wpforms-50955-field_1-secondary\" class=\"wpforms-field-email-secondary wpforms-field-required\" data-rule-confirm=\"#wpforms-50955-field_1\" name=\"wpforms[fields][1][secondary]\" spellcheck=\"false\" aria-errormessage=\"wpforms-50955-field_1-secondary-error\" required><label for=\"wpforms-50955-field_1-secondary\" class=\"wpforms-field-sublabel after\">Confirmez l\u2019e-mail<\/label><\/div><\/div><\/fieldset><\/div><div id=\"wpforms-50955-field_3-container\" class=\"wpforms-field wpforms-field-text\" data-field-id=\"3\"><label class=\"wpforms-field-label\" for=\"wpforms-50955-field_3\">Sujet<\/label><input type=\"text\" id=\"wpforms-50955-field_3\" class=\"wpforms-field-large\" name=\"wpforms[fields][3]\" aria-errormessage=\"wpforms-50955-field_3-error\" ><\/div><div id=\"wpforms-50955-field_2-container\" class=\"wpforms-field wpforms-field-textarea\" data-field-id=\"2\"><label class=\"wpforms-field-label\" for=\"wpforms-50955-field_2\">Votre message <span class=\"wpforms-required-label\" aria-hidden=\"true\">*<\/span><\/label><textarea id=\"wpforms-50955-field_2\" class=\"wpforms-field-large wpforms-field-required\" name=\"wpforms[fields][2]\" aria-errormessage=\"wpforms-50955-field_2-error\" required><\/textarea><\/div><\/div><!-- .wpforms-field-container --><div class=\"wpforms-recaptcha-container wpforms-is-recaptcha wpforms-is-recaptcha-type-v3\" ><input type=\"hidden\" name=\"wpforms[recaptcha]\" value=\"\"><\/div><div class=\"wpforms-submit-container\" ><input type=\"hidden\" name=\"wpforms[id]\" value=\"50955\"><input type=\"hidden\" name=\"page_title\" value=\"\"><input type=\"hidden\" name=\"page_url\" value=\"https:\/\/www.grandsalondeguitare.com\/fr\/wp-json\/wp\/v2\/pages\/50862\"><input type=\"hidden\" name=\"url_referer\" value=\"\"><button type=\"submit\" name=\"wpforms[submit]\" id=\"wpforms-submit-50955\" class=\"wpforms-submit\" data-alt-text=\"Envoi en cours...\" data-submit-text=\"Envoyez\" aria-live=\"assertive\" value=\"wpforms-submit\">Envoyez<\/button><img loading=\"lazy\" decoding=\"async\" src=\"https:\/\/www.grandsalondeguitare.com\/wp-content\/plugins\/wpforms-lite\/assets\/images\/submit-spin.svg\" class=\"wpforms-submit-spinner\" style=\"display: none;\" width=\"26\" height=\"26\" alt=\"Chargement en cours\"><\/div><\/form><\/div>  <!-- .wpforms-container -->\n<\/div>\n\n\n\n<div class=\"wp-block-column is-layout-flow wp-block-column-is-layout-flow\" style=\"flex-basis:33.33%\">\n<h2 class=\"gb-headline gb-headline-ee969514 gb-headline-text\"><strong>Contactez-nous<\/strong><\/h2>\n\n\n\n<p>Notre salle d&rsquo;exposition est disponible de jour, de nuit ou de fin de semaine, sur appel ou sur rendez-vous.<\/p>\n\n\n\n<h3 class=\"gb-headline gb-headline-68d831bf gb-headline-text\"><strong>Grand Salon de Guitare<\/strong><\/h3>\n\n\n\n<p class=\"gb-headline gb-headline-bf8e162e\"><span class=\"gb-icon\"><svg aria-hidden=\"true\" role=\"img\" height=\"1em\" width=\"1em\" viewBox=\"0 0 512 512\" xmlns=\"http:\/\/www.w3.org\/2000\/svg\"><path fill=\"currentColor\" d=\"M493.4 24.6l-104-24c-11.3-2.6-22.9 3.3-27.5 13.9l-48 112c-4.2 9.8-1.4 21.3 6.9 28l60.6 49.6c-36 76.7-98.9 140.5-177.2 177.2l-49.6-60.6c-6.8-8.3-18.2-11.1-28-6.9l-112 48C3.9 366.5-2 378.1.6 389.4l24 104C27.1 504.2 36.7 512 48 512c256.1 0 464-207.5 464-464 0-11.2-7.7-20.9-18.6-23.4z\"><\/path><\/svg><\/span><span class=\"gb-headline-text\"><a href=\"tel:5149191889\" data-type=\"tel\" data-id=\"tel:5149191889\">(514) 919-1889<\/a><\/span><\/p>\n\n\n\n<p class=\"gb-headline gb-headline-b3e03b39\"><span class=\"gb-icon\"><svg aria-hidden=\"true\" role=\"img\" height=\"1em\" width=\"1em\" viewBox=\"0 0 512 512\" xmlns=\"http:\/\/www.w3.org\/2000\/svg\"><path fill=\"currentColor\" d=\"M464 64H48C21.49 64 0 85.49 0 112v288c0 26.51 21.49 48 48 48h416c26.51 0 48-21.49 48-48V112c0-26.51-21.49-48-48-48zm0 48v40.805c-22.422 18.259-58.168 46.651-134.587 106.49-16.841 13.247-50.201 45.072-73.413 44.701-23.208.375-56.579-31.459-73.413-44.701C106.18 199.465 70.425 171.067 48 152.805V112h416zM48 400V214.398c22.914 18.251 55.409 43.862 104.938 82.646 21.857 17.205 60.134 55.186 103.062 54.955 42.717.231 80.509-37.199 103.053-54.947 49.528-38.783 82.032-64.401 104.947-82.653V400H48z\"><\/path><\/svg><\/span><span class=\"gb-headline-text\"><a href=\"mailto:paul@grandsalondeguitare.com\">paul@grandsalondeguitare.com<\/a><\/span><\/p>\n\n\n\n<p class=\"gb-headline gb-headline-6be70c52\"><span class=\"gb-icon\"><svg aria-hidden=\"true\" role=\"img\" height=\"1em\" width=\"1em\" viewBox=\"0 0 384 512\" xmlns=\"http:\/\/www.w3.org\/2000\/svg\"><path fill=\"currentColor\" d=\"M172.268 501.67C26.97 291.031 0 269.413 0 192 0 85.961 85.961 0 192 0s192 85.961 192 192c0 77.413-26.97 99.031-172.268 309.67-9.535 13.774-29.93 13.773-39.464 0zM192 272c44.183 0 80-35.817 80-80s-35.817-80-80-80-80 35.817-80 80 35.817 80 80 80z\"><\/path><\/svg><\/span><span class=\"gb-headline-text\">1012, Boulevard Henri-Bourassa Est, Montr\u00e9al, Qu\u00e9bec, H2C 1G2<\/span><\/p>\n\n\n\n<p><em>(5 minutes de marche du m\u00e9tro Henri-Bourassa)<\/em><\/p>\n\n\n\n<iframe src=\"https:\/\/www.google.com\/maps\/embed?pb=!1m14!1m8!1m3!1d5587.053590464075!2d-73.665673!3d45.559844!3m2!1i1024!2i768!4f13.1!3m3!1m2!1s0x4cc918b01e88242d%3A0xc4ffede6c259cf61!2sGrand%20Salon%20De%20Guitare!5e0!3m2!1sen!2sca!4v1715902120665!5m2!1sen!2sca\" width=\"600\" height=\"450\" style=\"border:0;\" allowfullscreen=\"\" loading=\"lazy\" referrerpolicy=\"no-referrer-when-downgrade\"><\/iframe>\n<\/div>\n<\/div>\n\n<\/div>\n\n\n<p><\/p>\n","protected":false},"excerpt":{"rendered":"<p>Laissez-nous un message Si vous \u00eates \u00e0 Montr\u00e9al mais que vous n&rsquo;avez pas pu vous enregistrer d&rsquo;abord, veuillez appeler et nous ferons de notre mieux pour vous accueillir. Contrairement \u00e0 d&rsquo;autres magasins de guitares typiques, nous aimerions que nos clients aient un service personnalis\u00e9 en toute intimit\u00e9, prennent le temps n\u00e9cessaire dans un environnement d\u00e9tendu &#8230; <a title=\"Nous contacter\" class=\"read-more\" href=\"https:\/\/www.grandsalondeguitare.com\/fr\/nous-contacter\/\" aria-label=\"En savoir plus sur Nous contacter\">Lire la suite<\/a><\/p>\n","protected":false},"author":410,"featured_media":0,"parent":0,"menu_order":5,"comment_status":"closed","ping_status":"closed","template":"","meta":{"_mo_disable_npp":"","footnotes":""},"class_list":["post-50862","page","type-page","status-publish"],"_links":{"self":[{"href":"https:\/\/www.grandsalondeguitare.com\/fr\/wp-json\/wp\/v2\/pages\/50862","targetHints":{"allow":["GET"]}}],"collection":[{"href":"https:\/\/www.grandsalondeguitare.com\/fr\/wp-json\/wp\/v2\/pages"}],"about":[{"href":"https:\/\/www.grandsalondeguitare.com\/fr\/wp-json\/wp\/v2\/types\/page"}],"author":[{"embeddable":true,"href":"https:\/\/www.grandsalondeguitare.com\/fr\/wp-json\/wp\/v2\/users\/410"}],"replies":[{"embeddable":true,"href":"https:\/\/www.grandsalondeguitare.com\/fr\/wp-json\/wp\/v2\/comments?post=50862"}],"version-history":[{"count":3,"href":"https:\/\/www.grandsalondeguitare.com\/fr\/wp-json\/wp\/v2\/pages\/50862\/revisions"}],"predecessor-version":[{"id":51333,"href":"https:\/\/www.grandsalondeguitare.com\/fr\/wp-json\/wp\/v2\/pages\/50862\/revisions\/51333"}],"wp:attachment":[{"href":"https:\/\/www.grandsalondeguitare.com\/fr\/wp-json\/wp\/v2\/media?parent=50862"}],"curies":[{"name":"wp","href":"https:\/\/api.w.org\/{rel}","templated":true}]}}