{"id":31260,"date":"2023-09-06T12:32:44","date_gmt":"2023-09-06T17:32:44","guid":{"rendered":"https:\/\/www.grandsalondeguitare.com\/?page_id=31260"},"modified":"2024-06-04T16:58:50","modified_gmt":"2024-06-04T21:58:50","slug":"politique-de-confidentialite","status":"publish","type":"page","link":"https:\/\/www.grandsalondeguitare.com\/fr\/politique-de-confidentialite\/","title":{"rendered":"Politique de confidentialit\u00e9"},"content":{"rendered":"<p>Date d&rsquo;entr\u00e9e en vigueur: 2023-09-19<\/p>\n<p>Mise \u00e0 jour le: 2023-09-22<\/p>\n<p>Cette Politique de confidentialit\u00e9 explicite les politiques de Grand Salon de Guitare relatives \u00e0 la collecte et l&rsquo;utilisation des informations que nous recueillons lorsque vous acc\u00e9dez \u00e0 https:\/\/www.grandsalondeguitare.com\/ (le \u00abService\u00bb). Cette Politique de confidentialit\u00e9 d\u00e9crit vos droits en mati\u00e8re de confidentialit\u00e9 et la fa\u00e7on dont vous \u00eates prot\u00e9g\u00e9 par les lois sur la confidentialit\u00e9.<\/p>\n<p>En utilisant notre Service, vous consentez \u00e0 la collecte et \u00e0 l&rsquo;utilisation de vos informations conform\u00e9ment \u00e0 la pr\u00e9sente Politique de confidentialit\u00e9. Veuillez ne pas acc\u00e9der \u00e0 notre Service ou l&rsquo;utiliser si vous ne consentez pas \u00e0 la collecte et \u00e0 l&rsquo;utilisation de vos informations comme indiqu\u00e9 dans la pr\u00e9sente Politique de confidentialit\u00e9.<\/p>\n<p>Grand Salon de Guitare est autoris\u00e9 \u00e0 modifier cette Politique de confidentialit\u00e9 \u00e0 tout moment, y compris sans avis pr\u00e9alable.<\/p>\n<p>Grand Salon de Guitare publiera la Politique de confidentialit\u00e9 r\u00e9vis\u00e9e sur le site Web https:\/\/www.grandsalondeguitare.com\/.<\/p>\n<h3>Collecte et utilisation de vos informations personnelles<\/h3>\n<h4>Informations que nous collectons<\/h4>\n<p>Lorsque vous utilisez notre Service, vous serez invit\u00e9 \u00e0 nous fournir des informations personnelles utilis\u00e9es pour vous contacter ou vous identifier. https:\/\/www.grandsalondeguitare.com\/ collecte les informations suivantes:<\/p>\n<ul>\n<li>Donn\u00e9es d&rsquo;utilisation<\/li>\n<li>Nom<\/li>\n<li>E-mail<\/li>\n<\/ul>\n<p>Les donn\u00e9es d&rsquo;utilisation comprennent les \u00e9l\u00e9ments suivants:<\/p>\n<ul>\n<li>L&rsquo;adresse de protocole Internet (IP) des ordinateurs acc\u00e9dant au site<\/li>\n<li>Demandes de pages Web<\/li>\n<li>Pages Web de renvoi<\/li>\n<li>Navigateur utilis\u00e9 pour acc\u00e9der au site<\/li>\n<li>Date et heure d&rsquo;acc\u00e8s<\/li>\n<\/ul>\n<h4>Comment nous collectons les informations<\/h4>\n<p>https:\/\/www.grandsalondeguitare.com\/ collecte et re\u00e7oit des informations de votre part de la mani\u00e8re suivante:<\/p>\n<ul>\n<li>Lorsque vous remplissez un formulaire d&rsquo;inscription ou soumettez autrement vos informations personnelles.<\/li>\n<\/ul>\n<p>Vos informations seront stock\u00e9es jusqu&rsquo;\u00e0 30 jour(s) apr\u00e8s que vous ayez r\u00e9sili\u00e9 votre compte. Vos informations peuvent \u00eatre conserv\u00e9es pendant des p\u00e9riodes plus longues pour l&rsquo;\u00e9tablissement de rapports ou la tenue d&rsquo;archives, conform\u00e9ment aux lois applicables. Les informations qui ne permettent pas de vous identifier personnellement peuvent \u00eatre conserv\u00e9es ind\u00e9finiment.<\/p>\n<h4>Comment nous utilisons vos informations<\/h4>\n<p>https:\/\/www.grandsalondeguitare.com\/ peut utiliser vos informations aux fins suivantes:<\/p>\n<ul>\n<li><b>Fournir et maintenir notre Service,<\/b>\u00a0ainsi que surveiller l&rsquo;utilisation de notre Service.<\/li>\n<li><b>Autres fins.<\/b>\u00a0Grand Salon de Guitare utilisera vos informations pour l&rsquo;analyse des donn\u00e9es afin d&rsquo;identifier les tendances d&rsquo;utilisation ou de d\u00e9terminer l&rsquo;efficacit\u00e9 de nos campagnes de marketing lorsque cela est raisonnable. Nous utiliserons vos informations pour \u00e9valuer et am\u00e9liorer notre Service, nos produits, nos services et nos efforts de marketing.<\/li>\n<li><b>Vous contacter.<\/b>\u00a0Grand Salon de Guitare vous contactera par e-mail, t\u00e9l\u00e9phone, SMS ou toute autre forme de communication \u00e9lectronique relative aux fonctions, produits, services ou mises \u00e0 jour de s\u00e9curit\u00e9 lorsque cela est n\u00e9cessaire ou raisonnable.<\/li>\n<\/ul>\n<h4>Comment nous partageons vos informations<\/h4>\n<p>Grand Salon de Guitare partagera vos informations, le cas \u00e9ch\u00e9ant, dans les situations suivantes:<\/p>\n<ul>\n<li><b>Avec votre consentement.<\/b>\u00a0Grand Salon de Guitare partagera vos informations \u00e0 toute fin avec votre consentement explicite.<\/li>\n<\/ul>\n<h4>Partage avec des tiers<\/h4>\n<p>Vos informations peuvent \u00eatre divulgu\u00e9es pour d&rsquo;autres raisons, notamment:<\/p>\n<ul>\n<li>Se conformer aux lois, r\u00e8glements ou ordonnances judiciaires applicables.<\/li>\n<li>R\u00e9pondre aux r\u00e9clamations selon lesquelles votre utilisation de notre Service viole les droits de tiers.<\/li>\n<li>Faire respecter les accords que vous avez conclus avec nous, y compris la pr\u00e9sente Politique de confidentialit\u00e9.<\/li>\n<\/ul>\n<h4>Cookies<\/h4>\n<p>Les cookies sont de petits fichiers texte qui sont plac\u00e9s sur votre ordinateur par les sites Web que vous visitez. Les sites Web utilisent des cookies pour aider les utilisateurs \u00e0 naviguer efficacement et \u00e0 ex\u00e9cuter certaines fonctions. Les cookies qui sont n\u00e9cessaires au bon fonctionnement du site Web peuvent \u00eatre install\u00e9s sans votre autorisation. Tous les autres cookies doivent \u00eatre approuv\u00e9s avant de pouvoir \u00eatre install\u00e9s dans le navigateur.<\/p>\n<ul>\n<li><b>Cookies strictement n\u00e9cessaires.<\/b>\u00a0Les cookies strictement n\u00e9cessaires habilitent des fonctionnalit\u00e9s de base du site Web telles que la connexion des utilisateurs et la gestion des comptes. Le site Web ne peut pas \u00eatre utilis\u00e9 correctement sans les cookies strictement n\u00e9cessaires.<\/li>\n<li><b>Cookies de fonctionnalit\u00e9.<\/b>\u00a0Les cookies de fonctionnalit\u00e9 sont utilis\u00e9s pour m\u00e9moriser les informations des visiteurs sur le site Web, comme. la langue, le fuseau horaire, le contenu am\u00e9lior\u00e9.<\/li>\n<\/ul>\n<div class=\"cookie-report-container\">\n<p data-cookiereport=\"true\">Vous pouvez modifier votre consentement \u00e0 l&rsquo;utilisation des cookies ci-dessous.<\/p>\n<div>\n<h4 data-csr-i18n-text=\"[]\">Strictement n\u00e9cessaires<\/h4>\n<table class=\"_CookieScriptReportPageTable\">\n<thead>\n<tr>\n<th class=\"_CookieScriptReportPageTableTh\" scope=\"col\" data-csr-i18n-text=\"[]\">Nom<\/th>\n<th class=\"_CookieScriptReportPageTableTh\" scope=\"col\" data-csr-i18n-text=\"[]\">Fournisseur \/ Domaine<\/th>\n<th class=\"_CookieScriptReportPageTableTh\" scope=\"col\" data-csr-i18n-text=\"[]\">Expiration<\/th>\n<th class=\"_CookieScriptReportPageTableTh\" scope=\"col\" data-csr-i18n-text=\"[]\">Description<\/th>\n<\/tr>\n<\/thead>\n<tbody>\n<tr>\n<td class=\"_CookieScriptReportPageTableTd\">woocommerce_items_in_cart<\/td>\n<td class=\"_CookieScriptReportPageTableTd\">\n<div class=\"_CookieScriptReportVendorName\"><a href=\"https:\/\/automattic.com\/privacy\/\" target=\"_blank\" rel=\"nofollow noopener\">Automattic Inc.<\/a><\/div>\n<p>www.grandsalondeguitare.com<\/td>\n<td class=\"_CookieScriptReportPageTableTd\" data-csr-i18n-text=\"{&quot;fr&quot;:&quot;Session&quot;}\">Session<\/td>\n<td class=\"_CookieScriptReportPageTableTd\" data-csr-i18n-text=\"{&quot;fr&quot;:&quot;Aide WooCommerce \\u00e0 d\\u00e9terminer quand le contenu \\\/ les donn\\u00e9es du panier changent.&quot;}\">Aide WooCommerce \u00e0 d\u00e9terminer quand le contenu \/ les donn\u00e9es du panier changent.<\/td>\n<\/tr>\n<tr>\n<td class=\"_CookieScriptReportPageTableTd\">woocommerce_cart_hash<\/td>\n<td class=\"_CookieScriptReportPageTableTd\">\n<div class=\"_CookieScriptReportVendorName\"><a href=\"https:\/\/automattic.com\/privacy\/\" target=\"_blank\" rel=\"nofollow noopener\">Automattic Inc.<\/a><\/div>\n<p>www.grandsalondeguitare.com<\/td>\n<td class=\"_CookieScriptReportPageTableTd\" data-csr-i18n-text=\"{&quot;fr&quot;:&quot;Session&quot;}\">Session<\/td>\n<td class=\"_CookieScriptReportPageTableTd\" data-csr-i18n-text=\"{&quot;fr&quot;:&quot;Aide WooCommerce \\u00e0 d\\u00e9terminer quand le contenu \\\/ les donn\\u00e9es du panier changent.&quot;}\">Aide WooCommerce \u00e0 d\u00e9terminer quand le contenu \/ les donn\u00e9es du panier changent.<\/td>\n<\/tr>\n<tr>\n<td class=\"_CookieScriptReportPageTableTd\">CookieScriptConsent<\/td>\n<td class=\"_CookieScriptReportPageTableTd\">\n<div class=\"_CookieScriptReportVendorName\"><a href=\"https:\/\/cookie-script.com\/privacy-policy.html\" target=\"_blank\" rel=\"nofollow noopener\">CookieScript<\/a><\/div>\n<p>www.grandsalondeguitare.com<\/td>\n<td class=\"_CookieScriptReportPageTableTd\" data-csr-i18n-text=\"{&quot;fr&quot;:&quot;1 mois&quot;}\">1 mois<\/td>\n<td class=\"_CookieScriptReportPageTableTd\" data-csr-i18n-text=\"{&quot;fr&quot;:&quot;Ce cookie est utilis\\u00e9 par le service Cookie-Script.com pour m\\u00e9moriser les pr\\u00e9f\\u00e9rences de consentement des visiteurs en mati\\u00e8re de cookies. Il est n\\u00e9cessaire que la banni\\u00e8re de cookies Cookie-Script.com fonctionne correctement.&quot;}\">Ce cookie est utilis\u00e9 par le service Cookie-Script.com pour m\u00e9moriser les pr\u00e9f\u00e9rences de consentement des visiteurs en mati\u00e8re de cookies. Il est n\u00e9cessaire que la banni\u00e8re de cookies Cookie-Script.com fonctionne correctement.<\/td>\n<\/tr>\n<\/tbody>\n<\/table>\n<h4 data-csr-i18n-text=\"[]\">Ciblage<\/h4>\n<table class=\"_CookieScriptReportPageTable\">\n<thead>\n<tr>\n<th class=\"_CookieScriptReportPageTableTh\" scope=\"col\" data-csr-i18n-text=\"[]\">Nom<\/th>\n<th class=\"_CookieScriptReportPageTableTh\" scope=\"col\" data-csr-i18n-text=\"[]\">Fournisseur \/ Domaine<\/th>\n<th class=\"_CookieScriptReportPageTableTh\" scope=\"col\" data-csr-i18n-text=\"[]\">Expiration<\/th>\n<th class=\"_CookieScriptReportPageTableTh\" scope=\"col\" data-csr-i18n-text=\"[]\">Description<\/th>\n<\/tr>\n<\/thead>\n<tbody>\n<tr>\n<td class=\"_CookieScriptReportPageTableTd\">YSC<\/td>\n<td class=\"_CookieScriptReportPageTableTd\">\n<div class=\"_CookieScriptReportVendorName\"><a href=\"https:\/\/policies.google.com\/privacy\" target=\"_blank\" rel=\"nofollow noopener\">Google LLC<\/a><\/div>\n<p>.youtube.com<\/td>\n<td class=\"_CookieScriptReportPageTableTd\" data-csr-i18n-text=\"{&quot;fr&quot;:&quot;Session&quot;}\">Session<\/td>\n<td class=\"_CookieScriptReportPageTableTd\" data-csr-i18n-text=\"{&quot;fr&quot;:&quot;Ce cookie est d\\u00e9fini par YouTube pour suivre les vues des vid\\u00e9os int\\u00e9gr\\u00e9es.&quot;}\">Ce cookie est d\u00e9fini par YouTube pour suivre les vues des vid\u00e9os int\u00e9gr\u00e9es.<\/td>\n<\/tr>\n<tr>\n<td class=\"_CookieScriptReportPageTableTd\">VISITOR_INFO1_LIVE<\/td>\n<td class=\"_CookieScriptReportPageTableTd\">\n<div class=\"_CookieScriptReportVendorName\"><a href=\"https:\/\/policies.google.com\/privacy\" target=\"_blank\" rel=\"nofollow noopener\">Google LLC<\/a><\/div>\n<p>.youtube.com<\/td>\n<td class=\"_CookieScriptReportPageTableTd\" data-csr-i18n-text=\"{&quot;fr&quot;:&quot;6 mois&quot;}\">6 mois<\/td>\n<td class=\"_CookieScriptReportPageTableTd\" data-csr-i18n-text=\"{&quot;fr&quot;:&quot;Ce cookie est d\\u00e9fini par Youtube pour garder une trace des pr\\u00e9f\\u00e9rences de l&amp;#39;utilisateur pour les vid\\u00e9os Youtube int\\u00e9gr\\u00e9es dans les sites; il peut \\u00e9galement d\\u00e9terminer si le visiteur du site utilise la nouvelle ou l&amp;#39;ancienne version de l&amp;#39;interface Youtube.&quot;}\">Ce cookie est d\u00e9fini par Youtube pour garder une trace des pr\u00e9f\u00e9rences de l&rsquo;utilisateur pour les vid\u00e9os Youtube int\u00e9gr\u00e9es dans les sites; il peut \u00e9galement d\u00e9terminer si le visiteur du site utilise la nouvelle ou l&rsquo;ancienne version de l&rsquo;interface Youtube.<\/td>\n<\/tr>\n<\/tbody>\n<\/table>\n<h4 data-csr-i18n-text=\"[]\">Non classifi\u00e9s<\/h4>\n<table class=\"_CookieScriptReportPageTable\">\n<thead>\n<tr>\n<th class=\"_CookieScriptReportPageTableTh\" scope=\"col\" data-csr-i18n-text=\"[]\">Nom<\/th>\n<th class=\"_CookieScriptReportPageTableTh\" scope=\"col\" data-csr-i18n-text=\"[]\">Fournisseur \/ Domaine<\/th>\n<th class=\"_CookieScriptReportPageTableTh\" scope=\"col\" data-csr-i18n-text=\"[]\">Expiration<\/th>\n<th class=\"_CookieScriptReportPageTableTh\" scope=\"col\" data-csr-i18n-text=\"[]\">Description<\/th>\n<\/tr>\n<\/thead>\n<tbody>\n<tr>\n<td class=\"_CookieScriptReportPageTableTd\">mailchimp_landing_site<\/td>\n<td class=\"_CookieScriptReportPageTableTd\">www.grandsalondeguitare.com<\/td>\n<td class=\"_CookieScriptReportPageTableTd\" data-csr-i18n-text=\"{&quot;fr&quot;:&quot;28 jours&quot;}\">28 jours<\/td>\n<td class=\"_CookieScriptReportPageTableTd\" data-csr-i18n-text=\"{&quot;fr&quot;:null}\"><\/td>\n<\/tr>\n<tr>\n<td class=\"_CookieScriptReportPageTableTd\">wp_woocommerce_session_[abcdef0123456789]{32}<\/td>\n<td class=\"_CookieScriptReportPageTableTd\">www.grandsalondeguitare.com<\/td>\n<td class=\"_CookieScriptReportPageTableTd\" data-csr-i18n-text=\"{&quot;fr&quot;:&quot;2 jours&quot;}\">2 jours<\/td>\n<td class=\"_CookieScriptReportPageTableTd\" data-csr-i18n-text=\"{&quot;fr&quot;:null}\"><\/td>\n<\/tr>\n<\/tbody>\n<\/table>\n<\/div>\n<\/div>\n<h4>S\u00e9curit\u00e9<\/h4>\n<p>La s\u00e9curit\u00e9 de vos informations nous tient \u00e0 c\u0153ur. https:\/\/www.grandsalondeguitare.com\/ utilise une s\u00e9rie de mesures de s\u00e9curit\u00e9 pour emp\u00eacher l&rsquo;utilisation abusive, la perte ou l&rsquo;alt\u00e9ration des informations que vous nous avez fournies. Toutefois, comme nous ne pouvons pas garantir la s\u00e9curit\u00e9 des informations que vous nous fournissez, vous devez acc\u00e9der \u00e0 notre service \u00e0 vos propres risques.<\/p>\n<p>Grand Salon de Guitare n&rsquo;est pas responsable de la performance des sites Web exploit\u00e9s par des tiers ou de vos interactions avec eux. Lorsque vous quittez ce site Web, nous vous recommandons de passer en revue les pratiques de confidentialit\u00e9 des autres sites Web avec lesquels vous interagissez et de d\u00e9terminer si ces pratiques sont ad\u00e9quates.<\/p>\n<h4>Nous contacter<\/h4>\n<p>Pour toute question, veuillez nous contacter par les biais suivants:<\/p>\n<p>Nom: Grand Salon de Guitare<\/p>\n<p>Adresse: 1012, Boulevard Henri Bourassa East, Montreal, Qu\u00e9bec, H2C 1G2<\/p>\n<p>E-mail: paul@grandsalondeguitare.com<\/p>\n<p>Site Web: https:\/\/www.grandsalondeguitare.com\/<\/p>\n<p>T\u00e9l\u00e9phone: 514-919-1889<\/p>\n","protected":false},"excerpt":{"rendered":"<p>Date d&rsquo;entr\u00e9e en vigueur: 2023-09-19 Mise \u00e0 jour le: 2023-09-22 Cette Politique de confidentialit\u00e9 explicite les politiques de Grand Salon de Guitare relatives \u00e0 la collecte et l&rsquo;utilisation des informations que nous recueillons lorsque vous acc\u00e9dez \u00e0 https:\/\/www.grandsalondeguitare.com\/ (le \u00abService\u00bb). Cette Politique de confidentialit\u00e9 d\u00e9crit vos droits en mati\u00e8re de confidentialit\u00e9 et la fa\u00e7on dont &#8230; <a title=\"Politique de confidentialit\u00e9\" class=\"read-more\" href=\"https:\/\/www.grandsalondeguitare.com\/fr\/politique-de-confidentialite\/\" aria-label=\"En savoir plus sur Politique de confidentialit\u00e9\">Lire la suite<\/a><\/p>\n","protected":false},"author":201,"featured_media":0,"parent":0,"menu_order":9,"comment_status":"closed","ping_status":"closed","template":"","meta":{"_mo_disable_npp":"","footnotes":""},"class_list":["post-31260","page","type-page","status-publish"],"_links":{"self":[{"href":"https:\/\/www.grandsalondeguitare.com\/fr\/wp-json\/wp\/v2\/pages\/31260","targetHints":{"allow":["GET"]}}],"collection":[{"href":"https:\/\/www.grandsalondeguitare.com\/fr\/wp-json\/wp\/v2\/pages"}],"about":[{"href":"https:\/\/www.grandsalondeguitare.com\/fr\/wp-json\/wp\/v2\/types\/page"}],"author":[{"embeddable":true,"href":"https:\/\/www.grandsalondeguitare.com\/fr\/wp-json\/wp\/v2\/users\/201"}],"replies":[{"embeddable":true,"href":"https:\/\/www.grandsalondeguitare.com\/fr\/wp-json\/wp\/v2\/comments?post=31260"}],"version-history":[{"count":3,"href":"https:\/\/www.grandsalondeguitare.com\/fr\/wp-json\/wp\/v2\/pages\/31260\/revisions"}],"predecessor-version":[{"id":50945,"href":"https:\/\/www.grandsalondeguitare.com\/fr\/wp-json\/wp\/v2\/pages\/31260\/revisions\/50945"}],"wp:attachment":[{"href":"https:\/\/www.grandsalondeguitare.com\/fr\/wp-json\/wp\/v2\/media?parent=31260"}],"curies":[{"name":"wp","href":"https:\/\/api.w.org\/{rel}","templated":true}]}}